{"id":8322,"date":"2024-08-20T16:29:29","date_gmt":"2024-08-20T16:29:29","guid":{"rendered":"https:\/\/34.56.50.226?page_id=8322"},"modified":"2024-08-29T19:55:39","modified_gmt":"2024-08-29T19:55:39","slug":"resources-national","status":"publish","type":"page","link":"https:\/\/www.wicwc.com\/fr\/resources-national\/","title":{"rendered":"Ressources canadiennes"},"content":{"rendered":"<div class=\"vc_row wpb_row vc_row-fluid\">\n<div class=\"wpb_column vc_column_container vc_col-sm-12\">\n<div class=\"vc_column-inner\">\n<div class=\"wpb_wrapper\">\n<div class=\"wpb_text_column wpb_content_element \">\n<div class=\"wpb_wrapper\">\n<div class=\"vc_row wpb_row vc_row-fluid\">\n<div class=\"wpb_column vc_column_container vc_col-sm-12\">\n<div class=\"vc_column-inner\">\n<div class=\"wpb_wrapper\">\n<div class=\"wpb_text_column wpb_content_element \">\n<div class=\"wpb_wrapper\">\n<div class=\"fusion-layout-column fusion_builder_column fusion-builder-column-0 fusion_builder_column_3_4 3_4 fusion-three-fourth fusion-column-first\">\n<div class=\"fusion-column-wrapper fusion-flex-column-wrapper-legacy\">\n<p class=\"fusion-responsive-typography-calculated\" data-fontsize=\"16\" data-lineheight=\"24px\">Nous avons r\u00e9dig\u00e9 une liste de quelques ressources nationale et dans la collectivit\u00e9 sur le cancer en un seul endroit pratique pour vous aider \u00e0 trouver l\u2019information que vous cherchez.<\/p>\n<p class=\"fusion-responsive-typography-calculated\" data-fontsize=\"13\" data-lineheight=\"20.02px\">** Veuillez noter que le Centre de bien-\u00eatre de l\u2019Ouest-de-l\u2019\u00cele pour personnes atteintes de cancer n\u2019appuie pas et n\u2019est pas responsable de l\u2019exactitude ou de la fiabilit\u00e9 des opinions, avis, ou d\u00e9clarations faits par l\u2019une ou l\u2019autre de ces ressources.<\/p>\n<p class=\"fusion-clearfix\">\n<\/div>\n<\/div>\n<h2 class=\"fusion-responsive-typography-calculated\" data-fontsize=\"18\" data-lineheight=\"27px\">Ressources canadiennes<\/h2>\n<p><strong>\u00c0 noter : certains sites sont uniquement en anglais<\/strong><\/p>\n<\/div>\n<\/div>\n<\/div>\n<\/div>\n<\/div>\n<\/div>\n<div class=\"vc_row wpb_row vc_row-fluid\">\n<div class=\"wpb_column vc_column_container vc_col-sm-4\">\n<div class=\"vc_column-inner\">\n<div class=\"wpb_wrapper\">\n<div class=\"wpb_text_column wpb_content_element \">\n<div class=\"wpb_wrapper\">\n<p><a href=\"http:\/\/www.cancer.ca\/fr-ca\/?region=qc\" target=\"_blank\" rel=\"noopener\">Soci\u00e9t\u00e9 canadienne du cancer<\/a><br \/>\n<a href=\"http:\/\/www.rubanrose.org\/\" target=\"_blank\" rel=\"noopener\">Fondation cancer du sein du Qu\u00e9bec<\/a><br \/>\n<a href=\"http:\/\/www.pancreaticcancercanada.ca\/site\/PageServer?s_locale=fr_CA\" target=\"_blank\" rel=\"noopener\">Cancer du pancr\u00e9as canada<\/a><br \/>\n<a href=\"http:\/\/fr.infolympho.ca\/\" target=\"_blank\" rel=\"noopener\">Association qu\u00e9b\u00e9coise du Lymph\u0153d\u00e8me<\/a><br \/>\n<a href=\"http:\/\/www.braintumour.ca\/1325\/fr\" target=\"_blank\" rel=\"noopener\">La fondation canadienne des tumeurs c\u00e9r\u00e9brales<\/a><br \/>\n<a href=\"http:\/\/www.cancerdurein.ca\/\" target=\"_blank\" rel=\"noopener\">Association canadienne du cancer du rein<\/a><br \/>\n<a href=\"http:\/\/www.preventcancernow.ca\/\" target=\"_blank\" rel=\"noopener\">Prevent Cancer Now<\/a><br \/>\n<a href=\"http:\/\/www.prostatecancer.ca\/?lang=fr-FR\" target=\"_blank\" rel=\"noopener\">Cancer de la prostate canada<\/a><br \/>\n<a href=\"http:\/\/www.thyroidcancercanada.org\/index.php?lang=fr&amp;id=\" target=\"_blank\" rel=\"noopener\">Cancer de la thyro\u00efde Canada<\/a><br \/>\n<a href=\"http:\/\/www.leucan.qc.ca\/fr\/\" target=\"_blank\" rel=\"noopener\">Leucan<\/a><\/p>\n<\/div>\n<\/div>\n<\/div>\n<\/div>\n<\/div>\n<div class=\"wpb_column vc_column_container vc_col-sm-4\">\n<div class=\"vc_column-inner\">\n<div class=\"wpb_wrapper\">\n<div class=\"wpb_text_column wpb_content_element \">\n<div class=\"wpb_wrapper\">\n<p><a href=\"http:\/\/www.willow.org\/fr\/\" target=\"_blank\" rel=\"noopener\">Willow Soutien au cancer du sein Canada<\/a><br \/>\n<a href=\"http:\/\/www.youngadultcancer.ca\/\" target=\"_blank\" rel=\"noopener\">Young Adult Cancer Canada<\/a><br \/>\n<a href=\"http:\/\/www.cmfonline.org\/\" target=\"_blank\" rel=\"noopener\">Canadian Mesothelioma Foundation<\/a><br \/>\n<a href=\"http:\/\/cancerchatcanada.ca\/\" target=\"_blank\" rel=\"noopener\">Cancer Chat Canada<\/a><br \/>\n<a href=\"http:\/\/www.colorectal-cancer.ca\/fr\/\" target=\"_blank\" rel=\"noopener\">Association canadienne du cancer colorectal<\/a><br \/>\n<a href=\"http:\/\/www.lungcancercanada.ca\/default-fr.aspx\" target=\"_blank\" rel=\"noopener\">Cancer Pulmonaire Canada<\/a><br \/>\n<a href=\"http:\/\/ovairecanada.org\/page-d%E2%80%99accueil\" target=\"_blank\" rel=\"noopener\">Cancer de l\u2019ovaire Canada<\/a><br \/>\n<a href=\"http:\/\/www.bcsc.ca\/p\/178\/l\/148\/t\/Home-French\" target=\"_blank\" rel=\"noopener\">La soci\u00e9t\u00e9 du cancer du sein<\/a><br \/>\n<a href=\"https:\/\/cnetscanada.org\/\">Soci\u00e9t\u00e9 des Tumeurs Carcinoides-NeuroEndocrines du Canada<\/a><br \/>\n<a href=\"http:\/\/www.cancerview.ca\/cv\/portal\/Home?_adf.ctrl-state=1348743jd_4&amp;lang=fr&amp;&amp;_afrLoop=5191329984029000\" target=\"_blank\" rel=\"noopener\">Vue sur le cancer<\/a><\/p>\n<\/div>\n<\/div>\n<\/div>\n<\/div>\n<\/div>\n<div class=\"wpb_column vc_column_container vc_col-sm-4\">\n<div class=\"vc_column-inner\">\n<div class=\"wpb_wrapper\">\n<div class=\"wpb_text_column wpb_content_element \">\n<div class=\"wpb_wrapper\">\n<p><a href=\"http:\/\/coloncancercanada.ca\/\" target=\"_blank\" rel=\"noopener\">Colon Cancer Canada<\/a><br \/>\n<a href=\"http:\/\/www.curefoundation.com\/fr\/accueil\" target=\"_blank\" rel=\"noopener\">Fondation\u00a0Cure<\/a><br \/>\n<a href=\"http:\/\/www.myelomacanada.ca\/en\/whatcausesmyeloma.htm\" target=\"_blank\" rel=\"noopener\">My\u00e9lome Canada<\/a><br \/>\n<a href=\"https:\/\/www.melanomanetwork.ca\/\" target=\"_blank\" rel=\"noopener\">Melanoma Canada<\/a><br \/>\n<a href=\"https:\/\/bladdercancercanada.org\/fr\/\" target=\"_blank\" rel=\"noopener\">Cancer de la vessie\u00a0Canada<\/a><br \/>\n<a href=\"http:\/\/testicularcancercanada.ca\/\" target=\"_blank\" rel=\"noopener\">Testicular Cancer Canada<\/a><br \/>\n<a href=\"http:\/\/www.sllcanada.org\/\" target=\"_blank\" rel=\"noopener\">Soci\u00e9t\u00e9 de leuc\u00e9mie &amp; lymphome du Canada<\/a><br \/>\n<a href=\"https:\/\/mesothelioma.net\/pleural-mesothelioma\/\">Pleural Mesothelioma<\/a><br \/>\n<a href=\"http:\/\/www.phac-aspc.gc.ca\/cd-mc\/cancer\/cancer_col_uterin_sujet-cervical_cancer_about-fra.php\" target=\"_blank\" rel=\"noopener\">Cancer du col ut\u00e9rin<\/a><\/p>\n<\/div>\n<\/div>\n<\/div>\n<\/div>\n<\/div>\n<\/div>\n<\/div>\n<\/div>\n<\/div>\n<\/div>\n<\/div>\n<\/div>\n<div class=\"vc_row wpb_row vc_row-fluid\">\n<div class=\"wpb_column vc_column_container vc_col-sm-4\">\n<div class=\"vc_column-inner\">\n<div class=\"wpb_wrapper\">\n<div class=\"wpb_text_column wpb_content_element \">\n<div class=\"wpb_wrapper\"><\/div>\n<\/div>\n<\/div>\n<\/div>\n<\/div>\n<\/div>\n","protected":false},"excerpt":{"rendered":"<p>Nous avons r\u00e9dig\u00e9 une liste de quelques ressources nationale et dans la collectivit\u00e9 sur le cancer en un seul endroit pratique pour vous aider \u00e0 trouver l\u2019information que vous cherchez. ** Veuillez noter que le Centre de bien-\u00eatre de l\u2019Ouest-de-l\u2019\u00cele pour personnes atteintes de cancer n\u2019appuie pas et n\u2019est pas responsable de l\u2019exactitude ou de [&hellip;]<\/p>\n","protected":false},"author":1,"featured_media":0,"parent":0,"menu_order":0,"comment_status":"closed","ping_status":"closed","template":"","meta":{"inline_featured_image":false,"footnotes":""},"class_list":["post-8322","page","type-page","status-publish","hentry"],"_links":{"self":[{"href":"https:\/\/www.wicwc.com\/fr\/wp-json\/wp\/v2\/pages\/8322","targetHints":{"allow":["GET"]}}],"collection":[{"href":"https:\/\/www.wicwc.com\/fr\/wp-json\/wp\/v2\/pages"}],"about":[{"href":"https:\/\/www.wicwc.com\/fr\/wp-json\/wp\/v2\/types\/page"}],"author":[{"embeddable":true,"href":"https:\/\/www.wicwc.com\/fr\/wp-json\/wp\/v2\/users\/1"}],"replies":[{"embeddable":true,"href":"https:\/\/www.wicwc.com\/fr\/wp-json\/wp\/v2\/comments?post=8322"}],"version-history":[{"count":0,"href":"https:\/\/www.wicwc.com\/fr\/wp-json\/wp\/v2\/pages\/8322\/revisions"}],"wp:attachment":[{"href":"https:\/\/www.wicwc.com\/fr\/wp-json\/wp\/v2\/media?parent=8322"}],"curies":[{"name":"wp","href":"https:\/\/api.w.org\/{rel}","templated":true}]}}