{"id":8701,"date":"2024-05-13T09:55:28","date_gmt":"2024-05-13T09:55:28","guid":{"rendered":"https:\/\/34.56.50.226calendrier\/"},"modified":"2026-05-07T16:25:06","modified_gmt":"2026-05-07T16:25:06","slug":"calendrier","status":"publish","type":"page","link":"https:\/\/www.wicwc.com\/fr\/calendrier\/","title":{"rendered":"Calendrier"},"content":{"rendered":"\t\t<div data-elementor-type=\"wp-page\" data-elementor-id=\"8701\" class=\"elementor elementor-8701 elementor-4895\" data-elementor-post-type=\"page\">\n\t\t\t\t<div class=\"elementor-element elementor-element-8a98b59 e-flex e-con-boxed e-con e-parent\" data-id=\"8a98b59\" data-element_type=\"container\">\n\t\t\t\t\t<div class=\"e-con-inner\">\n\t\t\t\t<div class=\"elementor-element elementor-element-4c25582 elementor-widget elementor-widget-heading\" data-id=\"4c25582\" data-element_type=\"widget\" data-widget_type=\"heading.default\">\n\t\t\t\t\t<h2 class=\"elementor-heading-title elementor-size-default\">Calendrier mensuel<\/h2>\t\t\t\t<\/div>\n\t\t\t\t<div class=\"elementor-element elementor-element-1e3a249 elementor-widget elementor-widget-text-editor\" data-id=\"1e3a249\" data-element_type=\"widget\" data-widget_type=\"text-editor.default\">\n\t\t\t\t\t\t\t\t\t<p>Explorez le calendrier mensuel, votre guide complet de nos programmes et services. Plongez dans un \u00e9ventail de s\u00e9ances individuelles, d&rsquo;ateliers, de cours et de groupes con\u00e7us pour am\u00e9liorer votre bien-\u00eatre. <\/p>\n\t\t\t\t\t\t\t\t<\/div>\n\t\t\t\t\t<\/div>\n\t\t\t\t<\/div>\n\t\t<div class=\"elementor-element elementor-element-c866b1b e-flex e-con-boxed e-con e-parent\" data-id=\"c866b1b\" data-element_type=\"container\">\n\t\t\t\t\t<div class=\"e-con-inner\">\n\t\t\t\t<div class=\"elementor-element elementor-element-58a66fe elementor-widget elementor-widget-image\" data-id=\"58a66fe\" data-element_type=\"widget\" data-widget_type=\"image.default\">\n\t\t\t\t\t\t\t\t\t\t\t\t\t\t\t\t<a href=\"https:\/\/clients.mindbodyonline.com\/classic\/ws?studioid=38047&#038;stype=-106&#038;sView=day&#038;sLoc=0\">\n\t\t\t\t\t\t\t<img fetchpriority=\"high\" decoding=\"async\" width=\"400\" height=\"127\" src=\"https:\/\/www.wicwc.com\/wp-content\/uploads\/2024\/05\/Add-a-subheading.png\" class=\"attachment-large size-large wp-image-4952\" alt=\"\" srcset=\"https:\/\/www.wicwc.com\/wp-content\/uploads\/2024\/05\/Add-a-subheading.png 400w, https:\/\/www.wicwc.com\/wp-content\/uploads\/2024\/05\/Add-a-subheading-300x95.png 300w\" sizes=\"(max-width: 400px) 100vw, 400px\" \/>\t\t\t\t\t\t\t\t<\/a>\n\t\t\t\t\t\t\t\t\t\t\t\t\t\t\t<\/div>\n\t\t\t\t\t<\/div>\n\t\t\t\t<\/div>\n\t\t<div class=\"elementor-element elementor-element-9406f66 e-flex e-con-boxed e-con e-parent\" data-id=\"9406f66\" data-element_type=\"container\">\n\t\t\t\t\t<div class=\"e-con-inner\">\n\t\t\t\t<div class=\"elementor-element elementor-element-d8075a2 elementor-widget elementor-widget-heading\" data-id=\"d8075a2\" data-element_type=\"widget\" data-widget_type=\"heading.default\">\n\t\t\t\t\t<h2 class=\"elementor-heading-title elementor-size-default\">Demande d'inscription<\/h2>\t\t\t\t<\/div>\n\t\t\t\t<div class=\"elementor-element elementor-element-d5b8293 elementor-widget elementor-widget-text-editor\" data-id=\"d5b8293\" data-element_type=\"widget\" data-widget_type=\"text-editor.default\">\n\t\t\t\t\t\t\t\t\t<p style=\"text-align: center;\" align=\"center\"><strong>\u00a0Il suffit de remplir les formulaires Google ci-dessous.<\/strong><\/p>\n<p style=\"text-align: center;\">Il y a deux formulaires distincts : un pour les s\u00e9ances individuelles, et un pour les cours en groupe.<\/p>\n<p style=\"text-align: center;\" align=\"center\"><em>Tous les participants doivent utiliser ces liens pour s\u2019inscrire.<\/em><\/p>\n\t\t\t\t\t\t\t\t<\/div>\n\t\t<div class=\"elementor-element elementor-element-007339e e-grid e-con-boxed e-con e-child\" data-id=\"007339e\" data-element_type=\"container\">\n\t\t\t\t\t<div class=\"e-con-inner\">\n\t\t\t\t<div class=\"elementor-element elementor-element-8f034de elementor-widget elementor-widget-text-editor\" data-id=\"8f034de\" data-element_type=\"widget\" data-widget_type=\"text-editor.default\">\n\t\t\t\t\t\t\t\t\t<p data-start=\"680\" data-end=\"696\"><strong data-start=\"680\" data-end=\"694\">Mai:<\/strong><\/p><ul data-start=\"697\" data-end=\"772\"><li data-start=\"697\" data-end=\"737\"><p data-start=\"699\" data-end=\"737\"><a href=\"https:\/\/docs.google.com\/forms\/d\/e\/1FAIpQLSd4imrwsdnWEXsM-F3T2zrbnLPKkVwXabKl8HrriIyCArxnVQ\/viewform\" target=\"_blank\" rel=\"noopener\">S\u00e9ances individuelles \u2013 mai<\/a><\/p><\/li><li data-start=\"738\" data-end=\"772\"><p data-start=\"740\" data-end=\"772\"><a href=\"https:\/\/docs.google.com\/forms\/d\/e\/1FAIpQLSeniZ2MH5m_ThNv9zrXEowPwy2dnRfGWPFeeWHQYELadJ_6Dw\/viewform\" target=\"_blank\" rel=\"noopener\">Classes \u2013 mai<\/a><\/p><\/li><\/ul>\t\t\t\t\t\t\t\t<\/div>\n\t\t\t\t<div class=\"elementor-element elementor-element-bc33bbb elementor-widget elementor-widget-text-editor\" data-id=\"bc33bbb\" data-element_type=\"widget\" data-widget_type=\"text-editor.default\">\n\t\t\t\t\t\t\t\t\t<p data-start=\"680\" data-end=\"696\"><strong data-start=\"680\" data-end=\"694\">Juin:<\/strong><\/p><ul data-start=\"697\" data-end=\"772\"><li data-start=\"697\" data-end=\"737\"><p data-start=\"699\" data-end=\"737\"><a href=\"https:\/\/forms.gle\/pMQ5rbFMsBeqmrQ96\" target=\"_blank\" rel=\"noopener\">S\u00e9ances individuelles \u2013 juin<\/a><\/p><\/li><li data-start=\"738\" data-end=\"772\"><p data-start=\"740\" data-end=\"772\"><a href=\"https:\/\/forms.gle\/QrVy2ocqARK7t5ET8\" target=\"_blank\" rel=\"noopener\">Classes \u2013 juin<\/a><\/p><\/li><\/ul>\t\t\t\t\t\t\t\t<\/div>\n\t\t\t\t\t<\/div>\n\t\t\t\t<\/div>\n\t\t\t\t\t<\/div>\n\t\t\t\t<\/div>\n\t\t<div class=\"elementor-element elementor-element-21736a0 e-flex e-con-boxed e-con e-parent\" data-id=\"21736a0\" data-element_type=\"container\">\n\t\t\t\t\t<div class=\"e-con-inner\">\n\t\t\t\t<div class=\"elementor-element elementor-element-22f58a0 elementor-widget elementor-widget-video\" data-id=\"22f58a0\" data-element_type=\"widget\" data-settings=\"{&quot;youtube_url&quot;:&quot;https:\\\/\\\/www.youtube.com\\\/embed\\\/b_8urk2bo08?feature=oembed&amp;enablejsapi=1&amp;wmode=opaque&quot;,&quot;video_type&quot;:&quot;youtube&quot;,&quot;controls&quot;:&quot;yes&quot;}\" data-widget_type=\"video.default\">\n\t\t\t\t\t\t\t<div class=\"elementor-wrapper elementor-open-inline\">\n\t\t\t<div class=\"elementor-video\"><\/div>\t\t<\/div>\n\t\t\t\t\t\t<\/div>\n\t\t\t\t\t<\/div>\n\t\t\t\t<\/div>\n\t\t<div class=\"elementor-element elementor-element-c3efc92 e-flex e-con-boxed e-con e-parent\" data-id=\"c3efc92\" data-element_type=\"container\">\n\t\t\t\t\t<div class=\"e-con-inner\">\n\t\t\t\t<div class=\"elementor-element elementor-element-58f9c9a elementor-align-center elementor-widget elementor-widget-button\" data-id=\"58f9c9a\" data-element_type=\"widget\" data-widget_type=\"button.default\">\n\t\t\t\t\t\t\t\t\t\t<a class=\"elementor-button elementor-button-link elementor-size-sm\" href=\"https:\/\/www.wicwc.com\/fr\/classes\/\">\n\t\t\t\t\t\t<span class=\"elementor-button-content-wrapper\">\n\t\t\t\t\t\t\t\t\t<span class=\"elementor-button-text\">Voir nos cours<\/span>\n\t\t\t\t\t<\/span>\n\t\t\t\t\t<\/a>\n\t\t\t\t\t\t\t\t<\/div>\n\t\t\t\t\t<\/div>\n\t\t\t\t<\/div>\n\t\t<div class=\"elementor-element elementor-element-ffb323a e-flex e-con-boxed e-con e-parent\" data-id=\"ffb323a\" data-element_type=\"container\">\n\t\t\t\t\t<div class=\"e-con-inner\">\n\t\t\t\t\t<\/div>\n\t\t\t\t<\/div>\n\t\t\t\t<\/div>\n\t\t","protected":false},"excerpt":{"rendered":"<p>Calendrier mensuel Explorez le calendrier mensuel, votre guide complet de nos programmes et services. Plongez dans un \u00e9ventail de s\u00e9ances individuelles, d&rsquo;ateliers, de cours et de groupes con\u00e7us pour am\u00e9liorer votre bien-\u00eatre. Demande d&rsquo;inscription \u00a0Il suffit de remplir les formulaires Google ci-dessous. Il y a deux formulaires distincts : un pour les s\u00e9ances individuelles, et [&hellip;]<\/p>\n","protected":false},"author":1,"featured_media":0,"parent":0,"menu_order":0,"comment_status":"closed","ping_status":"closed","template":"elementor_header_footer","meta":{"inline_featured_image":false,"footnotes":""},"class_list":["post-8701","page","type-page","status-publish","hentry"],"_links":{"self":[{"href":"https:\/\/www.wicwc.com\/fr\/wp-json\/wp\/v2\/pages\/8701","targetHints":{"allow":["GET"]}}],"collection":[{"href":"https:\/\/www.wicwc.com\/fr\/wp-json\/wp\/v2\/pages"}],"about":[{"href":"https:\/\/www.wicwc.com\/fr\/wp-json\/wp\/v2\/types\/page"}],"author":[{"embeddable":true,"href":"https:\/\/www.wicwc.com\/fr\/wp-json\/wp\/v2\/users\/1"}],"replies":[{"embeddable":true,"href":"https:\/\/www.wicwc.com\/fr\/wp-json\/wp\/v2\/comments?post=8701"}],"version-history":[{"count":15,"href":"https:\/\/www.wicwc.com\/fr\/wp-json\/wp\/v2\/pages\/8701\/revisions"}],"predecessor-version":[{"id":10437,"href":"https:\/\/www.wicwc.com\/fr\/wp-json\/wp\/v2\/pages\/8701\/revisions\/10437"}],"wp:attachment":[{"href":"https:\/\/www.wicwc.com\/fr\/wp-json\/wp\/v2\/media?parent=8701"}],"curies":[{"name":"wp","href":"https:\/\/api.w.org\/{rel}","templated":true}]}}