{"id":8702,"date":"2024-04-11T11:21:45","date_gmt":"2024-04-11T11:21:45","guid":{"rendered":"https:\/\/34.56.50.226ressources-sur-le-cancer\/"},"modified":"2026-03-31T14:50:11","modified_gmt":"2026-03-31T14:50:11","slug":"ressources-sur-le-cancer","status":"publish","type":"page","link":"https:\/\/www.wicwc.com\/fr\/ressources-sur-le-cancer\/","title":{"rendered":"Ressources"},"content":{"rendered":"\t\t<div data-elementor-type=\"wp-page\" data-elementor-id=\"8702\" class=\"elementor elementor-8702 elementor-27\" data-elementor-post-type=\"page\">\n\t\t\t\t<div class=\"elementor-element elementor-element-7ebaac7 e-con-full e-flex e-con e-parent\" data-id=\"7ebaac7\" data-element_type=\"container\" data-settings=\"{&quot;background_background&quot;:&quot;classic&quot;}\">\n\t\t\t\t<div class=\"elementor-element elementor-element-380fb5b elementor-widget elementor-widget-heading\" data-id=\"380fb5b\" data-element_type=\"widget\" data-widget_type=\"heading.default\">\n\t\t\t\t\t<h2 class=\"elementor-heading-title elementor-size-default\">Ressources sur le cancer  <\/h2>\t\t\t\t<\/div>\n\t\t\t\t<div class=\"elementor-element elementor-element-fd1b8e6 elementor-widget elementor-widget-heading\" data-id=\"fd1b8e6\" data-element_type=\"widget\" data-widget_type=\"heading.default\">\n\t\t\t\t\t<h6 class=\"elementor-heading-title elementor-size-default\">Soutenir les personnes vivant avec le cancer <\/h6>\t\t\t\t<\/div>\n\t\t\t\t<\/div>\n\t\t<div class=\"elementor-element elementor-element-6ece589 e-flex e-con-boxed e-con e-parent\" data-id=\"6ece589\" data-element_type=\"container\">\n\t\t\t\t\t<div class=\"e-con-inner\">\n\t\t\t\t<div class=\"elementor-element elementor-element-eaa85c7 elementor-widget elementor-widget-text-editor\" data-id=\"eaa85c7\" data-element_type=\"widget\" data-widget_type=\"text-editor.default\">\n\t\t\t\t\t\t\t\t\t<p>L&rsquo;impact d&rsquo;un diagnostic de cancer va au-del\u00e0 de l&rsquo;individu, atteignant la vie des membres de sa famille, de ses amis et de ses proches. Sachant qu&rsquo;un Canadien sur deux est susceptible de d\u00e9velopper un cancer au cours de sa vie, la plupart d&rsquo;entre nous conna\u00eetront ou ont d\u00e9j\u00e0 connu une personne atteinte d&rsquo;un cancer. <\/p>\n<p>Pour vous aider, nous avons rassembl\u00e9 des listes de ressources pour les personnes directement ou indirectement touch\u00e9es.<br \/>\nBien qu&rsquo;elles ne soient pas exhaustives, ces ressources visent \u00e0 apporter un soutien.<br \/>\nPour plus d&rsquo;informations, veuillez nous contacter au (514) 695-9355.  <\/p>\n\t\t\t\t\t\t\t\t<\/div>\n\t\t\t\t\t<\/div>\n\t\t\t\t<\/div>\n\t\t<div class=\"elementor-element elementor-element-d1aa5e8 e-flex e-con-boxed e-con e-parent\" data-id=\"d1aa5e8\" data-element_type=\"container\">\n\t\t\t\t\t<div class=\"e-con-inner\">\n\t\t\t\t<div class=\"elementor-element elementor-element-02b7415 elementor-widget elementor-widget-heading\" data-id=\"02b7415\" data-element_type=\"widget\" data-widget_type=\"heading.default\">\n\t\t\t\t\t<h2 class=\"elementor-heading-title elementor-size-default\">Ressources sur le cancer pour :<\/h2>\t\t\t\t<\/div>\n\t\t\t\t\t<\/div>\n\t\t\t\t<\/div>\n\t\t<div class=\"elementor-element elementor-element-c2a7471 e-flex e-con-boxed e-con e-parent\" data-id=\"c2a7471\" data-element_type=\"container\">\n\t\t\t\t\t<div class=\"e-con-inner\">\n\t\t<div class=\"elementor-element elementor-element-955f697 e-con-full e-flex e-con e-child\" data-id=\"955f697\" data-element_type=\"container\">\n\t\t\t\t<div class=\"elementor-element elementor-element-c24439e elementor-widget elementor-widget-image\" data-id=\"c24439e\" data-element_type=\"widget\" data-widget_type=\"image.default\">\n\t\t\t\t\t\t\t\t\t\t\t\t\t\t\t<img fetchpriority=\"high\" decoding=\"async\" width=\"453\" height=\"391\" src=\"https:\/\/www.wicwc.com\/wp-content\/uploads\/2024\/04\/Mask-Group-10-3.png\" class=\"attachment-full size-full wp-image-1092\" alt=\"\" srcset=\"https:\/\/www.wicwc.com\/wp-content\/uploads\/2024\/04\/Mask-Group-10-3.png 453w, https:\/\/www.wicwc.com\/wp-content\/uploads\/2024\/04\/Mask-Group-10-3-300x259.png 300w\" sizes=\"(max-width: 453px) 100vw, 453px\" \/>\t\t\t\t\t\t\t\t\t\t\t\t\t\t\t<\/div>\n\t\t\t\t<div class=\"elementor-element elementor-element-89c2751 mb-text-underline-none elementor-widget elementor-widget-heading\" data-id=\"89c2751\" data-element_type=\"widget\" data-widget_type=\"heading.default\">\n\t\t\t\t\t<h4 class=\"elementor-heading-title elementor-size-default\"><a href=\"https:\/\/www.wicwc.com\/fr\/ressources-sur-le-cancer\/enfants\/\">Les enfants<\/a><\/h4>\t\t\t\t<\/div>\n\t\t\t\t<div class=\"elementor-element elementor-element-86e2782 elementor-align-left elementor-hidden-desktop elementor-hidden-tablet elementor-widget elementor-widget-button\" data-id=\"86e2782\" data-element_type=\"widget\" data-widget_type=\"button.default\">\n\t\t\t\t\t\t\t\t\t\t<a class=\"elementor-button elementor-button-link elementor-size-sm\" href=\"https:\/\/wicwc.com\/fr\/ressources-sur-le-cancer\/enfants\/\">\n\t\t\t\t\t\t<span class=\"elementor-button-content-wrapper\">\n\t\t\t\t\t\t\t\t\t<span class=\"elementor-button-text\">En savoir plus<\/span>\n\t\t\t\t\t<\/span>\n\t\t\t\t\t<\/a>\n\t\t\t\t\t\t\t\t<\/div>\n\t\t\t\t<\/div>\n\t\t<div class=\"elementor-element elementor-element-70b78a4 e-con-full e-flex e-con e-child\" data-id=\"70b78a4\" data-element_type=\"container\">\n\t\t\t\t<div class=\"elementor-element elementor-element-e0ea679 elementor-widget elementor-widget-image\" data-id=\"e0ea679\" data-element_type=\"widget\" data-widget_type=\"image.default\">\n\t\t\t\t\t\t\t\t\t\t\t\t\t\t\t<img decoding=\"async\" src=\"https:\/\/www.wicwc.com\/wp-content\/uploads\/elementor\/thumbs\/esl-languages-young-adults-hero_0-razfhl811nqhn8s2jc1skh5utjmye3czs97wea501w.jpg\" title=\"esl-languages-young-adults-hero_0\" alt=\"esl-languages-young-adults-hero_0\" loading=\"lazy\" \/>\t\t\t\t\t\t\t\t\t\t\t\t\t\t\t<\/div>\n\t\t\t\t<div class=\"elementor-element elementor-element-0696ea7 mb-text-underline-none elementor-widget elementor-widget-heading\" data-id=\"0696ea7\" data-element_type=\"widget\" data-widget_type=\"heading.default\">\n\t\t\t\t\t<h4 class=\"elementor-heading-title elementor-size-default\"><a href=\"https:\/\/www.wicwc.com\/fr\/adolescents-et-jeunes-adultes\/\">Adolescents et jeunes adultes<\/a><\/h4>\t\t\t\t<\/div>\n\t\t\t\t<div class=\"elementor-element elementor-element-97391af elementor-align-left elementor-hidden-desktop elementor-hidden-tablet elementor-widget elementor-widget-button\" data-id=\"97391af\" data-element_type=\"widget\" data-widget_type=\"button.default\">\n\t\t\t\t\t\t\t\t\t\t<a class=\"elementor-button elementor-button-link elementor-size-sm\" href=\"https:\/\/wicwc.com\/fr\/adolescents-jeunes-adultes\/\">\n\t\t\t\t\t\t<span class=\"elementor-button-content-wrapper\">\n\t\t\t\t\t\t\t\t\t<span class=\"elementor-button-text\">En savoir plus<\/span>\n\t\t\t\t\t<\/span>\n\t\t\t\t\t<\/a>\n\t\t\t\t\t\t\t\t<\/div>\n\t\t\t\t<\/div>\n\t\t<div class=\"elementor-element elementor-element-cb34f85 e-con-full e-flex e-con e-child\" data-id=\"cb34f85\" data-element_type=\"container\">\n\t\t\t\t<div class=\"elementor-element elementor-element-0fade6c elementor-widget elementor-widget-image\" data-id=\"0fade6c\" data-element_type=\"widget\" data-widget_type=\"image.default\">\n\t\t\t\t\t\t\t\t\t\t\t\t\t\t\t<img decoding=\"async\" width=\"453\" height=\"391\" src=\"https:\/\/www.wicwc.com\/wp-content\/uploads\/2024\/04\/Mask-Group-16.png\" class=\"attachment-large size-large wp-image-1142\" alt=\"\" srcset=\"https:\/\/www.wicwc.com\/wp-content\/uploads\/2024\/04\/Mask-Group-16.png 453w, https:\/\/www.wicwc.com\/wp-content\/uploads\/2024\/04\/Mask-Group-16-300x259.png 300w\" sizes=\"(max-width: 453px) 100vw, 453px\" \/>\t\t\t\t\t\t\t\t\t\t\t\t\t\t\t<\/div>\n\t\t\t\t<div class=\"elementor-element elementor-element-e5807f9 mb-text-underline-none elementor-widget elementor-widget-heading\" data-id=\"e5807f9\" data-element_type=\"widget\" data-widget_type=\"heading.default\">\n\t\t\t\t\t<h4 class=\"elementor-heading-title elementor-size-default\"><a href=\"https:\/\/www.wicwc.com\/fr\/ressources-sur-le-cancer\/enseignants\/\">Enseignants<\/a><\/h4>\t\t\t\t<\/div>\n\t\t\t\t<div class=\"elementor-element elementor-element-f937299 elementor-align-left elementor-hidden-desktop elementor-hidden-tablet elementor-widget elementor-widget-button\" data-id=\"f937299\" data-element_type=\"widget\" data-widget_type=\"button.default\">\n\t\t\t\t\t\t\t\t\t\t<a class=\"elementor-button elementor-button-link elementor-size-sm\" href=\"https:\/\/www.wicwc.com\/fr\/ressources-sur-le-cancer\/enseignants\/\">\n\t\t\t\t\t\t<span class=\"elementor-button-content-wrapper\">\n\t\t\t\t\t\t\t\t\t<span class=\"elementor-button-text\">En savoir plus<\/span>\n\t\t\t\t\t<\/span>\n\t\t\t\t\t<\/a>\n\t\t\t\t\t\t\t\t<\/div>\n\t\t\t\t<\/div>\n\t\t\t\t\t<\/div>\n\t\t\t\t<\/div>\n\t\t<div class=\"elementor-element elementor-element-66c711e e-flex e-con-boxed e-con e-parent\" data-id=\"66c711e\" data-element_type=\"container\">\n\t\t\t\t\t<div class=\"e-con-inner\">\n\t\t<div class=\"elementor-element elementor-element-44985ca e-con-full e-flex e-con e-child\" data-id=\"44985ca\" data-element_type=\"container\">\n\t\t\t\t<div class=\"elementor-element elementor-element-09326a5 elementor-widget elementor-widget-image\" data-id=\"09326a5\" data-element_type=\"widget\" data-widget_type=\"image.default\">\n\t\t\t\t\t\t\t\t\t\t\t\t\t\t\t<img decoding=\"async\" width=\"453\" height=\"391\" src=\"https:\/\/www.wicwc.com\/wp-content\/uploads\/2024\/04\/Mask-Group-10-1-1.png\" class=\"attachment-large size-large wp-image-1137\" alt=\"\" srcset=\"https:\/\/www.wicwc.com\/wp-content\/uploads\/2024\/04\/Mask-Group-10-1-1.png 453w, https:\/\/www.wicwc.com\/wp-content\/uploads\/2024\/04\/Mask-Group-10-1-1-300x259.png 300w\" sizes=\"(max-width: 453px) 100vw, 453px\" \/>\t\t\t\t\t\t\t\t\t\t\t\t\t\t\t<\/div>\n\t\t\t\t<div class=\"elementor-element elementor-element-e215675 mb-text-underline-none elementor-widget elementor-widget-heading\" data-id=\"e215675\" data-element_type=\"widget\" data-widget_type=\"heading.default\">\n\t\t\t\t\t<h4 class=\"elementor-heading-title elementor-size-default\"><a href=\"https:\/\/www.wicwc.com\/fr\/ressources-sur-le-cancer\/adultes\/\">Adultes<\/a><\/h4>\t\t\t\t<\/div>\n\t\t\t\t<div class=\"elementor-element elementor-element-cd194fa elementor-align-left elementor-hidden-desktop elementor-hidden-tablet elementor-widget elementor-widget-button\" data-id=\"cd194fa\" data-element_type=\"widget\" data-widget_type=\"button.default\">\n\t\t\t\t\t\t\t\t\t\t<a class=\"elementor-button elementor-button-link elementor-size-sm\" href=\"https:\/\/www.wicwc.com\/fr\/ressources-sur-le-cancer\/adultes\/\">\n\t\t\t\t\t\t<span class=\"elementor-button-content-wrapper\">\n\t\t\t\t\t\t\t\t\t<span class=\"elementor-button-text\">En savoir plus<\/span>\n\t\t\t\t\t<\/span>\n\t\t\t\t\t<\/a>\n\t\t\t\t\t\t\t\t<\/div>\n\t\t\t\t<\/div>\n\t\t<div class=\"elementor-element elementor-element-37cf3db e-con-full e-flex e-con e-child\" data-id=\"37cf3db\" data-element_type=\"container\">\n\t\t\t\t<div class=\"elementor-element elementor-element-f6a7244 elementor-widget elementor-widget-image\" data-id=\"f6a7244\" data-element_type=\"widget\" data-widget_type=\"image.default\">\n\t\t\t\t\t\t\t\t\t\t\t\t\t\t\t<img loading=\"lazy\" decoding=\"async\" width=\"452\" height=\"391\" src=\"https:\/\/www.wicwc.com\/wp-content\/uploads\/2025\/06\/Untitled-design-28.png\" class=\"attachment-large size-large wp-image-9475\" alt=\"\" srcset=\"https:\/\/www.wicwc.com\/wp-content\/uploads\/2025\/06\/Untitled-design-28.png 452w, https:\/\/www.wicwc.com\/wp-content\/uploads\/2025\/06\/Untitled-design-28-300x260.png 300w\" sizes=\"(max-width: 452px) 100vw, 452px\" \/>\t\t\t\t\t\t\t\t\t\t\t\t\t\t\t<\/div>\n\t\t\t\t<div class=\"elementor-element elementor-element-445b510 mb-text-underline-none elementor-widget elementor-widget-heading\" data-id=\"445b510\" data-element_type=\"widget\" data-widget_type=\"heading.default\">\n\t\t\t\t\t<h4 class=\"elementor-heading-title elementor-size-default\"><a href=\"https:\/\/www.wicwc.com\/fr\/ressources-sur-le-cancer\/aidants\/\">Soignants<\/a><\/h4>\t\t\t\t<\/div>\n\t\t\t\t<div class=\"elementor-element elementor-element-1ba6fdb elementor-align-left elementor-hidden-desktop elementor-hidden-tablet elementor-widget elementor-widget-button\" data-id=\"1ba6fdb\" data-element_type=\"widget\" data-widget_type=\"button.default\">\n\t\t\t\t\t\t\t\t\t\t<a class=\"elementor-button elementor-button-link elementor-size-sm\" href=\"https:\/\/wicwc.com\/fr\/ressources-sur-le-cancer\/soignants\/\">\n\t\t\t\t\t\t<span class=\"elementor-button-content-wrapper\">\n\t\t\t\t\t\t\t\t\t<span class=\"elementor-button-text\">En savoir plus<\/span>\n\t\t\t\t\t<\/span>\n\t\t\t\t\t<\/a>\n\t\t\t\t\t\t\t\t<\/div>\n\t\t\t\t<\/div>\n\t\t<div class=\"elementor-element elementor-element-de30b2d e-con-full e-flex e-con e-child\" data-id=\"de30b2d\" data-element_type=\"container\">\n\t\t\t\t<div class=\"elementor-element elementor-element-a8cb3a6 elementor-widget elementor-widget-image\" data-id=\"a8cb3a6\" data-element_type=\"widget\" data-widget_type=\"image.default\">\n\t\t\t\t\t\t\t\t\t\t\t\t\t\t\t<img loading=\"lazy\" decoding=\"async\" width=\"453\" height=\"391\" src=\"https:\/\/www.wicwc.com\/wp-content\/uploads\/2024\/04\/Mask-Group-16-1.png\" class=\"attachment-large size-large wp-image-1136\" alt=\"\" srcset=\"https:\/\/www.wicwc.com\/wp-content\/uploads\/2024\/04\/Mask-Group-16-1.png 453w, https:\/\/www.wicwc.com\/wp-content\/uploads\/2024\/04\/Mask-Group-16-1-300x259.png 300w\" sizes=\"(max-width: 453px) 100vw, 453px\" \/>\t\t\t\t\t\t\t\t\t\t\t\t\t\t\t<\/div>\n\t\t\t\t<div class=\"elementor-element elementor-element-6423a42 mb-text-underline-none elementor-widget elementor-widget-heading\" data-id=\"6423a42\" data-element_type=\"widget\" data-widget_type=\"heading.default\">\n\t\t\t\t\t<h4 class=\"elementor-heading-title elementor-size-default\"><a href=\"https:\/\/www.wicwc.com\/fr\/ressources-sur-le-cancer\/le-deuil\/\">Le deuil<\/a><\/h4>\t\t\t\t<\/div>\n\t\t\t\t<div class=\"elementor-element elementor-element-ee40008 elementor-align-left elementor-hidden-desktop elementor-hidden-tablet elementor-widget elementor-widget-button\" data-id=\"ee40008\" data-element_type=\"widget\" data-widget_type=\"button.default\">\n\t\t\t\t\t\t\t\t\t\t<a class=\"elementor-button elementor-button-link elementor-size-sm\" href=\"https:\/\/www.wicwc.com\/fr\/ressources-sur-le-cancer\/le-deuil\/\">\n\t\t\t\t\t\t<span class=\"elementor-button-content-wrapper\">\n\t\t\t\t\t\t\t\t\t<span class=\"elementor-button-text\">En savoir plus<\/span>\n\t\t\t\t\t<\/span>\n\t\t\t\t\t<\/a>\n\t\t\t\t\t\t\t\t<\/div>\n\t\t\t\t<\/div>\n\t\t\t\t\t<\/div>\n\t\t\t\t<\/div>\n\t\t<div class=\"elementor-element elementor-element-1388064 e-flex e-con-boxed e-con e-parent\" data-id=\"1388064\" data-element_type=\"container\">\n\t\t\t\t\t<div class=\"e-con-inner\">\n\t\t\t\t<div class=\"elementor-element elementor-element-fe5a2c3 elementor-align-left elementor-hidden-desktop elementor-hidden-tablet elementor-widget elementor-widget-button\" data-id=\"fe5a2c3\" data-element_type=\"widget\" data-widget_type=\"button.default\">\n\t\t\t\t\t\t\t\t\t\t<a class=\"elementor-button elementor-button-link elementor-size-sm\" href=\"#\">\n\t\t\t\t\t\t<span class=\"elementor-button-content-wrapper\">\n\t\t\t\t\t\t\t\t\t<span class=\"elementor-button-text\">Retour au d\u00e9but de la page<\/span>\n\t\t\t\t\t<\/span>\n\t\t\t\t\t<\/a>\n\t\t\t\t\t\t\t\t<\/div>\n\t\t\t\t\t<\/div>\n\t\t\t\t<\/div>\n\t\t<div class=\"elementor-element elementor-element-ac37dee e-con-full e-flex e-con e-parent\" data-id=\"ac37dee\" data-element_type=\"container\">\n\t\t<div class=\"elementor-element elementor-element-91b3ea7 e-con-full e-flex e-con e-child\" data-id=\"91b3ea7\" data-element_type=\"container\" data-settings=\"{&quot;background_background&quot;:&quot;classic&quot;}\">\n\t\t\t\t<div class=\"elementor-element elementor-element-c8092de rounded-right-lg elementor-widget elementor-widget-image\" data-id=\"c8092de\" data-element_type=\"widget\" data-widget_type=\"image.default\">\n\t\t\t\t\t\t\t\t\t\t\t\t\t\t\t<img loading=\"lazy\" decoding=\"async\" width=\"943\" height=\"628\" src=\"https:\/\/www.wicwc.com\/wp-content\/uploads\/2024\/06\/AdobeStock_176193079.png\" class=\"attachment-full size-full wp-image-7808\" alt=\"\" srcset=\"https:\/\/www.wicwc.com\/wp-content\/uploads\/2024\/06\/AdobeStock_176193079.png 943w, https:\/\/www.wicwc.com\/wp-content\/uploads\/2024\/06\/AdobeStock_176193079-300x200.png 300w, https:\/\/www.wicwc.com\/wp-content\/uploads\/2024\/06\/AdobeStock_176193079-768x511.png 768w\" sizes=\"(max-width: 943px) 100vw, 943px\" \/>\t\t\t\t\t\t\t\t\t\t\t\t\t\t\t<\/div>\n\t\t\t\t<\/div>\n\t\t<div class=\"elementor-element elementor-element-c2cf053 e-con-full content__width e-flex e-con e-child\" data-id=\"c2cf053\" data-element_type=\"container\">\n\t\t\t\t<div class=\"elementor-element elementor-element-a4d9f36 elementor-widget elementor-widget-heading\" data-id=\"a4d9f36\" data-element_type=\"widget\" data-widget_type=\"heading.default\">\n\t\t\t\t\t<h3 class=\"elementor-heading-title elementor-size-default\">Ressources locales<\/h3>\t\t\t\t<\/div>\n\t\t\t\t<div class=\"elementor-element elementor-element-d497656 elementor-widget elementor-widget-text-editor\" data-id=\"d497656\" data-element_type=\"widget\" data-widget_type=\"text-editor.default\">\n\t\t\t\t\t\t\t\t\t<p>Nous avons dress\u00e9 une liste des ressources locales en mati\u00e8re de cancer pour vous aider \u00e0 trouver ce que vous cherchez en un seul endroit pratique.<\/p>\n\t\t\t\t\t\t\t\t<\/div>\n\t\t\t\t<div class=\"elementor-element elementor-element-f9e6d6c elementor-align-left elementor-mobile-align-center elementor-widget elementor-widget-button\" data-id=\"f9e6d6c\" data-element_type=\"widget\" data-widget_type=\"button.default\">\n\t\t\t\t\t\t\t\t\t\t<a class=\"elementor-button elementor-button-link elementor-size-sm\" href=\"https:\/\/www.wicwc.com\/fr\/ressources-locales\/\">\n\t\t\t\t\t\t<span class=\"elementor-button-content-wrapper\">\n\t\t\t\t\t\t\t\t\t<span class=\"elementor-button-text\">Consultez les ressources locales<\/span>\n\t\t\t\t\t<\/span>\n\t\t\t\t\t<\/a>\n\t\t\t\t\t\t\t\t<\/div>\n\t\t\t\t<\/div>\n\t\t\t\t<\/div>\n\t\t<div class=\"elementor-element elementor-element-adda31a e-con-full e-flex e-con e-parent\" data-id=\"adda31a\" data-element_type=\"container\">\n\t\t<div class=\"elementor-element elementor-element-18bdf92 e-con-full content__width e-flex e-con e-child\" data-id=\"18bdf92\" data-element_type=\"container\">\n\t\t\t\t<div class=\"elementor-element elementor-element-66f893a elementor-widget elementor-widget-heading\" data-id=\"66f893a\" data-element_type=\"widget\" data-widget_type=\"heading.default\">\n\t\t\t\t\t<h3 class=\"elementor-heading-title elementor-size-default\">Ressources nationales<\/h3>\t\t\t\t<\/div>\n\t\t\t\t<div class=\"elementor-element elementor-element-dbce914 elementor-widget elementor-widget-text-editor\" data-id=\"dbce914\" data-element_type=\"widget\" data-widget_type=\"text-editor.default\">\n\t\t\t\t\t\t\t\t\t<p>Vous trouverez ci-dessous une liste de ressources pancanadiennes que nous avons compil\u00e9es.<\/p>\n\t\t\t\t\t\t\t\t<\/div>\n\t\t\t\t<div class=\"elementor-element elementor-element-3eca65c elementor-align-left elementor-widget elementor-widget-button\" data-id=\"3eca65c\" data-element_type=\"widget\" data-widget_type=\"button.default\">\n\t\t\t\t\t\t\t\t\t\t<a class=\"elementor-button elementor-button-link elementor-size-sm\" href=\"https:\/\/www.wicwc.com\/fr\/resources-national\/\">\n\t\t\t\t\t\t<span class=\"elementor-button-content-wrapper\">\n\t\t\t\t\t\t\t\t\t<span class=\"elementor-button-text\">Consultez les ressources nationales<\/span>\n\t\t\t\t\t<\/span>\n\t\t\t\t\t<\/a>\n\t\t\t\t\t\t\t\t<\/div>\n\t\t\t\t<\/div>\n\t\t<div class=\"elementor-element elementor-element-fc09118 e-con-full e-flex e-con e-child\" data-id=\"fc09118\" data-element_type=\"container\" data-settings=\"{&quot;background_background&quot;:&quot;classic&quot;}\">\n\t\t\t\t<div class=\"elementor-element elementor-element-5736412 rounded-left-lg elementor-widget elementor-widget-image\" data-id=\"5736412\" data-element_type=\"widget\" data-widget_type=\"image.default\">\n\t\t\t\t\t\t\t\t\t\t\t\t\t\t\t<img loading=\"lazy\" decoding=\"async\" width=\"943\" height=\"628\" src=\"https:\/\/www.wicwc.com\/wp-content\/uploads\/2024\/06\/Screenshot-2024-06-21-at-2.25.24\u202fPM.png\" class=\"attachment-full size-full wp-image-7809\" alt=\"\" srcset=\"https:\/\/www.wicwc.com\/wp-content\/uploads\/2024\/06\/Screenshot-2024-06-21-at-2.25.24\u202fPM.png 943w, https:\/\/www.wicwc.com\/wp-content\/uploads\/2024\/06\/Screenshot-2024-06-21-at-2.25.24\u202fPM-300x200.png 300w, https:\/\/www.wicwc.com\/wp-content\/uploads\/2024\/06\/Screenshot-2024-06-21-at-2.25.24\u202fPM-768x511.png 768w\" sizes=\"(max-width: 943px) 100vw, 943px\" \/>\t\t\t\t\t\t\t\t\t\t\t\t\t\t\t<\/div>\n\t\t\t\t<\/div>\n\t\t\t\t<\/div>\n\t\t<div class=\"elementor-element elementor-element-23c8499 e-flex e-con-boxed e-con e-parent\" data-id=\"23c8499\" data-element_type=\"container\">\n\t\t\t\t\t<div class=\"e-con-inner\">\n\t\t\t\t<div class=\"elementor-element elementor-element-3fcd3a0 elementor-widget-divider--view-line elementor-widget elementor-widget-divider\" data-id=\"3fcd3a0\" data-element_type=\"widget\" data-widget_type=\"divider.default\">\n\t\t\t\t\t\t\t<div class=\"elementor-divider\">\n\t\t\t<span class=\"elementor-divider-separator\">\n\t\t\t\t\t\t<\/span>\n\t\t<\/div>\n\t\t\t\t\t\t<\/div>\n\t\t\t\t<div class=\"elementor-element elementor-element-bae79bd elementor-widget elementor-widget-heading\" data-id=\"bae79bd\" data-element_type=\"widget\" data-widget_type=\"heading.default\">\n\t\t\t\t\t<h2 class=\"elementor-heading-title elementor-size-default\">Partenaires bien-\u00eatre<\/h2>\t\t\t\t<\/div>\n\t\t<div class=\"elementor-element elementor-element-59401ae e-con-full e-flex e-con e-child\" data-id=\"59401ae\" data-element_type=\"container\">\n\t\t\t\t<div class=\"elementor-element elementor-element-a851217 elementor-widget elementor-widget-image\" data-id=\"a851217\" data-element_type=\"widget\" data-widget_type=\"image.default\">\n\t\t\t\t\t\t\t\t\t\t\t\t\t\t\t\t<a href=\"https:\/\/remd.ca\/\">\n\t\t\t\t\t\t\t<img loading=\"lazy\" decoding=\"async\" width=\"800\" height=\"408\" src=\"https:\/\/www.wicwc.com\/wp-content\/uploads\/2026\/03\/REMD-Logo-1024x522.png\" class=\"attachment-large size-large wp-image-10311\" alt=\"\" srcset=\"https:\/\/www.wicwc.com\/wp-content\/uploads\/2026\/03\/REMD-Logo-1024x522.png 1024w, https:\/\/www.wicwc.com\/wp-content\/uploads\/2026\/03\/REMD-Logo-300x153.png 300w, https:\/\/www.wicwc.com\/wp-content\/uploads\/2026\/03\/REMD-Logo-768x392.png 768w, https:\/\/www.wicwc.com\/wp-content\/uploads\/2026\/03\/REMD-Logo-1536x784.png 1536w, https:\/\/www.wicwc.com\/wp-content\/uploads\/2026\/03\/REMD-Logo.png 1960w\" sizes=\"(max-width: 800px) 100vw, 800px\" \/>\t\t\t\t\t\t\t\t<\/a>\n\t\t\t\t\t\t\t\t\t\t\t\t\t\t\t<\/div>\n\t\t\t\t<\/div>\n\t\t\t\t\t<\/div>\n\t\t\t\t<\/div>\n\t\t<div class=\"elementor-element elementor-element-f3186a1 e-con-full e-flex e-con e-parent\" data-id=\"f3186a1\" data-element_type=\"container\" data-settings=\"{&quot;background_background&quot;:&quot;classic&quot;}\">\n\t\t\t\t<div class=\"elementor-element elementor-element-06f5cda elementor-widget elementor-widget-heading\" data-id=\"06f5cda\" data-element_type=\"widget\" data-widget_type=\"heading.default\">\n\t\t\t\t\t<h1 class=\"elementor-heading-title elementor-size-default\">Besoin d'aide ?<\/h1>\t\t\t\t<\/div>\n\t\t\t\t<div class=\"elementor-element elementor-element-3107378 elementor-align-center elementor-widget elementor-widget-button\" data-id=\"3107378\" data-element_type=\"widget\" data-widget_type=\"button.default\">\n\t\t\t\t\t\t\t\t\t\t<a class=\"elementor-button elementor-button-link elementor-size-sm\" href=\"https:\/\/www.wicwc.com\/fr\/contactez-nous\/\">\n\t\t\t\t\t\t<span class=\"elementor-button-content-wrapper\">\n\t\t\t\t\t\t\t\t\t<span class=\"elementor-button-text\">Contactez nous<\/span>\n\t\t\t\t\t<\/span>\n\t\t\t\t\t<\/a>\n\t\t\t\t\t\t\t\t<\/div>\n\t\t\t\t<\/div>\n\t\t\t\t<\/div>\n\t\t","protected":false},"excerpt":{"rendered":"<p>Ressources sur le cancer Soutenir les personnes vivant avec le cancer L&rsquo;impact d&rsquo;un diagnostic de cancer va au-del\u00e0 de l&rsquo;individu, atteignant la vie des membres de sa famille, de ses amis et de ses proches. Sachant qu&rsquo;un Canadien sur deux est susceptible de d\u00e9velopper un cancer au cours de sa vie, la plupart d&rsquo;entre nous [&hellip;]<\/p>\n","protected":false},"author":1,"featured_media":0,"parent":0,"menu_order":0,"comment_status":"closed","ping_status":"closed","template":"elementor_header_footer","meta":{"inline_featured_image":false,"footnotes":""},"class_list":["post-8702","page","type-page","status-publish","hentry"],"_links":{"self":[{"href":"https:\/\/www.wicwc.com\/fr\/wp-json\/wp\/v2\/pages\/8702","targetHints":{"allow":["GET"]}}],"collection":[{"href":"https:\/\/www.wicwc.com\/fr\/wp-json\/wp\/v2\/pages"}],"about":[{"href":"https:\/\/www.wicwc.com\/fr\/wp-json\/wp\/v2\/types\/page"}],"author":[{"embeddable":true,"href":"https:\/\/www.wicwc.com\/fr\/wp-json\/wp\/v2\/users\/1"}],"replies":[{"embeddable":true,"href":"https:\/\/www.wicwc.com\/fr\/wp-json\/wp\/v2\/comments?post=8702"}],"version-history":[{"count":4,"href":"https:\/\/www.wicwc.com\/fr\/wp-json\/wp\/v2\/pages\/8702\/revisions"}],"predecessor-version":[{"id":10319,"href":"https:\/\/www.wicwc.com\/fr\/wp-json\/wp\/v2\/pages\/8702\/revisions\/10319"}],"wp:attachment":[{"href":"https:\/\/www.wicwc.com\/fr\/wp-json\/wp\/v2\/media?parent=8702"}],"curies":[{"name":"wp","href":"https:\/\/api.w.org\/{rel}","templated":true}]}}