{"id":8704,"date":"2024-05-01T13:18:53","date_gmt":"2024-05-01T13:18:53","guid":{"rendered":"https:\/\/34.56.50.226ressources-sur-le-cancer\/le-deuil\/"},"modified":"2026-04-29T14:27:17","modified_gmt":"2026-04-29T14:27:17","slug":"le-deuil","status":"publish","type":"page","link":"https:\/\/www.wicwc.com\/fr\/ressources-sur-le-cancer\/le-deuil\/","title":{"rendered":"Le deuil"},"content":{"rendered":"\t\t<div data-elementor-type=\"wp-page\" data-elementor-id=\"8704\" class=\"elementor elementor-8704 elementor-1279\" data-elementor-post-type=\"page\">\n\t\t\t\t<div class=\"elementor-element elementor-element-482f46d e-con-full e-flex e-con e-parent\" data-id=\"482f46d\" data-element_type=\"container\" data-settings=\"{&quot;background_background&quot;:&quot;classic&quot;}\">\n\t\t\t\t<div class=\"elementor-element elementor-element-dd4671b elementor-widget elementor-widget-heading\" data-id=\"dd4671b\" data-element_type=\"widget\" data-widget_type=\"heading.default\">\n\t\t\t\t\t<h2 class=\"elementor-heading-title elementor-size-default\">Ressources sur le deuil<\/h2>\t\t\t\t<\/div>\n\t\t\t\t<\/div>\n\t\t<div class=\"elementor-element elementor-element-5b0aff7 e-flex e-con-boxed e-con e-parent\" data-id=\"5b0aff7\" data-element_type=\"container\">\n\t\t\t\t\t<div class=\"e-con-inner\">\n\t\t\t\t<div class=\"elementor-element elementor-element-234fd55 ancColor elementor-widget elementor-widget-text-editor\" data-id=\"234fd55\" data-element_type=\"widget\" data-widget_type=\"text-editor.default\">\n\t\t\t\t\t\t\t\t\t<p>Veuillez noter que cette liste n&rsquo;est pas exhaustive. Pour plus de ressources, veuillez contacter le Centre de bien-\u00eatre de l&rsquo;Ouest-de-l&rsquo;\u00cele pour les personnes atteintes de cancer : <strong><a class=\"fw-bold text-dark\" href=\"tel:+15146959355\">(514) 695-9355<\/a><\/strong>. <\/p>\n\t\t\t\t\t\t\t\t<\/div>\n\t\t\t\t\t<\/div>\n\t\t\t\t<\/div>\n\t\t<div class=\"elementor-element elementor-element-031d212 e-flex e-con-boxed e-con e-parent\" data-id=\"031d212\" data-element_type=\"container\">\n\t\t\t\t\t<div class=\"e-con-inner\">\n\t\t\t\t<div class=\"elementor-element elementor-element-905b104 elementor-widget elementor-widget-heading\" data-id=\"905b104\" data-element_type=\"widget\" data-widget_type=\"heading.default\">\n\t\t\t\t\t<h2 class=\"elementor-heading-title elementor-size-default\">Ressources sur le deuil :<\/h2>\t\t\t\t<\/div>\n\t\t\t\t\t<\/div>\n\t\t\t\t<\/div>\n\t\t<div class=\"elementor-element elementor-element-117d259 e-flex e-con-boxed e-con e-parent\" data-id=\"117d259\" data-element_type=\"container\">\n\t\t\t\t\t<div class=\"e-con-inner\">\n\t\t\t\t<div class=\"elementor-element elementor-element-b9d957c elementor-widget elementor-widget-heading\" data-id=\"b9d957c\" data-element_type=\"widget\" data-widget_type=\"heading.default\">\n\t\t\t\t\t<p class=\"elementor-heading-title elementor-size-default\"><a href=\"https:\/\/www.novawi.org\/what-we-do\" target=\"_blank\">- Nova West Island : <span class=\"text-decoration-underline\">Nova West Island<\/span><\/a><\/p>\t\t\t\t<\/div>\n\t\t\t\t<div class=\"elementor-element elementor-element-a99b800 ancColor elementor-widget elementor-widget-text-editor\" data-id=\"a99b800\" data-element_type=\"widget\" data-widget_type=\"text-editor.default\">\n\t\t\t\t\t\t\t\t\t<p> &#8211; Soutien aux adultes : Ce service propose gratuitement, trois fois par an, un groupe de soutien aux personnes en deuil d&rsquo;une dur\u00e9e de 8 semaines.<br \/> &#8211; Carousel (enfants) : Deux fois par an, ils proposent gratuitement un week-end de camp pour les personnes en deuil. Ils proposent \u00e9galement tout au long de l&rsquo;ann\u00e9e un programme de deuil appel\u00e9 \u00ab\u00a0Circle of Support\u00a0\u00bb. <\/p>\n\t\t\t\t\t\t\t\t<\/div>\n\t\t\t\t<div class=\"elementor-element elementor-element-4a8252b elementor-widget elementor-widget-heading\" data-id=\"4a8252b\" data-element_type=\"widget\" data-widget_type=\"heading.default\">\n\t\t\t\t\t<p class=\"elementor-heading-title elementor-size-default\"><a href=\"http:\/\/residencesoinspalliatifs.com\/\" target=\"_blank\">- R\u00e9sidence de soins palliatifs Teresa-Dellar <span class=\"text-decoration-underline\">: http:\/\/residencesoinspalliatifs.com\/<\/span><\/a><\/p>\t\t\t\t<\/div>\n\t\t\t\t<div class=\"elementor-element elementor-element-c567484 ancColor elementor-widget elementor-widget-text-editor\" data-id=\"c567484\" data-element_type=\"widget\" data-widget_type=\"text-editor.default\">\n\t\t\t\t\t\t\t\t\t<p> &#8211; Ils proposent gratuitement des s\u00e9ances de groupe sur le deuil pour les adultes et les enfants.<\/p>\n\t\t\t\t\t\t\t\t<\/div>\n\t\t\t\t<div class=\"elementor-element elementor-element-cb22dc8 elementor-widget elementor-widget-heading\" data-id=\"cb22dc8\" data-element_type=\"widget\" data-widget_type=\"heading.default\">\n\t\t\t\t\t<p class=\"elementor-heading-title elementor-size-default\"><a href=\"http:\/\/www.ora-mtl.org\/\" target=\"_blank\">- Programme \"Loss and Living\" de l'ORA <span class=\"text-decoration-underline\">: http:\/\/www.ora-mtl.org\/<\/span><\/a><\/p>\t\t\t\t<\/div>\n\t\t\t\t<div class=\"elementor-element elementor-element-e92e97c ancColor elementor-widget elementor-widget-text-editor\" data-id=\"e92e97c\" data-element_type=\"widget\" data-widget_type=\"text-editor.default\">\n\t\t\t\t\t\t\t\t\t<p> &#8211; Ils proposent une vari\u00e9t\u00e9 d&rsquo;ateliers sur le th\u00e8me de la perte et de la vie, avec des th\u00e8mes vari\u00e9s, \u00e0 un prix modique.<\/p>\n\t\t\t\t\t\t\t\t<\/div>\n\t\t\t\t<div class=\"elementor-element elementor-element-d0dc13e elementor-widget elementor-widget-heading\" data-id=\"d0dc13e\" data-element_type=\"widget\" data-widget_type=\"heading.default\">\n\t\t\t\t\t<p class=\"elementor-heading-title elementor-size-default\"><a href=\"https:\/\/www.maisonmonbourquette.com\/\" target=\"_blank\">\u2022 Maison Monbourquette: <span class=\"text-decoration-underline\">https:\/\/www.maisonmonbourquette.com\/<\/span><\/a><\/p>\t\t\t\t<\/div>\n\t\t\t\t<div class=\"elementor-element elementor-element-778eae9 ancColor elementor-widget elementor-widget-text-editor\" data-id=\"778eae9\" data-element_type=\"widget\" data-widget_type=\"text-editor.default\">\n\t\t\t\t\t\t\t\t\t<p> &#8211; Ils offrent un service t\u00e9l\u00e9phonique gratuit de soutien aux personnes en deuil, o\u00f9 des b\u00e9n\u00e9voles form\u00e9s par des professionnels \u00e9coutent attentivement vos besoins et vous offrent leur soutien. 1-888-523-3596 <\/p>\n\t\t\t\t\t\t\t\t<\/div>\n\t\t\t\t<div class=\"elementor-element elementor-element-d35b184 elementor-widget elementor-widget-heading\" data-id=\"d35b184\" data-element_type=\"widget\" data-widget_type=\"heading.default\">\n\t\t\t\t\t<p class=\"elementor-heading-title elementor-size-default\"><a href=\"http:\/\/www.goodgriefcentral.com\/\" target=\"_blank\">- Good Grief Central <span class=\"text-decoration-underline\">: http:\/\/www.goodgriefcentral.com\/<\/span><\/a><\/p>\t\t\t\t<\/div>\n\t\t\t\t<div class=\"elementor-element elementor-element-66c570d ancColor elementor-widget elementor-widget-text-editor\" data-id=\"66c570d\" data-element_type=\"widget\" data-widget_type=\"text-editor.default\">\n\t\t\t\t\t\t\t\t\t<p> &#8211; Ils proposent gratuitement une vari\u00e9t\u00e9 de groupes de soutien pour les adultes, les enfants et les adolescents.<\/p>\n\t\t\t\t\t\t\t\t<\/div>\n\t\t\t\t<div class=\"elementor-element elementor-element-b29b895 elementor-widget elementor-widget-heading\" data-id=\"b29b895\" data-element_type=\"widget\" data-widget_type=\"heading.default\">\n\t\t\t\t\t<p class=\"elementor-heading-title elementor-size-default\"><a href=\"https:\/\/www.arbormemorial.ca\/en\/rideau\" target=\"_blank\">- Maison Fun\u00e9raire Rideau Assistance aux personnes en deuil<span class=\"text-decoration-underline\">: https:\/\/www.arbormemorial.ca\/en\/rideau<\/span><\/a><\/p>\t\t\t\t<\/div>\n\t\t\t\t<div class=\"elementor-element elementor-element-c792cbc ancColor elementor-widget elementor-widget-text-editor\" data-id=\"c792cbc\" data-element_type=\"widget\" data-widget_type=\"text-editor.default\">\n\t\t\t\t\t\t\t\t\t<p> &#8211; Offrir aux clients, sur rendez-vous, une s\u00e9ance gratuite de 90 minutes de conseil individuel en cas de deuil.<\/p>\n<p> &#8211; Leur brochure<\/p>\n\t\t\t\t\t\t\t\t<\/div>\n\t\t\t\t<div class=\"elementor-element elementor-element-fcac414 elementor-widget elementor-widget-heading\" data-id=\"fcac414\" data-element_type=\"widget\" data-widget_type=\"heading.default\">\n\t\t\t\t\t<p class=\"elementor-heading-title elementor-size-default\"><a href=\"https:\/\/myraskids.ca\/family-camp\" target=\"_blank\">\u2022 Fondation Myra's Kids: https:\/\/myraskids.ca\/family-camp<\/a><\/p>\t\t\t\t<\/div>\n\t\t\t\t<div class=\"elementor-element elementor-element-986a411 ancColor elementor-widget elementor-widget-text-editor\" data-id=\"986a411\" data-element_type=\"widget\" data-widget_type=\"text-editor.default\">\n\t\t\t\t\t\t\t\t\t<p>\u2022 Camps gratuits pour les enfants de 4 \u00e0 17 ans ayant perdu un proche<\/p>\n\t\t\t\t\t\t\t\t<\/div>\n\t\t\t\t\t<\/div>\n\t\t\t\t<\/div>\n\t\t<div class=\"elementor-element elementor-element-0b87f6a e-flex e-con-boxed e-con e-parent\" data-id=\"0b87f6a\" data-element_type=\"container\">\n\t\t\t\t\t<div class=\"e-con-inner\">\n\t\t\t\t<div class=\"elementor-element elementor-element-ee867f8 elementor-widget elementor-widget-heading\" data-id=\"ee867f8\" data-element_type=\"widget\" data-widget_type=\"heading.default\">\n\t\t\t\t\t<h2 class=\"elementor-heading-title elementor-size-default\">Ressources pour les enseignants :<\/h2>\t\t\t\t<\/div>\n\t\t\t\t\t<\/div>\n\t\t\t\t<\/div>\n\t\t<div class=\"elementor-element elementor-element-c5015b3 e-flex e-con-boxed e-con e-parent\" data-id=\"c5015b3\" data-element_type=\"container\">\n\t\t\t\t\t<div class=\"e-con-inner\">\n\t\t\t\t<div class=\"elementor-element elementor-element-d7dbb51 elementor-widget elementor-widget-heading\" data-id=\"d7dbb51\" data-element_type=\"widget\" data-widget_type=\"heading.default\">\n\t\t\t\t\t<p class=\"elementor-heading-title elementor-size-default\"><a href=\"http:\/\/wicwc.com\/wp-content\/uploads\/2021\/04\/Guidelines-for-schools-in-the-event-of-death.pdf\" target=\"_blank\"><span class=\"text-decoration-underline\">- Lignes directrices sur la mani\u00e8re de proc\u00e9der en cas de d\u00e9c\u00e8s d'un \u00e9l\u00e8ve ou d'un enseignant :<\/span><\/a><\/p>\t\t\t\t<\/div>\n\t\t\t\t<div class=\"elementor-element elementor-element-39ae705 ancColor elementor-widget elementor-widget-text-editor\" data-id=\"39ae705\" data-element_type=\"widget\" data-widget_type=\"text-editor.default\">\n\t\t\t\t\t\t\t\t\t<p> &#8211; Ce document comprend des informations sur la notification au personnel, aux parents et aux \u00e9l\u00e8ves, ainsi que des informations sur les comm\u00e9morations et les services comm\u00e9moratifs.<\/p>\n\t\t\t\t\t\t\t\t<\/div>\n\t\t\t\t\t<\/div>\n\t\t\t\t<\/div>\n\t\t<div class=\"elementor-element elementor-element-1877d16 e-con-full e-flex e-con e-parent\" data-id=\"1877d16\" data-element_type=\"container\" data-settings=\"{&quot;background_background&quot;:&quot;classic&quot;}\">\n\t\t\t\t<div class=\"elementor-element elementor-element-a0f45f5 elementor-widget elementor-widget-heading\" data-id=\"a0f45f5\" data-element_type=\"widget\" data-widget_type=\"heading.default\">\n\t\t\t\t\t<h2 class=\"elementor-heading-title elementor-size-default\">Besoin d'aide ?<\/h2>\t\t\t\t<\/div>\n\t\t\t\t<div class=\"elementor-element elementor-element-d63bc4d elementor-align-center elementor-widget elementor-widget-button\" data-id=\"d63bc4d\" data-element_type=\"widget\" data-widget_type=\"button.default\">\n\t\t\t\t\t\t\t\t\t\t<a class=\"elementor-button elementor-button-link elementor-size-sm\" href=\"#\">\n\t\t\t\t\t\t<span class=\"elementor-button-content-wrapper\">\n\t\t\t\t\t\t\t\t\t<span class=\"elementor-button-text\">Contactez nous<\/span>\n\t\t\t\t\t<\/span>\n\t\t\t\t\t<\/a>\n\t\t\t\t\t\t\t\t<\/div>\n\t\t\t\t<\/div>\n\t\t\t\t<\/div>\n\t\t","protected":false},"excerpt":{"rendered":"<p>Ressources sur le deuil Veuillez noter que cette liste n&rsquo;est pas exhaustive. Pour plus de ressources, veuillez contacter le Centre de bien-\u00eatre de l&rsquo;Ouest-de-l&rsquo;\u00cele pour les personnes atteintes de cancer : (514) 695-9355. Ressources sur le deuil : &#8211; Nova West Island : Nova West Island &#8211; Soutien aux adultes : Ce service propose gratuitement, [&hellip;]<\/p>\n","protected":false},"author":1,"featured_media":0,"parent":8702,"menu_order":0,"comment_status":"closed","ping_status":"closed","template":"elementor_header_footer","meta":{"inline_featured_image":false,"footnotes":""},"class_list":["post-8704","page","type-page","status-publish","hentry"],"_links":{"self":[{"href":"https:\/\/www.wicwc.com\/fr\/wp-json\/wp\/v2\/pages\/8704","targetHints":{"allow":["GET"]}}],"collection":[{"href":"https:\/\/www.wicwc.com\/fr\/wp-json\/wp\/v2\/pages"}],"about":[{"href":"https:\/\/www.wicwc.com\/fr\/wp-json\/wp\/v2\/types\/page"}],"author":[{"embeddable":true,"href":"https:\/\/www.wicwc.com\/fr\/wp-json\/wp\/v2\/users\/1"}],"replies":[{"embeddable":true,"href":"https:\/\/www.wicwc.com\/fr\/wp-json\/wp\/v2\/comments?post=8704"}],"version-history":[{"count":2,"href":"https:\/\/www.wicwc.com\/fr\/wp-json\/wp\/v2\/pages\/8704\/revisions"}],"predecessor-version":[{"id":10413,"href":"https:\/\/www.wicwc.com\/fr\/wp-json\/wp\/v2\/pages\/8704\/revisions\/10413"}],"up":[{"embeddable":true,"href":"https:\/\/www.wicwc.com\/fr\/wp-json\/wp\/v2\/pages\/8702"}],"wp:attachment":[{"href":"https:\/\/www.wicwc.com\/fr\/wp-json\/wp\/v2\/media?parent=8704"}],"curies":[{"name":"wp","href":"https:\/\/api.w.org\/{rel}","templated":true}]}}