{"id":8706,"date":"2024-05-01T12:11:51","date_gmt":"2024-05-01T12:11:51","guid":{"rendered":"https:\/\/34.56.50.226ressources-sur-le-cancer\/soignants\/"},"modified":"2025-12-04T17:05:02","modified_gmt":"2025-12-04T17:05:02","slug":"aidants","status":"publish","type":"page","link":"https:\/\/www.wicwc.com\/fr\/ressources-sur-le-cancer\/aidants\/","title":{"rendered":"Aidants"},"content":{"rendered":"\t\t<div data-elementor-type=\"wp-page\" data-elementor-id=\"8706\" class=\"elementor elementor-8706 elementor-1272\" data-elementor-post-type=\"page\">\n\t\t\t\t<div class=\"elementor-element elementor-element-acb637a e-con-full e-flex e-con e-parent\" data-id=\"acb637a\" data-element_type=\"container\" data-settings=\"{&quot;background_background&quot;:&quot;classic&quot;}\">\n\t\t\t\t<div class=\"elementor-element elementor-element-ef576cc elementor-widget elementor-widget-heading\" data-id=\"ef576cc\" data-element_type=\"widget\" data-widget_type=\"heading.default\">\n\t\t\t\t\t<h2 class=\"elementor-heading-title elementor-size-default\">Ressources pour les aidants<\/h2>\t\t\t\t<\/div>\n\t\t\t\t<\/div>\n\t\t<div class=\"elementor-element elementor-element-63bb0c7 e-flex e-con-boxed e-con e-parent\" data-id=\"63bb0c7\" data-element_type=\"container\">\n\t\t\t\t\t<div class=\"e-con-inner\">\n\t\t\t\t<div class=\"elementor-element elementor-element-31455ca ancColor elementor-widget elementor-widget-text-editor\" data-id=\"31455ca\" data-element_type=\"widget\" data-widget_type=\"text-editor.default\">\n\t\t\t\t\t\t\t\t\t<p>Veuillez noter que cette liste n&rsquo;est pas exhaustive. Pour plus de ressources, veuillez contacter le Centre de bien-\u00eatre de l&rsquo;Ouest-de-l&rsquo;\u00cele pour les personnes atteintes de cancer :<strong> <a class=\"fw-bold text-dark\" href=\"tel:+15146959355\">(514) 695-9355<\/a><\/strong>.<\/p>\t\t\t\t\t\t\t\t<\/div>\n\t\t\t\t<div class=\"elementor-element elementor-element-aae81f3 elementor-widget elementor-widget-text-editor\" data-id=\"aae81f3\" data-element_type=\"widget\" data-widget_type=\"text-editor.default\">\n\t\t\t\t\t\t\t\t\t<p>Les aidants jouent un r\u00f4le essentiel dans la vie de ceux atteints du cancer, jouant souvent le r\u00f4le d&rsquo;organisateurs, de d\u00e9fendeur et de point d&rsquo;ancrage \u00e9motionnel. Cependant, \u00eatre l\u00e0 pour quelqu&rsquo;un d&rsquo;autre en tout temps peut \u00eatre \u00e9puisant. C&rsquo;est pourquoi nous proposons des programmes sp\u00e9cialement con\u00e7us pour les aidants, des espaces pour se reposer, se r\u00e9\u00e9nergiser et \u00e9tablir des liens avec d&rsquo;autres personnes qui ont v\u00e9cu des situations similaires.<\/p>\t\t\t\t\t\t\t\t<\/div>\n\t\t\t\t<div class=\"elementor-element elementor-element-f47ffe5 elementor-widget elementor-widget-heading\" data-id=\"f47ffe5\" data-element_type=\"widget\" data-widget_type=\"heading.default\">\n\t\t\t\t\t<h2 class=\"elementor-heading-title elementor-size-default\">Ressources pour les Aidants Offerts au WICWC:<\/h2>\t\t\t\t<\/div>\n\t\t\t\t<div class=\"elementor-element elementor-element-5e7b91b elementor-widget elementor-widget-heading\" data-id=\"5e7b91b\" data-element_type=\"widget\" data-widget_type=\"heading.default\">\n\t\t\t\t\t<h6 class=\"elementor-heading-title elementor-size-default\">Workshop pour aidants<\/h6>\t\t\t\t<\/div>\n\t\t\t\t<div class=\"elementor-element elementor-element-c27546b elementor-widget elementor-widget-text-editor\" data-id=\"c27546b\" data-element_type=\"widget\" data-widget_type=\"text-editor.default\">\n\t\t\t\t\t\t\t\t\t<p><span style=\"font-weight: 400;\">D\u00e9couvrez l\u2019aidant qui est en vous : Participez \u00e0 notre Atelier \u00c9ducatif!<\/span><\/p><ul><li><span style=\"font-weight: 400;\">\u00cates-vous un aidant qui fait souvent passer les besoins des autres avant les siens ? Il est temps de reconna\u00eetre le r\u00f4le inestimable que vous jouez et de donner la priorit\u00e9 \u00e0 votre propre bien-\u00eatre ! Nous vous invitons \u00e0 participer \u00e0 notre prochain atelier \u00e9ducatif con\u00e7u sp\u00e9cialement pour les sympathisants comme vous.<\/span><\/li><li><span style=\"font-weight: 400;\">Pourquoi y assister<\/span>:<ul><li><span style=\"font-weight: 400;\">S&rsquo;identifier en tant qu\u2019aidant : De nombreux aidants ne r\u00e9alisent pas l&rsquo;importance de reconna\u00eetre leur r\u00f4le. Cet atelier vous aidera \u00e0 reconna\u00eetre et \u00e0 accepter votre identit\u00e9 d&rsquo;aidant proche, ce qui vous permettra de fournir le meilleur soutien possible \u00e0 vos aimants.<\/span><\/li><li><span style=\"font-weight: 400;\">Strat\u00e9gies d&rsquo;autosoins : Prendre soin des autres peut \u00eatre \u00e9puisant sur le plan \u00e9motionnel et physique. Apprenez des strat\u00e9gies pratiques d&rsquo;autosoins pour recharger votre esprit et pr\u00e9server votre sant\u00e9. Vous m\u00e9ritez de prendre soin de vous !<\/span><\/li><li><span style=\"font-weight: 400;\">Communaut\u00e9 et soutien : Entrez en contact avec des personnes qui partagent votre exp\u00e9rience. La cr\u00e9ation d&rsquo;un r\u00e9seau d\u2019aidant peut vous apporter des ressources et des amiti\u00e9s pr\u00e9cieuses.!<\/span><span style=\"font-weight: 400;\">Explorez nos services : D\u00e9couvrez comment notre organisation peut vous aider dans votre parcours d\u2019aidant!<\/span><\/li><\/ul><\/li><\/ul>\t\t\t\t\t\t\t\t<\/div>\n\t\t\t\t<div class=\"elementor-element elementor-element-e8d1f4f elementor-widget elementor-widget-spacer\" data-id=\"e8d1f4f\" data-element_type=\"widget\" data-widget_type=\"spacer.default\">\n\t\t\t\t\t\t\t<div class=\"elementor-spacer\">\n\t\t\t<div class=\"elementor-spacer-inner\"><\/div>\n\t\t<\/div>\n\t\t\t\t\t\t<\/div>\n\t\t\t\t<div class=\"elementor-element elementor-element-1fe4c17 elementor-widget elementor-widget-heading\" data-id=\"1fe4c17\" data-element_type=\"widget\" data-widget_type=\"heading.default\">\n\t\t\t\t\t<h6 class=\"elementor-heading-title elementor-size-default\">Programme de Pair \u00e0 Pair<\/h6>\t\t\t\t<\/div>\n\t\t\t\t<div class=\"elementor-element elementor-element-3ad1a9e elementor-widget elementor-widget-text-editor\" data-id=\"3ad1a9e\" data-element_type=\"widget\" data-widget_type=\"text-editor.default\">\n\t\t\t\t\t\t\t\t\t<p><span style=\"font-weight: 400;\">Les programmes de soutien partagent leurs exp\u00e9riences, fournissent des informations et offrent un soutien confidentiel pour r\u00e9pondre aux besoins \u00e9motionnels et pratiques. <\/span><\/p>\n<p><span style=\"font-weight: 400;\">Veuillez noter que les b\u00e9n\u00e9voles ne donnent pas de conseils m\u00e9dicaux.<\/span><\/p>\n\t\t\t\t\t\t\t\t<\/div>\n\t\t\t\t<div class=\"elementor-element elementor-element-45c3def elementor-widget elementor-widget-text-editor\" data-id=\"45c3def\" data-element_type=\"widget\" data-widget_type=\"text-editor.default\">\n\t\t\t\t\t\t\t\t\t<p>Pour plus d&rsquo;information sur les services offerts au centre, s&rsquo;il vous pla\u00eet visiter notre <span style=\"text-decoration: underline;\"><a href=\"https:\/\/www.wicwc.com\/fr\/calendrier\/\">calendrier du mois.\u00a0<\/a><\/span><\/p>\n\t\t\t\t\t\t\t\t<\/div>\n\t\t\t\t\t<\/div>\n\t\t\t\t<\/div>\n\t\t<div class=\"elementor-element elementor-element-42ed6ba e-flex e-con-boxed e-con e-parent\" data-id=\"42ed6ba\" data-element_type=\"container\">\n\t\t\t\t\t<div class=\"e-con-inner\">\n\t\t\t\t<div class=\"elementor-element elementor-element-a4a9d88 elementor-widget elementor-widget-heading\" data-id=\"a4a9d88\" data-element_type=\"widget\" data-widget_type=\"heading.default\">\n\t\t\t\t\t<h2 class=\"elementor-heading-title elementor-size-default\">Ressources pour les aidants d'une personne atteinte d'un cancer :<\/h2>\t\t\t\t<\/div>\n\t\t\t\t\t<\/div>\n\t\t\t\t<\/div>\n\t\t<div class=\"elementor-element elementor-element-721cc4b e-con-full e-flex e-con e-parent\" data-id=\"721cc4b\" data-element_type=\"container\">\n\t\t\t\t<div class=\"elementor-element elementor-element-85dbd4f elementor-widget elementor-widget-heading\" data-id=\"85dbd4f\" data-element_type=\"widget\" data-widget_type=\"heading.default\">\n\t\t\t\t\t<p class=\"elementor-heading-title elementor-size-default\"><a href=\"http:\/\/wicwc.org\" target=\"_blank\"> \u2022 Le Centre de bien-\u00eatre de l\u2019Ouest-de-l\u2019\u00cele pour les personnes atteintes de cancer : <span class=\"text-decoration-underline\">wicwc.org<\/span><\/a><\/p>\t\t\t\t<\/div>\n\t\t\t\t<div class=\"elementor-element elementor-element-f38dd60 ancColor elementor-widget elementor-widget-text-editor\" data-id=\"f38dd60\" data-element_type=\"widget\" data-widget_type=\"text-editor.default\">\n\t\t\t\t\t\t\t\t\t<ul><li>\u00a0Le centre offre des services gratuits aux personnes atteintes d&rsquo;un cancer, qu&rsquo;elles en soient elles-m\u00eames atteintes ou qu&rsquo;elles soutiennent une personne atteinte d&rsquo;un cancer. Parmi les programmes et services propos\u00e9s, citons l&rsquo;acupression, le reiki, les groupes de soutien, la cuisine nutritionnelle, les conseils priv\u00e9s, la massoth\u00e9rapie, le yoga, la m\u00e9ditation et bien d&rsquo;autres encore.<\/li><\/ul>\t\t\t\t\t\t\t\t<\/div>\n\t\t\t\t<div class=\"elementor-element elementor-element-f82be51 elementor-widget elementor-widget-heading\" data-id=\"f82be51\" data-element_type=\"widget\" data-widget_type=\"heading.default\">\n\t\t\t\t\t<p class=\"elementor-heading-title elementor-size-default\"><a href=\"https:\/\/www.cancercare.org\/\" target=\"_blank\"> \u2022 Soins pour le cancer <span class=\"text-decoration-underline\">: https:\/\/www.cancercare.org\/<\/span><\/a><\/p>\t\t\t\t<\/div>\n\t\t\t\t<div class=\"elementor-element elementor-element-b205957 ancColor elementor-widget elementor-widget-text-editor\" data-id=\"b205957\" data-element_type=\"widget\" data-widget_type=\"text-editor.default\">\n\t\t\t\t\t\t\t\t\t<ul><li>Groupes de soutien gratuits en ligne anim\u00e9s par un travailleur social en oncologie. Il existe une vari\u00e9t\u00e9 de groupes de soutien pour les aidants. Il existe \u00e9galement un groupe de soutien t\u00e9l\u00e9phonique de 12 semaines pour les aidants.<\/li><\/ul>\t\t\t\t\t\t\t\t<\/div>\n\t\t\t\t<div class=\"elementor-element elementor-element-8f898d8 elementor-widget elementor-widget-heading\" data-id=\"8f898d8\" data-element_type=\"widget\" data-widget_type=\"heading.default\">\n\t\t\t\t\t<p class=\"elementor-heading-title elementor-size-default\"><a href=\"https:\/\/mycancercircle.lotsahelpinghands.com\/caregi%E2%80%8Bving\/home\/\" target=\"_blank\"> \u2022 My Cancer Circle: <span class=\"text-decoration-underline word-break\">https:\/\/mycancercircle.lotsahelpinghands.com\/caregi%E2%80%8Bving\/home\/<\/span><\/a><\/p>\t\t\t\t<\/div>\n\t\t\t\t<div class=\"elementor-element elementor-element-fc4f0b8 ancColor elementor-widget elementor-widget-text-editor\" data-id=\"fc4f0b8\" data-element_type=\"widget\" data-widget_type=\"text-editor.default\">\n\t\t\t\t\t\t\t\t\t<ul><li>My Cancer Circle est un outil en ligne simple qui aide \u00e0 organiser la communaut\u00e9 des personnes qui souhaitent vous aider. Il coordonne leurs efforts afin de vous soutenir plus efficacement, vous et vos proches confront\u00e9s au cancer.<\/li><\/ul>\t\t\t\t\t\t\t\t<\/div>\n\t\t\t\t<div class=\"elementor-element elementor-element-1197fec elementor-widget elementor-widget-heading\" data-id=\"1197fec\" data-element_type=\"widget\" data-widget_type=\"heading.default\">\n\t\t\t\t\t<p class=\"elementor-heading-title elementor-size-default\"><a href=\"https:\/\/www.hopeandcope.ca\/\" target=\"_blank\"> \u2022 Hope and Cope <span class=\"text-decoration-underline\">: https:\/\/www.hopeandcope.ca\/<\/span><\/a><\/p>\t\t\t\t<\/div>\n\t\t\t\t<div class=\"elementor-element elementor-element-71209b3 ancColor elementor-widget elementor-widget-text-editor\" data-id=\"71209b3\" data-element_type=\"widget\" data-widget_type=\"text-editor.default\">\n\t\t\t\t\t\t\t\t\t<ul><li>\u00a0Hope and cope propose une vari\u00e9t\u00e9 de groupes de soutien et d&rsquo;ateliers de bien-\u00eatre sur des sujets tels que l&rsquo;exercice, la nutrition, la r\u00e9duction du stress et les arts cr\u00e9atifs. Ces services sont ouverts aux personnes touch\u00e9es par le cancer et \u00e0 leurs proches.<\/li><\/ul>\t\t\t\t\t\t\t\t<\/div>\n\t\t\t\t<div class=\"elementor-element elementor-element-4c764a7 ancColor elementor-widget elementor-widget-text-editor\" data-id=\"4c764a7\" data-element_type=\"widget\" data-widget_type=\"text-editor.default\">\n\t\t\t\t\t\t\t\t\t<p><span class=\"text-brown fw-medium\">\u2022 Guide pour aidants:<\/span><\/p><p>Cliquez <strong><span style=\"color: #74af0d;\"><a class=\"ancColor text-brown text-decoration-underline\" href=\"https:\/\/www.wicwc.com\/fr\/cancer_guide_for_caregivers-fr-2\/\">ICI <\/a><\/span><\/strong>pour t\u00e9l\u00e9charger<\/p>\t\t\t\t\t\t\t\t<\/div>\n\t\t\t\t<\/div>\n\t\t<div class=\"elementor-element elementor-element-20d47a9 e-con-full e-flex e-con e-parent\" data-id=\"20d47a9\" data-element_type=\"container\" data-settings=\"{&quot;background_background&quot;:&quot;classic&quot;}\">\n\t\t\t\t<div class=\"elementor-element elementor-element-333b7a4 elementor-widget elementor-widget-heading\" data-id=\"333b7a4\" data-element_type=\"widget\" data-widget_type=\"heading.default\">\n\t\t\t\t\t<h2 class=\"elementor-heading-title elementor-size-default\">Besoin d'aide ?<\/h2>\t\t\t\t<\/div>\n\t\t\t\t<div class=\"elementor-element elementor-element-dc53ef9 elementor-align-center elementor-widget elementor-widget-button\" data-id=\"dc53ef9\" data-element_type=\"widget\" data-widget_type=\"button.default\">\n\t\t\t\t\t\t\t\t\t\t<a class=\"elementor-button elementor-button-link elementor-size-sm\" href=\"#\">\n\t\t\t\t\t\t<span class=\"elementor-button-content-wrapper\">\n\t\t\t\t\t\t\t\t\t<span class=\"elementor-button-text\">Contactez nous<\/span>\n\t\t\t\t\t<\/span>\n\t\t\t\t\t<\/a>\n\t\t\t\t\t\t\t\t<\/div>\n\t\t\t\t<\/div>\n\t\t\t\t<\/div>\n\t\t","protected":false},"excerpt":{"rendered":"<p>Ressources pour les aidants Veuillez noter que cette liste n&rsquo;est pas exhaustive. Pour plus de ressources, veuillez contacter le Centre de bien-\u00eatre de l&rsquo;Ouest-de-l&rsquo;\u00cele pour les personnes atteintes de cancer : (514) 695-9355. Les aidants jouent un r\u00f4le essentiel dans la vie de ceux atteints du cancer, jouant souvent le r\u00f4le d&rsquo;organisateurs, de d\u00e9fendeur et [&hellip;]<\/p>\n","protected":false},"author":1,"featured_media":0,"parent":8702,"menu_order":0,"comment_status":"closed","ping_status":"closed","template":"elementor_header_footer","meta":{"inline_featured_image":false,"footnotes":""},"class_list":["post-8706","page","type-page","status-publish","hentry"],"_links":{"self":[{"href":"https:\/\/www.wicwc.com\/fr\/wp-json\/wp\/v2\/pages\/8706","targetHints":{"allow":["GET"]}}],"collection":[{"href":"https:\/\/www.wicwc.com\/fr\/wp-json\/wp\/v2\/pages"}],"about":[{"href":"https:\/\/www.wicwc.com\/fr\/wp-json\/wp\/v2\/types\/page"}],"author":[{"embeddable":true,"href":"https:\/\/www.wicwc.com\/fr\/wp-json\/wp\/v2\/users\/1"}],"replies":[{"embeddable":true,"href":"https:\/\/www.wicwc.com\/fr\/wp-json\/wp\/v2\/comments?post=8706"}],"version-history":[{"count":0,"href":"https:\/\/www.wicwc.com\/fr\/wp-json\/wp\/v2\/pages\/8706\/revisions"}],"up":[{"embeddable":true,"href":"https:\/\/www.wicwc.com\/fr\/wp-json\/wp\/v2\/pages\/8702"}],"wp:attachment":[{"href":"https:\/\/www.wicwc.com\/fr\/wp-json\/wp\/v2\/media?parent=8706"}],"curies":[{"name":"wp","href":"https:\/\/api.w.org\/{rel}","templated":true}]}}