{"id":8718,"date":"2024-05-03T07:09:39","date_gmt":"2024-05-03T07:09:39","guid":{"rendered":"https:\/\/34.56.50.226evenements\/"},"modified":"2024-10-15T13:58:28","modified_gmt":"2024-10-15T13:58:28","slug":"evenements","status":"publish","type":"page","link":"https:\/\/www.wicwc.com\/fr\/evenements\/","title":{"rendered":"Ev\u00e9nements"},"content":{"rendered":"\t\t<div data-elementor-type=\"wp-page\" data-elementor-id=\"8718\" class=\"elementor elementor-8718 elementor-1363\" data-elementor-post-type=\"page\">\n\t\t\t\t<div class=\"elementor-element elementor-element-a43d7bb e-con-full e-flex e-con e-parent\" data-id=\"a43d7bb\" data-element_type=\"container\" data-settings=\"{&quot;background_background&quot;:&quot;classic&quot;}\">\n\t\t\t\t<div class=\"elementor-element elementor-element-76a7910 elementor-widget elementor-widget-heading\" data-id=\"76a7910\" data-element_type=\"widget\" data-widget_type=\"heading.default\">\n\t\t\t\t\t<h1 class=\"elementor-heading-title elementor-size-default\">\u00c9v\u00e9nements<\/h1>\t\t\t\t<\/div>\n\t\t\t\t<div class=\"elementor-element elementor-element-b5d572c elementor-widget__width-initial elementor-widget elementor-widget-heading\" data-id=\"b5d572c\" data-element_type=\"widget\" data-widget_type=\"heading.default\">\n\t\t\t\t\t<h6 class=\"elementor-heading-title elementor-size-default\">Les programmes du Centre sont GRATUITS, gr\u00e2ce \u00e0 nos activit\u00e9s de collecte de fonds. Nous sommes tr\u00e8s reconnaissants du soutien de la communaut\u00e9 et de la g\u00e9n\u00e9rosit\u00e9 de nos donateurs.<\/h6>\t\t\t\t<\/div>\n\t\t\t\t<\/div>\n\t\t<div class=\"elementor-element elementor-element-b227f3d e-con-full e-flex e-con e-parent\" data-id=\"b227f3d\" data-element_type=\"container\">\n\t\t<div class=\"elementor-element elementor-element-2f8e4b1 e-con-full e-flex e-con e-child\" data-id=\"2f8e4b1\" data-element_type=\"container\" data-settings=\"{&quot;background_background&quot;:&quot;classic&quot;}\">\n\t\t\t\t<div class=\"elementor-element elementor-element-a4bcb07 rounded-right-lg elementor-widget elementor-widget-image\" data-id=\"a4bcb07\" data-element_type=\"widget\" data-widget_type=\"image.default\">\n\t\t\t\t\t\t\t\t\t\t\t\t\t\t\t<img fetchpriority=\"high\" decoding=\"async\" width=\"472\" height=\"408\" src=\"https:\/\/www.wicwc.com\/wp-content\/uploads\/2024\/05\/Mask-Group-10-10.png\" class=\"attachment-full size-full wp-image-6775\" alt=\"\" srcset=\"https:\/\/www.wicwc.com\/wp-content\/uploads\/2024\/05\/Mask-Group-10-10.png 472w, https:\/\/www.wicwc.com\/wp-content\/uploads\/2024\/05\/Mask-Group-10-10-300x259.png 300w\" sizes=\"(max-width: 472px) 100vw, 472px\" \/>\t\t\t\t\t\t\t\t\t\t\t\t\t\t\t<\/div>\n\t\t\t\t<\/div>\n\t\t<div class=\"elementor-element elementor-element-af639c4 e-con-full content__width e-flex e-con e-child\" data-id=\"af639c4\" data-element_type=\"container\">\n\t\t\t\t<div class=\"elementor-element elementor-element-9542813 elementor-widget elementor-widget-heading\" data-id=\"9542813\" data-element_type=\"widget\" data-widget_type=\"heading.default\">\n\t\t\t\t\t<h3 class=\"elementor-heading-title elementor-size-default\">Le D\u00e9fi des braves<\/h3>\t\t\t\t<\/div>\n\t\t\t\t<div class=\"elementor-element elementor-element-2d818a2 elementor-widget elementor-widget-text-editor\" data-id=\"2d818a2\" data-element_type=\"widget\" data-widget_type=\"text-editor.default\">\n\t\t\t\t\t\t\t\t\t<p>Pr\u00e9parez-vous \u00e0 vivre l\u2019aventure ultime! Le D\u00e9fi des braves est une activit\u00e9 de financement bas\u00e9e sur l\u2019\u00e9mission t\u00e9l\u00e9vis\u00e9e \u00e0 succ\u00e8s, la Course incroyable. Vingt-quatre (24) \u00e9quipes de quatre participeront \u00e0 des d\u00e9fis passionnants con\u00e7us autour du concept de nos sept piliers du bien-\u00eatre du cancer : social, spirituel, physique, \u00e9motionnel, informationnel, syst\u00e9mique et pratique.<\/p>\t\t\t\t\t\t\t\t<\/div>\n\t\t\t\t<div class=\"elementor-element elementor-element-e6275ab elementor-align-left elementor-widget elementor-widget-button\" data-id=\"e6275ab\" data-element_type=\"widget\" data-widget_type=\"button.default\">\n\t\t\t\t\t\t\t\t\t\t<a class=\"elementor-button elementor-button-link elementor-size-sm\" href=\"https:\/\/www.wicwc.com\/fr\/le-defi-des-braves\/\">\n\t\t\t\t\t\t<span class=\"elementor-button-content-wrapper\">\n\t\t\t\t\t\t\t\t\t<span class=\"elementor-button-text\">En savoir plus<\/span>\n\t\t\t\t\t<\/span>\n\t\t\t\t\t<\/a>\n\t\t\t\t\t\t\t\t<\/div>\n\t\t\t\t<\/div>\n\t\t\t\t<\/div>\n\t\t<div class=\"elementor-element elementor-element-19ed11a e-con-full e-flex e-con e-parent\" data-id=\"19ed11a\" data-element_type=\"container\">\n\t\t<div class=\"elementor-element elementor-element-54abb3d e-con-full content__width e-flex e-con e-child\" data-id=\"54abb3d\" data-element_type=\"container\">\n\t\t\t\t<div class=\"elementor-element elementor-element-6b9a604 elementor-widget elementor-widget-heading\" data-id=\"6b9a604\" data-element_type=\"widget\" data-widget_type=\"heading.default\">\n\t\t\t\t\t<h3 class=\"elementor-heading-title elementor-size-default\">Tournoi de golf<\/h3>\t\t\t\t<\/div>\n\t\t\t\t<div class=\"elementor-element elementor-element-653e82b elementor-widget elementor-widget-text-editor\" data-id=\"653e82b\" data-element_type=\"widget\" data-widget_type=\"text-editor.default\">\n\t\t\t\t\t\t\t\t\t<p>Notre tournoi de golf annuel &#8211; une tradition depuis 2009 ! Joignez-vous \u00e0 nous pour un \u00e9v\u00e9nement de collecte de fonds important.<\/p><p>Jouez pour une bonne cause !<\/p>\t\t\t\t\t\t\t\t<\/div>\n\t\t\t\t<div class=\"elementor-element elementor-element-bd54736 elementor-align-left elementor-mobile-align-center elementor-widget elementor-widget-button\" data-id=\"bd54736\" data-element_type=\"widget\" data-widget_type=\"button.default\">\n\t\t\t\t\t\t\t\t\t\t<a class=\"elementor-button elementor-button-link elementor-size-sm\" href=\"\/golf-tournament\/\">\n\t\t\t\t\t\t<span class=\"elementor-button-content-wrapper\">\n\t\t\t\t\t\t\t\t\t<span class=\"elementor-button-text\">En savoir plus<\/span>\n\t\t\t\t\t<\/span>\n\t\t\t\t\t<\/a>\n\t\t\t\t\t\t\t\t<\/div>\n\t\t\t\t<\/div>\n\t\t<div class=\"elementor-element elementor-element-0d62f9a e-con-full e-flex e-con e-child\" data-id=\"0d62f9a\" data-element_type=\"container\" data-settings=\"{&quot;background_background&quot;:&quot;classic&quot;}\">\n\t\t\t\t<div class=\"elementor-element elementor-element-a3360a2 rounded-left-lg elementor-widget elementor-widget-image\" data-id=\"a3360a2\" data-element_type=\"widget\" data-widget_type=\"image.default\">\n\t\t\t\t\t\t\t\t\t\t\t\t\t\t\t<img decoding=\"async\" width=\"472\" height=\"408\" src=\"https:\/\/www.wicwc.com\/wp-content\/uploads\/2024\/05\/Mask-Group-14-4.png\" class=\"attachment-full size-full wp-image-6779\" alt=\"\" srcset=\"https:\/\/www.wicwc.com\/wp-content\/uploads\/2024\/05\/Mask-Group-14-4.png 472w, https:\/\/www.wicwc.com\/wp-content\/uploads\/2024\/05\/Mask-Group-14-4-300x259.png 300w\" sizes=\"(max-width: 472px) 100vw, 472px\" \/>\t\t\t\t\t\t\t\t\t\t\t\t\t\t\t<\/div>\n\t\t\t\t<\/div>\n\t\t\t\t<\/div>\n\t\t<div class=\"elementor-element elementor-element-4270693 e-flex e-con-boxed e-con e-parent\" data-id=\"4270693\" data-element_type=\"container\">\n\t\t\t\t\t<div class=\"e-con-inner\">\n\t\t\t\t<div class=\"elementor-element elementor-element-b55333d elementor-widget elementor-widget-heading\" data-id=\"b55333d\" data-element_type=\"widget\" data-widget_type=\"heading.default\">\n\t\t\t\t\t<h2 class=\"elementor-heading-title elementor-size-default\">Vous souhaitez organiser un \u00e9v\u00e9nement ?<\/h2>\t\t\t\t<\/div>\n\t\t\t\t<div class=\"elementor-element elementor-element-fa7df41 elementor-widget elementor-widget-text-editor\" data-id=\"fa7df41\" data-element_type=\"widget\" data-widget_type=\"text-editor.default\">\n\t\t\t\t\t\t\t\t\t<p>Organisez une collecte de fonds communautaire pour faire un impact ! Qu&rsquo;il s&rsquo;agisse de petits rassemblements ou d&rsquo;initiatives d&rsquo;entreprise, chaque effort soutient le Centre de bien-\u00eatre de l&rsquo;Ouest-de-l&rsquo;\u00cele pour les personnes atteintes de cancer. En l&rsquo;absence de financement gouvernemental, vos id\u00e9es sont cruciales pour notre cause.<\/p>\t\t\t\t\t\t\t\t<\/div>\n\t\t\t\t<div class=\"elementor-element elementor-element-b203a5f elementor-align-center elementor-widget elementor-widget-button\" data-id=\"b203a5f\" data-element_type=\"widget\" data-widget_type=\"button.default\">\n\t\t\t\t\t\t\t\t\t\t<a class=\"elementor-button elementor-button-link elementor-size-sm\" href=\"https:\/\/www.wicwc.com\/hold-a-community-event\/\">\n\t\t\t\t\t\t<span class=\"elementor-button-content-wrapper\">\n\t\t\t\t\t\t\t\t\t<span class=\"elementor-button-text\">En savoir plus<\/span>\n\t\t\t\t\t<\/span>\n\t\t\t\t\t<\/a>\n\t\t\t\t\t\t\t\t<\/div>\n\t\t\t\t\t<\/div>\n\t\t\t\t<\/div>\n\t\t\t\t<\/div>\n\t\t","protected":false},"excerpt":{"rendered":"<p>\u00c9v\u00e9nements Les programmes du Centre sont GRATUITS, gr\u00e2ce \u00e0 nos activit\u00e9s de collecte de fonds. Nous sommes tr\u00e8s reconnaissants du soutien de la communaut\u00e9 et de la g\u00e9n\u00e9rosit\u00e9 de nos donateurs. Le D\u00e9fi des braves Pr\u00e9parez-vous \u00e0 vivre l\u2019aventure ultime! Le D\u00e9fi des braves est une activit\u00e9 de financement bas\u00e9e sur l\u2019\u00e9mission t\u00e9l\u00e9vis\u00e9e \u00e0 succ\u00e8s, [&hellip;]<\/p>\n","protected":false},"author":1,"featured_media":0,"parent":0,"menu_order":0,"comment_status":"closed","ping_status":"closed","template":"elementor_header_footer","meta":{"inline_featured_image":false,"footnotes":""},"class_list":["post-8718","page","type-page","status-publish","hentry"],"_links":{"self":[{"href":"https:\/\/www.wicwc.com\/fr\/wp-json\/wp\/v2\/pages\/8718","targetHints":{"allow":["GET"]}}],"collection":[{"href":"https:\/\/www.wicwc.com\/fr\/wp-json\/wp\/v2\/pages"}],"about":[{"href":"https:\/\/www.wicwc.com\/fr\/wp-json\/wp\/v2\/types\/page"}],"author":[{"embeddable":true,"href":"https:\/\/www.wicwc.com\/fr\/wp-json\/wp\/v2\/users\/1"}],"replies":[{"embeddable":true,"href":"https:\/\/www.wicwc.com\/fr\/wp-json\/wp\/v2\/comments?post=8718"}],"version-history":[{"count":0,"href":"https:\/\/www.wicwc.com\/fr\/wp-json\/wp\/v2\/pages\/8718\/revisions"}],"wp:attachment":[{"href":"https:\/\/www.wicwc.com\/fr\/wp-json\/wp\/v2\/media?parent=8718"}],"curies":[{"name":"wp","href":"https:\/\/api.w.org\/{rel}","templated":true}]}}