{"id":8722,"date":"2024-04-30T10:23:00","date_gmt":"2024-04-30T10:23:00","guid":{"rendered":"https:\/\/34.56.50.226ressources-sur-le-cancer\/enfants\/"},"modified":"2025-03-04T20:48:33","modified_gmt":"2025-03-04T20:48:33","slug":"enfants","status":"publish","type":"page","link":"https:\/\/www.wicwc.com\/fr\/ressources-sur-le-cancer\/enfants\/","title":{"rendered":"Les enfants"},"content":{"rendered":"\t\t<div data-elementor-type=\"wp-page\" data-elementor-id=\"8722\" class=\"elementor elementor-8722 elementor-1166\" data-elementor-post-type=\"page\">\n\t\t\t\t<div class=\"elementor-element elementor-element-f321b2c e-con-full e-flex e-con e-parent\" data-id=\"f321b2c\" data-element_type=\"container\" data-settings=\"{&quot;background_background&quot;:&quot;classic&quot;}\">\n\t\t\t\t<div class=\"elementor-element elementor-element-a486fe3 elementor-widget elementor-widget-heading\" data-id=\"a486fe3\" data-element_type=\"widget\" data-widget_type=\"heading.default\">\n\t\t\t\t\t<h3 class=\"elementor-heading-title elementor-size-default\">Ressources pour les enfants<\/h3>\t\t\t\t<\/div>\n\t\t\t\t<\/div>\n\t\t<div class=\"elementor-element elementor-element-2c39f99 e-flex e-con-boxed e-con e-parent\" data-id=\"2c39f99\" data-element_type=\"container\">\n\t\t\t\t\t<div class=\"e-con-inner\">\n\t\t\t\t<div class=\"elementor-element elementor-element-19256d4 ancColor elementor-widget elementor-widget-text-editor\" data-id=\"19256d4\" data-element_type=\"widget\" data-widget_type=\"text-editor.default\">\n\t\t\t\t\t\t\t\t\t<p>Veuillez noter que cette liste n&rsquo;est pas exhaustive. Pour plus de ressources, veuillez contacter le Centre de bien-\u00eatre de l&rsquo;Ouest-de-l&rsquo;\u00cele pour les personnes atteintes de cancer : <strong><a class=\"fw-bold text-dark\" href=\"tel:+15146959355\">(514) 695-9355<\/a><\/strong>. <\/p>\n\t\t\t\t\t\t\t\t<\/div>\n\t\t\t\t\t<\/div>\n\t\t\t\t<\/div>\n\t\t<div class=\"elementor-element elementor-element-f3110d8 e-flex e-con-boxed e-con e-parent\" data-id=\"f3110d8\" data-element_type=\"container\">\n\t\t\t\t\t<div class=\"e-con-inner\">\n\t\t\t\t<div class=\"elementor-element elementor-element-dde460f elementor-widget elementor-widget-heading\" data-id=\"dde460f\" data-element_type=\"widget\" data-widget_type=\"heading.default\">\n\t\t\t\t\t<h2 class=\"elementor-heading-title elementor-size-default\">Ressources pour les enfants atteints de cancer :<\/h2>\t\t\t\t<\/div>\n\t\t\t\t\t<\/div>\n\t\t\t\t<\/div>\n\t\t<div class=\"elementor-element elementor-element-4542f78 e-flex e-con-boxed e-con e-parent\" data-id=\"4542f78\" data-element_type=\"container\">\n\t\t\t\t\t<div class=\"e-con-inner\">\n\t\t\t\t<div class=\"elementor-element elementor-element-61cd707 elementor-widget elementor-widget-heading\" data-id=\"61cd707\" data-element_type=\"widget\" data-widget_type=\"heading.default\">\n\t\t\t\t\t<p class=\"elementor-heading-title elementor-size-default\"><a href=\"https:\/\/www.childhoodcancer.ca\/Our-Support\/Programs\" target=\"_blank\">\u2022 Childhood cancer Canada: <span class=\"text-decoration-underline word-break\">https:\/\/www.childhoodcancer.ca\/Our-Support\/Programs<span><\/a><\/p>\t\t\t\t<\/div>\n\t\t\t\t<div class=\"elementor-element elementor-element-a9b8e4e ancColor elementor-widget elementor-widget-text-editor\" data-id=\"a9b8e4e\" data-element_type=\"widget\" data-widget_type=\"text-editor.default\">\n\t\t\t\t\t\t\t\t\t<p> &#8211; Cancer de l&rsquo;enfance Canada envoie des trousses emPower \u00e0 toutes les familles canadiennes dont l&rsquo;enfant vient de recevoir un diagnostic de cancer. Ces trousses emPower fournissent aux familles des informations et de l&rsquo;inspiration pour faire face \u00e0 la suite des \u00e9v\u00e9nements. Les trousses emPower comprennent : une couverture de confort, une tablette, des \u00e9couteurs, un coffre \u00e0 espoir d\u00e9cor\u00e9, des livres et un sac \u00e0 dos.  <\/p>\n\t\t\t\t\t\t\t\t<\/div>\n\t\t\t\t<div class=\"elementor-element elementor-element-7d47781 elementor-widget elementor-widget-heading\" data-id=\"7d47781\" data-element_type=\"widget\" data-widget_type=\"heading.default\">\n\t\t\t\t\t<p class=\"elementor-heading-title elementor-size-default\"><a href=\"http:\/\/starlightquebec.org\" target=\"_blank\">\u2022 Starlight Foundation: <span class=\"text-decoration-underline\">starlightquebec.org<span>\n<\/a><\/p>\t\t\t\t<\/div>\n\t\t\t\t<div class=\"elementor-element elementor-element-2f346ff ancColor elementor-widget elementor-widget-text-editor\" data-id=\"2f346ff\" data-element_type=\"widget\" data-widget_type=\"text-editor.default\">\n\t\t\t\t\t\t\t\t\t<p> Les grandes \u00e9vasions Starlight : Ce sont des aventures \u00ab tout compris \u00bb pour les familles, leur permettant de se d\u00e9tendre et de s\u2019amuser pendant que quelqu\u2019un d\u2019autre se soucie des d\u00e9tails.<br \/> \u2022 La r\u00e9alisation de v\u0153ux Starlight : Ce programme offre une exp\u00e9rience unique aux enfants de 4 \u00e0 18 ans qui sont gravement malades.<\/p>\n\t\t\t\t\t\t\t\t<\/div>\n\t\t\t\t<div class=\"elementor-element elementor-element-c5a587a elementor-widget elementor-widget-heading\" data-id=\"c5a587a\" data-element_type=\"widget\" data-widget_type=\"heading.default\">\n\t\t\t\t\t<p class=\"elementor-heading-title elementor-size-default\"><a href=\"http:\/\/www.phare-lighthouse.com\/en\" target=\"_blank\">\u2022 Le Phare: <span class=\"text-decoration-underline word-break\">http:\/\/www.phare-lighthouse.com\/en<\/span><\/a><\/p>\t\t\t\t<\/div>\n\t\t\t\t<div class=\"elementor-element elementor-element-3bf341e ancColor elementor-widget elementor-widget-text-editor\" data-id=\"3bf341e\" data-element_type=\"widget\" data-widget_type=\"text-editor.default\">\n\t\t\t\t\t\t\t\t\t<p> \u2022 Ils offrent des services de rel\u00e8ve \u00e0 domicile et \u00e0 l\u2019ext\u00e9rieur \u00e0 la Maison Andr\u00e9-Gratton. Ils offrent \u00e9galement des services psychosociaux et des ateliers. <br \/> \u2022 Pour plus d\u2019informations ou pour faire appel \u00e0 leurs services, veuillez contacter une infirmi\u00e8re de liaison au 514 787-8801.<\/p>\n\t\t\t\t\t\t\t\t<\/div>\n\t\t\t\t<div class=\"elementor-element elementor-element-8bed5ea elementor-widget elementor-widget-heading\" data-id=\"8bed5ea\" data-element_type=\"widget\" data-widget_type=\"heading.default\">\n\t\t\t\t\t<p class=\"elementor-heading-title elementor-size-default\"><a href=\"https:\/\/www.leucan.qc.ca\/en\/\" target=\"_blank\">\u2022 Leucan: <span class=\"text-decoration-underline word-break\">https:\/\/www.leucan.qc.ca\/en\/<\/span><\/a><\/p>\t\t\t\t<\/div>\n\t\t\t\t<div class=\"elementor-element elementor-element-2b5446b ancColor elementor-widget elementor-widget-text-editor\" data-id=\"2b5446b\" data-element_type=\"widget\" data-widget_type=\"text-editor.default\">\n\t\t\t\t\t\t\t\t\t<p> \u2022 Leucan offre une aide financi\u00e8re aux familles et \u00e0 divers programmes hospitaliers, notamment une aide et un soutien affectifs, des activit\u00e9s socio-r\u00e9cr\u00e9atives, des services de soutien dans les salles de jeux et des massages th\u00e9rapeutiques.<\/p>\n\t\t\t\t\t\t\t\t<\/div>\n\t\t\t\t\t<\/div>\n\t\t\t\t<\/div>\n\t\t<div class=\"elementor-element elementor-element-2ef5857 e-flex e-con-boxed e-con e-parent\" data-id=\"2ef5857\" data-element_type=\"container\">\n\t\t\t\t\t<div class=\"e-con-inner\">\n\t\t\t\t<div class=\"elementor-element elementor-element-aca5119 elementor-widget elementor-widget-heading\" data-id=\"aca5119\" data-element_type=\"widget\" data-widget_type=\"heading.default\">\n\t\t\t\t\t<h2 class=\"elementor-heading-title elementor-size-default\">Ressources pour les membres de la famille de l\u2019enfant atteint de cancer<\/h2>\t\t\t\t<\/div>\n\t\t\t\t\t<\/div>\n\t\t\t\t<\/div>\n\t\t<div class=\"elementor-element elementor-element-cd52e83 e-flex e-con-boxed e-con e-parent\" data-id=\"cd52e83\" data-element_type=\"container\">\n\t\t\t\t\t<div class=\"e-con-inner\">\n\t\t\t\t<div class=\"elementor-element elementor-element-b963741 elementor-widget elementor-widget-heading\" data-id=\"b963741\" data-element_type=\"widget\" data-widget_type=\"heading.default\">\n\t\t\t\t\t<p class=\"elementor-heading-title elementor-size-default\"><a href=\"https:\/\/www.wicwc.com\/a-little-book-about-cancer\/\" target=\"_blank\">- Une petite livre sur le cancer :<\/a><\/p>\t\t\t\t<\/div>\n\t\t\t\t<div class=\"elementor-element elementor-element-3193da8 ancColor elementor-widget elementor-widget-text-editor\" data-id=\"3193da8\" data-element_type=\"widget\" data-widget_type=\"text-editor.default\">\n\t\t\t\t\t\t\t\t\t<p>&#8211; <a href=\"https:\/\/www.wicwc.com\/fr\/ressources-du-wicwc\/\">Un petit livre sur le cancer<\/a> est con\u00e7u pour aider les enfants qui vivent un cancer &#8211; par l&rsquo;interm\u00e9diaire d&rsquo;un parent, d&rsquo;un grand-parent ou d&rsquo;un autre membre de la famille &#8211; \u00e0 surmonter les moments difficiles. Le cancer peut \u00eatre d\u00e9routant et effrayant pour les enfants. Ce cahier est un outil que les adultes peuvent utiliser pour ouvrir le dialogue sur les sujets difficiles du cancer d&rsquo;une mani\u00e8re interactive et cr\u00e9ative.<\/p>\t\t\t\t\t\t\t\t<\/div>\n\t\t\t\t<div class=\"elementor-element elementor-element-5cb04ba elementor-widget elementor-widget-heading\" data-id=\"5cb04ba\" data-element_type=\"widget\" data-widget_type=\"heading.default\">\n\t\t\t\t\t<p class=\"elementor-heading-title elementor-size-default\"><a href=\"http:\/\/childhoodcancer.ca\/support\" target=\"_blank\">\u2022 Childhood cancer Canada: childhoodcancer.ca\/support<\/a><\/p>\t\t\t\t<\/div>\n\t\t\t\t<div class=\"elementor-element elementor-element-4e1b1a4 ancColor elementor-widget elementor-widget-text-editor\" data-id=\"4e1b1a4\" data-element_type=\"widget\" data-widget_type=\"text-editor.default\">\n\t\t\t\t\t\t\t\t\t<p> &#8211; Les fr\u00e8res et s\u0153urs d&rsquo;un enfant atteint d&rsquo;un cancer peuvent recevoir un pack emPower qui leur apporte le soutien et les ressources n\u00e9cessaires pour r\u00e9duire l&rsquo;incidence de l&rsquo;anxi\u00e9t\u00e9, de la d\u00e9pression et du syndrome de stress post-traumatique, qui sont g\u00e9n\u00e9ralement associ\u00e9s aux fr\u00e8res et s\u0153urs d&rsquo;enfants atteints d&rsquo;un cancer.<\/p>\n\t\t\t\t\t\t\t\t<\/div>\n\t\t\t\t<div class=\"elementor-element elementor-element-af12cd7 elementor-widget elementor-widget-heading\" data-id=\"af12cd7\" data-element_type=\"widget\" data-widget_type=\"heading.default\">\n\t\t\t\t\t<p class=\"elementor-heading-title elementor-size-default\"><a href=\"https:\/\/www.alexslemonade.org\/campaign\/supersibs-sibling-support-childhood-cancer-families\/supersib-materials\" target=\"_blank\">\u2022 Alex\u2019s Lemonade Stand: <span class=\"text-decoration-underline word-break\">https:\/\/www.alexslemonade.org\/campaign\/supersibs-sibling-support-childhood-cancer-families\/supersib-materials<\/span><\/a><\/p>\t\t\t\t<\/div>\n\t\t\t\t<div class=\"elementor-element elementor-element-a560328 ancColor elementor-widget elementor-widget-text-editor\" data-id=\"a560328\" data-element_type=\"widget\" data-widget_type=\"text-editor.default\">\n\t\t\t\t\t\t\t\t\t<p> &#8211; Cette organisation propose du mat\u00e9riel pour SuperSibs. Elle propose de nombreuses brochures destin\u00e9es aux fr\u00e8res et s\u0153urs d&rsquo;enfants atteints d&rsquo;un cancer. Leurs livres de jeux sont cr\u00e9\u00e9s en fonction du groupe d&rsquo;\u00e2ge.  <br \/> &#8211; Ils proposent \u00e9galement des documents destin\u00e9s aux parents pour les aider \u00e0 soutenir leurs enfants qui ne sont pas atteints d&rsquo;un cancer. Il s&rsquo;agit notamment d&rsquo;informations sur les fr\u00e8res et s\u0153urs et l&rsquo;\u00e9cole, sur le maintien des relations entre fr\u00e8res et s\u0153urs et sur une bo\u00eete \u00e0 outils permettant aux parents de mieux soutenir leur enfant qui n&rsquo;est pas atteint d&rsquo;un cancer. <\/p>\n\t\t\t\t\t\t\t\t<\/div>\n\t\t\t\t<div class=\"elementor-element elementor-element-4725049 elementor-widget elementor-widget-heading\" data-id=\"4725049\" data-element_type=\"widget\" data-widget_type=\"heading.default\">\n\t\t\t\t\t<p class=\"elementor-heading-title elementor-size-default\"><a href=\"https:\/\/cancer.ca\/en\/cancer-information\/resources\/publications\/when-your-child-has-cancer%20%20\" target=\"_blank\">Brochure pour les parents au sujet du cancer chez les enfants : <span class=\"text-decoration-underline word-break\">https:\/\/www.cancer.ca\/~\/media\/cancer.ca\/CW\/publications\/Childhood%20cancer\/321-2-NO.pdf<\/span> <\/a><\/p>\t\t\t\t<\/div>\n\t\t\t\t<div class=\"elementor-element elementor-element-a852049 ancColor elementor-widget elementor-widget-text-editor\" data-id=\"a852049\" data-element_type=\"widget\" data-widget_type=\"text-editor.default\">\n\t\t\t\t\t\t\t\t\t<p> De l\u2019information sur le cancer infantile, sur la fa\u00e7on de parler avec votre enfant de sa maladie et d\u2019aider votre enfant \u00e0 faire face aux examens et aux interventions, de l\u2019information sur la douleur et comment contrer les effets secondaires, sur la question de l\u2019\u00e9cole et des s\u00e9jours \u00e0 l\u2019h\u00f4pital.<\/p>\n\t\t\t\t\t\t\t\t<\/div>\n\t\t\t\t\t<\/div>\n\t\t\t\t<\/div>\n\t\t<div class=\"elementor-element elementor-element-35293ca e-con-full e-flex e-con e-parent\" data-id=\"35293ca\" data-element_type=\"container\" data-settings=\"{&quot;background_background&quot;:&quot;classic&quot;}\">\n\t\t\t\t<div class=\"elementor-element elementor-element-b3a16ad elementor-widget elementor-widget-heading\" data-id=\"b3a16ad\" data-element_type=\"widget\" data-widget_type=\"heading.default\">\n\t\t\t\t\t<h2 class=\"elementor-heading-title elementor-size-default\">Besoin d'aide ?<\/h2>\t\t\t\t<\/div>\n\t\t\t\t<div class=\"elementor-element elementor-element-79e941f elementor-align-center elementor-widget elementor-widget-button\" data-id=\"79e941f\" data-element_type=\"widget\" data-widget_type=\"button.default\">\n\t\t\t\t\t\t\t\t\t\t<a class=\"elementor-button elementor-button-link elementor-size-sm\" href=\"#\">\n\t\t\t\t\t\t<span class=\"elementor-button-content-wrapper\">\n\t\t\t\t\t\t\t\t\t<span class=\"elementor-button-text\">Contactez-nous<\/span>\n\t\t\t\t\t<\/span>\n\t\t\t\t\t<\/a>\n\t\t\t\t\t\t\t\t<\/div>\n\t\t\t\t<\/div>\n\t\t\t\t<\/div>\n\t\t","protected":false},"excerpt":{"rendered":"<p>Ressources pour les enfants Veuillez noter que cette liste n&rsquo;est pas exhaustive. Pour plus de ressources, veuillez contacter le Centre de bien-\u00eatre de l&rsquo;Ouest-de-l&rsquo;\u00cele pour les personnes atteintes de cancer : (514) 695-9355. Ressources pour les enfants atteints de cancer : \u2022 Childhood cancer Canada: https:\/\/www.childhoodcancer.ca\/Our-Support\/Programs &#8211; Cancer de l&rsquo;enfance Canada envoie des trousses emPower [&hellip;]<\/p>\n","protected":false},"author":1,"featured_media":0,"parent":8702,"menu_order":0,"comment_status":"closed","ping_status":"closed","template":"elementor_header_footer","meta":{"inline_featured_image":false,"footnotes":""},"class_list":["post-8722","page","type-page","status-publish","hentry"],"_links":{"self":[{"href":"https:\/\/www.wicwc.com\/fr\/wp-json\/wp\/v2\/pages\/8722","targetHints":{"allow":["GET"]}}],"collection":[{"href":"https:\/\/www.wicwc.com\/fr\/wp-json\/wp\/v2\/pages"}],"about":[{"href":"https:\/\/www.wicwc.com\/fr\/wp-json\/wp\/v2\/types\/page"}],"author":[{"embeddable":true,"href":"https:\/\/www.wicwc.com\/fr\/wp-json\/wp\/v2\/users\/1"}],"replies":[{"embeddable":true,"href":"https:\/\/www.wicwc.com\/fr\/wp-json\/wp\/v2\/comments?post=8722"}],"version-history":[{"count":0,"href":"https:\/\/www.wicwc.com\/fr\/wp-json\/wp\/v2\/pages\/8722\/revisions"}],"up":[{"embeddable":true,"href":"https:\/\/www.wicwc.com\/fr\/wp-json\/wp\/v2\/pages\/8702"}],"wp:attachment":[{"href":"https:\/\/www.wicwc.com\/fr\/wp-json\/wp\/v2\/media?parent=8722"}],"curies":[{"name":"wp","href":"https:\/\/api.w.org\/{rel}","templated":true}]}}