{"id":8728,"date":"2024-04-25T07:08:35","date_gmt":"2024-04-25T07:08:35","guid":{"rendered":"https:\/\/34.56.50.226reseau-bien-vivre-avec-un-cancer\/"},"modified":"2025-03-19T18:37:28","modified_gmt":"2025-03-19T18:37:28","slug":"reseau-bien-vivre-avec-un-cancer","status":"publish","type":"page","link":"https:\/\/www.wicwc.com\/fr\/reseau-bien-vivre-avec-un-cancer\/","title":{"rendered":"R\u00e9seau Bien Vivre Avec le Cancer"},"content":{"rendered":"\t\t<div data-elementor-type=\"wp-page\" data-elementor-id=\"8728\" class=\"elementor elementor-8728 elementor-882\" data-elementor-post-type=\"page\">\n\t\t\t\t<div class=\"elementor-element elementor-element-9491964 e-con-full e-flex e-con e-parent\" data-id=\"9491964\" data-element_type=\"container\" data-settings=\"{&quot;background_background&quot;:&quot;classic&quot;}\">\n\t\t\t\t<div class=\"elementor-element elementor-element-cf167ae elementor-widget elementor-widget-heading\" data-id=\"cf167ae\" data-element_type=\"widget\" data-widget_type=\"heading.default\">\n\t\t\t\t\t<h3 class=\"elementor-heading-title elementor-size-default\">R\u00e9seau Bien Vivre Avec le Cancer<\/h3>\t\t\t\t<\/div>\n\t\t\t\t<div class=\"elementor-element elementor-element-65363e6 elementor-widget elementor-widget-heading\" data-id=\"65363e6\" data-element_type=\"widget\" data-widget_type=\"heading.default\">\n\t\t\t\t\t<h6 class=\"elementor-heading-title elementor-size-default\">S'effor\u00e7ant de responsabiliser tous les Canadiens<\/h6>\t\t\t\t<\/div>\n\t\t\t\t<\/div>\n\t\t<div class=\"elementor-element elementor-element-9fd8559 e-flex e-con-boxed e-con e-parent\" data-id=\"9fd8559\" data-element_type=\"container\">\n\t\t\t\t\t<div class=\"e-con-inner\">\n\t\t<div class=\"elementor-element elementor-element-a0c6f3c e-con-full e-flex e-con e-child\" data-id=\"a0c6f3c\" data-element_type=\"container\">\n\t\t\t\t<div class=\"elementor-element elementor-element-61b9337 elementor-widget elementor-widget-heading\" data-id=\"61b9337\" data-element_type=\"widget\" data-widget_type=\"heading.default\">\n\t\t\t\t\t<h2 class=\"elementor-heading-title elementor-size-default\">R\u00e9seau Vivre Bien Avec le Cancer - Ligne d'information<\/h2>\t\t\t\t<\/div>\n\t\t\t\t<div class=\"elementor-element elementor-element-49845e1 elementor-widget elementor-widget-text-editor\" data-id=\"49845e1\" data-element_type=\"widget\" data-widget_type=\"text-editor.default\">\n\t\t\t\t\t\t\t\t\t<p style=\"text-align: left;\"><strong>Nous sommes l\u00e0 pour vous soutenir<\/strong>. Que vous viviez avec le cancer ou que vous souteniez quelqu\u2019un qui en est atteint, notre ligne d&rsquo;information vous met en contact avec des ressources fiables et des informations sur le bien-\u00eatre pour personnes atteintes de cancer dans <strong>votre r\u00e9gion.<\/strong> <\/p>\n<p style=\"text-align: left;\">Notre \u00e9quipe est disponible pour vous aider :<\/p>\n<ul style=\"text-align: left;\">\n<li>Les lundis, mardis, jeudis et vendredis de 8 h 30 \u00e0 16 h 00;<\/li>\n<li>Les mercredis de 8 h 30 \u00e0 20 h 00.<\/li>\n<\/ul>\n<p style=\"text-align: left;\">Si vous nous contactez en dehors de ces heures, veuillez laisser un message et nous vous rappellerons le jour ouvrable suivant.<\/p>\n<p style=\"text-align: left;\">Nous comprenons les d\u00e9fis auxquels vous pouvez \u00eatre confront\u00e9 et nous sommes l\u00e0 pour vous aider.<\/p>\n\t\t\t\t\t\t\t\t<\/div>\n\t\t\t\t<div class=\"elementor-element elementor-element-4f9fcf5 elementor-widget elementor-widget-text-editor\" data-id=\"4f9fcf5\" data-element_type=\"widget\" data-widget_type=\"text-editor.default\">\n\t\t\t\t\t\t\t\t\t<p><strong>Contactez-nous par t\u00e9l\u00e9phone ou par courriel :<br \/><\/strong><strong>T\u00e9l\u00e9phone : (514) 695-9355 ou 1-833-274-9355<br \/><\/strong><strong>Courriel : <a href=\"mailto:support@wicwc.org\" target=\"_blank\" rel=\"noopener\">support@wicwc.org<\/a><\/strong><\/p>\n\t\t\t\t\t\t\t\t<\/div>\n\t\t\t\t<\/div>\n\t\t<div class=\"elementor-element elementor-element-81e7997 e-con-full e-flex e-con e-child\" data-id=\"81e7997\" data-element_type=\"container\">\n\t\t\t\t<div class=\"elementor-element elementor-element-6f3909b elementor-hidden-mobile elementor-widget elementor-widget-image\" data-id=\"6f3909b\" data-element_type=\"widget\" data-widget_type=\"image.default\">\n\t\t\t\t\t\t\t\t\t\t\t\t\t\t\t<img fetchpriority=\"high\" decoding=\"async\" width=\"680\" height=\"642\" src=\"https:\/\/www.wicwc.com\/wp-content\/uploads\/2024\/04\/Cancer-Patient-on-Phone-2.png\" class=\"attachment-full size-full wp-image-886\" alt=\"\" srcset=\"https:\/\/www.wicwc.com\/wp-content\/uploads\/2024\/04\/Cancer-Patient-on-Phone-2.png 680w, https:\/\/www.wicwc.com\/wp-content\/uploads\/2024\/04\/Cancer-Patient-on-Phone-2-300x283.png 300w\" sizes=\"(max-width: 680px) 100vw, 680px\" \/>\t\t\t\t\t\t\t\t\t\t\t\t\t\t\t<\/div>\n\t\t\t\t<\/div>\n\t\t\t\t\t<\/div>\n\t\t\t\t<\/div>\n\t\t<div class=\"elementor-element elementor-element-26fb92e e-con-full elementor-hidden-mobile e-flex e-con e-parent\" data-id=\"26fb92e\" data-element_type=\"container\">\n\t\t<div class=\"elementor-element elementor-element-7ad9006 e-con-full e-flex e-con e-child\" data-id=\"7ad9006\" data-element_type=\"container\">\n\t\t\t\t<div class=\"elementor-element elementor-element-0eb89c7 elementor-widget elementor-widget-image\" data-id=\"0eb89c7\" data-element_type=\"widget\" data-widget_type=\"image.default\">\n\t\t\t\t\t\t\t\t\t\t\t\t\t\t\t<img decoding=\"async\" width=\"1110\" height=\"777\" src=\"https:\/\/www.wicwc.com\/wp-content\/uploads\/2024\/04\/Mask-Group-39.png\" class=\"attachment-full size-full wp-image-898\" alt=\"\" srcset=\"https:\/\/www.wicwc.com\/wp-content\/uploads\/2024\/04\/Mask-Group-39.png 1110w, https:\/\/www.wicwc.com\/wp-content\/uploads\/2024\/04\/Mask-Group-39-300x210.png 300w, https:\/\/www.wicwc.com\/wp-content\/uploads\/2024\/04\/Mask-Group-39-1024x717.png 1024w, https:\/\/www.wicwc.com\/wp-content\/uploads\/2024\/04\/Mask-Group-39-768x538.png 768w\" sizes=\"(max-width: 1110px) 100vw, 1110px\" \/>\t\t\t\t\t\t\t\t\t\t\t\t\t\t\t<\/div>\n\t\t\t\t<\/div>\n\t\t<div class=\"elementor-element elementor-element-9b3ab18 e-con-full e-flex e-con e-child\" data-id=\"9b3ab18\" data-element_type=\"container\" data-settings=\"{&quot;background_background&quot;:&quot;classic&quot;}\">\n\t\t\t\t<div class=\"elementor-element elementor-element-77ef1a7 elementor-widget elementor-widget-heading\" data-id=\"77ef1a7\" data-element_type=\"widget\" data-widget_type=\"heading.default\">\n\t\t\t\t\t<h4 class=\"elementor-heading-title elementor-size-default\">Peu importe o\u00f9 vous vivez au Canada, nous sommes l\u00e0 pour vous avec nos services virtuels.<\/h4>\t\t\t\t<\/div>\n\t\t\t\t<div class=\"elementor-element elementor-element-bcec56f elementor-align-center elementor-widget elementor-widget-button\" data-id=\"bcec56f\" data-element_type=\"widget\" data-widget_type=\"button.default\">\n\t\t\t\t\t\t\t\t\t\t<a class=\"elementor-button elementor-button-link elementor-size-sm\" href=\"https:\/\/www.wicwc.com\/fr\/calendrier\/\">\n\t\t\t\t\t\t<span class=\"elementor-button-content-wrapper\">\n\t\t\t\t\t\t\t\t\t<span class=\"elementor-button-text\">Services virtuels<\/span>\n\t\t\t\t\t<\/span>\n\t\t\t\t\t<\/a>\n\t\t\t\t\t\t\t\t<\/div>\n\t\t\t\t<\/div>\n\t\t\t\t<\/div>\n\t\t<div class=\"elementor-element elementor-element-e986608 e-con-full elementor-hidden-desktop elementor-hidden-tablet e-flex e-con e-parent\" data-id=\"e986608\" data-element_type=\"container\">\n\t\t\t\t<div class=\"elementor-element elementor-element-4df104e elementor-widget elementor-widget-image\" data-id=\"4df104e\" data-element_type=\"widget\" data-widget_type=\"image.default\">\n\t\t\t\t\t\t\t\t\t\t\t\t\t\t\t<img decoding=\"async\" width=\"319\" height=\"355\" src=\"https:\/\/www.wicwc.com\/wp-content\/uploads\/2024\/05\/Screenshot-2024-05-09-at-10.14.57-AM.png\" class=\"attachment-large size-large wp-image-2862\" alt=\"\" srcset=\"https:\/\/www.wicwc.com\/wp-content\/uploads\/2024\/05\/Screenshot-2024-05-09-at-10.14.57-AM.png 319w, https:\/\/www.wicwc.com\/wp-content\/uploads\/2024\/05\/Screenshot-2024-05-09-at-10.14.57-AM-270x300.png 270w\" sizes=\"(max-width: 319px) 100vw, 319px\" \/>\t\t\t\t\t\t\t\t\t\t\t\t\t\t\t<\/div>\n\t\t\t\t<div class=\"elementor-element elementor-element-820d1fb elementor-widget elementor-widget-text-editor\" data-id=\"820d1fb\" data-element_type=\"widget\" data-widget_type=\"text-editor.default\">\n\t\t\t\t\t\t\t\t\t<p>Peu importe o\u00f9 vous vivez au Canada, nous sommes l\u00e0 pour vous avec nos services virtuels.<\/p>\n\t\t\t\t\t\t\t\t<\/div>\n\t\t\t\t<div class=\"elementor-element elementor-element-53153d6 elementor-mobile-align-center elementor-widget elementor-widget-button\" data-id=\"53153d6\" data-element_type=\"widget\" data-widget_type=\"button.default\">\n\t\t\t\t\t\t\t\t\t\t<a class=\"elementor-button elementor-button-link elementor-size-sm\" href=\"https:\/\/www.wicwc.com\/fr\/calendrier\/\">\n\t\t\t\t\t\t<span class=\"elementor-button-content-wrapper\">\n\t\t\t\t\t\t\t\t\t<span class=\"elementor-button-text\">Services virtuels<\/span>\n\t\t\t\t\t<\/span>\n\t\t\t\t\t<\/a>\n\t\t\t\t\t\t\t\t<\/div>\n\t\t\t\t<\/div>\n\t\t\t\t<\/div>\n\t\t","protected":false},"excerpt":{"rendered":"<p>R\u00e9seau Bien Vivre Avec le Cancer S&rsquo;effor\u00e7ant de responsabiliser tous les Canadiens R\u00e9seau Vivre Bien Avec le Cancer &#8211; Ligne d&rsquo;information Nous sommes l\u00e0 pour vous soutenir. Que vous viviez avec le cancer ou que vous souteniez quelqu\u2019un qui en est atteint, notre ligne d&rsquo;information vous met en contact avec des ressources fiables et des [&hellip;]<\/p>\n","protected":false},"author":1,"featured_media":0,"parent":0,"menu_order":0,"comment_status":"closed","ping_status":"closed","template":"elementor_header_footer","meta":{"inline_featured_image":false,"footnotes":""},"class_list":["post-8728","page","type-page","status-publish","hentry"],"_links":{"self":[{"href":"https:\/\/www.wicwc.com\/fr\/wp-json\/wp\/v2\/pages\/8728","targetHints":{"allow":["GET"]}}],"collection":[{"href":"https:\/\/www.wicwc.com\/fr\/wp-json\/wp\/v2\/pages"}],"about":[{"href":"https:\/\/www.wicwc.com\/fr\/wp-json\/wp\/v2\/types\/page"}],"author":[{"embeddable":true,"href":"https:\/\/www.wicwc.com\/fr\/wp-json\/wp\/v2\/users\/1"}],"replies":[{"embeddable":true,"href":"https:\/\/www.wicwc.com\/fr\/wp-json\/wp\/v2\/comments?post=8728"}],"version-history":[{"count":0,"href":"https:\/\/www.wicwc.com\/fr\/wp-json\/wp\/v2\/pages\/8728\/revisions"}],"wp:attachment":[{"href":"https:\/\/www.wicwc.com\/fr\/wp-json\/wp\/v2\/media?parent=8728"}],"curies":[{"name":"wp","href":"https:\/\/api.w.org\/{rel}","templated":true}]}}