{"id":8732,"date":"2024-04-25T04:13:14","date_gmt":"2024-04-25T04:13:14","guid":{"rendered":"https:\/\/34.56.50.226journee-nationale-de-la-sensibilisation-au-bien-etre-pour-personnes-atteintes-de-cancer\/"},"modified":"2025-06-17T17:56:47","modified_gmt":"2025-06-17T17:56:47","slug":"journee-nationale-de-la-sensibilisation-au-bien-etre-pour-personnes-atteintes-de-cancer","status":"publish","type":"page","link":"https:\/\/www.wicwc.com\/fr\/journee-nationale-de-la-sensibilisation-au-bien-etre-pour-personnes-atteintes-de-cancer\/","title":{"rendered":"Journ\u00e9e nationale de la sensibilisation au bien-\u00eatre pour personnes atteintes de cancer"},"content":{"rendered":"\t\t<div data-elementor-type=\"wp-page\" data-elementor-id=\"8732\" class=\"elementor elementor-8732 elementor-848\" data-elementor-post-type=\"page\">\n\t\t\t\t<div class=\"elementor-element elementor-element-d206d3e e-con-full e-flex e-con e-parent\" data-id=\"d206d3e\" data-element_type=\"container\" data-settings=\"{&quot;background_background&quot;:&quot;classic&quot;}\">\n\t\t<div class=\"elementor-element elementor-element-2390683 e-con-full e-flex e-con e-child\" data-id=\"2390683\" data-element_type=\"container\">\n\t\t\t\t<\/div>\n\t\t\t\t<\/div>\n\t\t<div class=\"elementor-element elementor-element-7446a94 e-flex e-con-boxed e-con e-parent\" data-id=\"7446a94\" data-element_type=\"container\">\n\t\t\t\t\t<div class=\"e-con-inner\">\n\t\t\t\t<div class=\"elementor-element elementor-element-ae4b797 elementor-widget elementor-widget-heading\" data-id=\"ae4b797\" data-element_type=\"widget\" data-widget_type=\"heading.default\">\n\t\t\t\t\t<h2 class=\"elementor-heading-title elementor-size-default\">Le saviez-vous ?<\/h2>\t\t\t\t<\/div>\n\t\t\t\t<div class=\"elementor-element elementor-element-e6e8885 elementor-widget__width-initial elementor-widget elementor-widget-text-editor\" data-id=\"e6e8885\" data-element_type=\"widget\" data-widget_type=\"text-editor.default\">\n\t\t\t\t\t\t\t\t\t<p>Un Canadien sur deux est susceptible de d\u00e9velopper un cancer au cours de sa vie et la plupart d&rsquo;entre eux ne connaissent pas les programmes de bien-\u00eatre qui peuvent les aider \u00e0 bien vivre avec le cancer ? <\/p>\n\t\t\t\t\t\t\t\t<\/div>\n\t\t\t\t<div class=\"elementor-element elementor-element-49664f4 elementor-widget elementor-widget-text-editor\" data-id=\"49664f4\" data-element_type=\"widget\" data-widget_type=\"text-editor.default\">\n\t\t\t\t\t\t\t\t\t<p>Il est imp\u00e9ratif d&rsquo;apprendre \u00e0 BIEN vivre avec le cancer ! Ne soyez pas un b\u00e9n\u00e9ficiaire passif du cancer, apprenez \u00e0 \u00eatre PROACTIF ! <\/p>\n\t\t\t\t\t\t\t\t<\/div>\n\t\t\t\t\t<\/div>\n\t\t\t\t<\/div>\n\t\t<div class=\"elementor-element elementor-element-bbc53ab e-flex e-con-boxed e-con e-parent\" data-id=\"bbc53ab\" data-element_type=\"container\">\n\t\t\t\t\t<div class=\"e-con-inner\">\n\t\t\t\t<div class=\"elementor-element elementor-element-a0516db elementor-widget-divider--view-line elementor-widget elementor-widget-divider\" data-id=\"a0516db\" data-element_type=\"widget\" data-widget_type=\"divider.default\">\n\t\t\t\t\t\t\t<div class=\"elementor-divider\">\n\t\t\t<span class=\"elementor-divider-separator\">\n\t\t\t\t\t\t<\/span>\n\t\t<\/div>\n\t\t\t\t\t\t<\/div>\n\t\t\t\t<div class=\"elementor-element elementor-element-f62d8f1 elementor-widget elementor-widget-heading\" data-id=\"f62d8f1\" data-element_type=\"widget\" data-widget_type=\"heading.default\">\n\t\t\t\t\t<h2 class=\"elementor-heading-title elementor-size-default\">Souhaitez-vous vous impliquer?<\/h2>\t\t\t\t<\/div>\n\t\t\t\t<div class=\"elementor-element elementor-element-429a4a1 elementor-widget__width-initial elementor-widget elementor-widget-text-editor\" data-id=\"429a4a1\" data-element_type=\"widget\" data-widget_type=\"text-editor.default\">\n\t\t\t\t\t\t\t\t\t<p>Aidez-nous \u00e0 propager le message et \u00e0 montrer votre soutien en partageant nos graphiques officiels sur vos m\u00e9dias sociaux. Que vous offrez du soutien individuellement ou que vous repr\u00e9sentiez une organisation, votre voix compte!<\/p>\n\t\t\t\t\t\t\t\t<\/div>\n\t\t\t\t<div class=\"elementor-element elementor-element-8a8dd4a elementor-widget__width-initial elementor-widget elementor-widget-text-editor\" data-id=\"8a8dd4a\" data-element_type=\"widget\" data-widget_type=\"text-editor.default\">\n\t\t\t\t\t\t\t\t\t<ol>\n<li>Cliquez sur le bouton ci-dessous pour t\u00e9l\u00e9charger les graphiques<\/li>\n<li>Publiez-les sur vos m\u00e9dias sociaux avec notre hashtag officiel: #NCWAD<\/li>\n<li>Assurez-vous de nous identifier en utilisant @wicwc afin que nous puissions partager votre message et vous montrer notre appr\u00e9coation!<\/li>\n<\/ol>\n\t\t\t\t\t\t\t\t<\/div>\n\t\t\t\t<div class=\"elementor-element elementor-element-3f3abe1 elementor-align-center elementor-widget elementor-widget-button\" data-id=\"3f3abe1\" data-element_type=\"widget\" data-widget_type=\"button.default\">\n\t\t\t\t\t\t\t\t\t\t<a class=\"elementor-button elementor-button-link elementor-size-sm\" href=\"https:\/\/drive.google.com\/drive\/folders\/1t3_0_xtSXwVb4y5dUBjjoz6-cHivkaxf?usp=drive_link\">\n\t\t\t\t\t\t<span class=\"elementor-button-content-wrapper\">\n\t\t\t\t\t\t\t\t\t<span class=\"elementor-button-text\">T\u00e9l\u00e9charger les Graphiques<\/span>\n\t\t\t\t\t<\/span>\n\t\t\t\t\t<\/a>\n\t\t\t\t\t\t\t\t<\/div>\n\t\t\t\t<div class=\"elementor-element elementor-element-dd80df9 elementor-widget-divider--view-line elementor-widget elementor-widget-divider\" data-id=\"dd80df9\" data-element_type=\"widget\" data-widget_type=\"divider.default\">\n\t\t\t\t\t\t\t<div class=\"elementor-divider\">\n\t\t\t<span class=\"elementor-divider-separator\">\n\t\t\t\t\t\t<\/span>\n\t\t<\/div>\n\t\t\t\t\t\t<\/div>\n\t\t\t\t\t<\/div>\n\t\t\t\t<\/div>\n\t\t<div class=\"elementor-element elementor-element-88cc404 e-con-full e-flex e-con e-parent\" data-id=\"88cc404\" data-element_type=\"container\">\n\t\t<div class=\"elementor-element elementor-element-a9b9db0 e-con-full e-flex e-con e-child\" data-id=\"a9b9db0\" data-element_type=\"container\">\n\t\t\t\t<div class=\"elementor-element elementor-element-dfb1c5f rounded-right-lg elementor-widget elementor-widget-image\" data-id=\"dfb1c5f\" data-element_type=\"widget\" data-widget_type=\"image.default\">\n\t\t\t\t\t\t\t\t\t\t\t\t\t\t\t<img fetchpriority=\"high\" decoding=\"async\" width=\"467\" height=\"407\" src=\"https:\/\/www.wicwc.com\/wp-content\/uploads\/2024\/05\/AdobeStock_192984064.png\" class=\"attachment-full size-full wp-image-6642\" alt=\"\" srcset=\"https:\/\/www.wicwc.com\/wp-content\/uploads\/2024\/05\/AdobeStock_192984064.png 467w, https:\/\/www.wicwc.com\/wp-content\/uploads\/2024\/05\/AdobeStock_192984064-300x261.png 300w\" sizes=\"(max-width: 467px) 100vw, 467px\" \/>\t\t\t\t\t\t\t\t\t\t\t\t\t\t\t<\/div>\n\t\t\t\t<\/div>\n\t\t<div class=\"elementor-element elementor-element-082e12f e-con-full content__width e-flex e-con e-child\" data-id=\"082e12f\" data-element_type=\"container\">\n\t\t\t\t<div class=\"elementor-element elementor-element-9223f48 elementor-widget elementor-widget-heading\" data-id=\"9223f48\" data-element_type=\"widget\" data-widget_type=\"heading.default\">\n\t\t\t\t\t<h3 class=\"elementor-heading-title elementor-size-default\">Qu'est-ce que le bien-\u00eatre pour personnes atteintes de cancer et pourquoi est-il important ?<\/h3>\t\t\t\t<\/div>\n\t\t\t\t<div class=\"elementor-element elementor-element-69df7fe elementor-widget elementor-widget-text-editor\" data-id=\"69df7fe\" data-element_type=\"widget\" data-widget_type=\"text-editor.default\">\n\t\t\t\t\t\t\t\t\t<p>Il s&rsquo;agit d&rsquo;une approche globale qui responsabilise les personnes atteintes d&rsquo;un cancer en r\u00e9pondant \u00e0 leurs besoins physiques, spirituels, \u00e9motionnels, informationnels, sociaux, syst\u00e9miques et pratiques. Cette approche globale compl\u00e8te la m\u00e9decine traditionnelle et permet aux personnes de bien vivre avec le cancer. <\/p>\n<p>Le bien-\u00eatre pour personnes atteintes de cancer est essentiel car il responsabilise les individus en leur donnant un sentiment de contr\u00f4le et en les impliquant activement dans leurs propres soins. Il les encourage \u00e0 prendre des d\u00e9cisions en connaissance de cause et \u00e0 prendre des mesures concr\u00e8tes pour am\u00e9liorer leur bien-\u00eatre. <\/p>\n\t\t\t\t\t\t\t\t<\/div>\n\t\t\t\t<\/div>\n\t\t\t\t<\/div>\n\t\t<div class=\"elementor-element elementor-element-3b4901c e-con-full e-flex e-con e-parent\" data-id=\"3b4901c\" data-element_type=\"container\">\n\t\t<div class=\"elementor-element elementor-element-bec71af e-con-full content__width e-flex e-con e-child\" data-id=\"bec71af\" data-element_type=\"container\">\n\t\t\t\t<div class=\"elementor-element elementor-element-297bff5 elementor-widget-mobile__width-inherit elementor-widget elementor-widget-heading\" data-id=\"297bff5\" data-element_type=\"widget\" data-widget_type=\"heading.default\">\n\t\t\t\t\t<h3 class=\"elementor-heading-title elementor-size-default\">Pourquoi organiser une journ\u00e9e nationale de la sensibilisation au bien-\u00eatre pour personnes atteintes de cancer<\/h3>\t\t\t\t<\/div>\n\t\t\t\t<div class=\"elementor-element elementor-element-0ae2ad3 elementor-widget elementor-widget-text-editor\" data-id=\"0ae2ad3\" data-element_type=\"widget\" data-widget_type=\"text-editor.default\">\n\t\t\t\t\t\t\t\t\t<p>Cette journ\u00e9e est une initiative cruciale car elle met en lumi\u00e8re la statistique alarmante selon laquelle un Canadien sur deux risque d&rsquo;\u00eatre atteint d&rsquo;un cancer au cours de sa vie. <\/p>\n<p>En organisant une journ\u00e9e nationale de sensibilisation, nous pouvons sensibiliser un public plus large, l&rsquo;informer de l&rsquo;existence de centres de bien-\u00eatre pour les personnes atteintes d&rsquo;un cancer et l&rsquo;encourager \u00e0 acc\u00e9der \u00e0 l&rsquo;ensemble du soutien et des ressources qui peuvent am\u00e9liorer son bien-\u00eatre.<\/p>\n\t\t\t\t\t\t\t\t<\/div>\n\t\t\t\t<\/div>\n\t\t<div class=\"elementor-element elementor-element-6ea5189 e-con-full e-flex e-con e-child\" data-id=\"6ea5189\" data-element_type=\"container\" data-settings=\"{&quot;background_background&quot;:&quot;classic&quot;}\">\n\t\t\t\t<div class=\"elementor-element elementor-element-0e2a5ad rounded-left-lg elementor-widget elementor-widget-image\" data-id=\"0e2a5ad\" data-element_type=\"widget\" data-widget_type=\"image.default\">\n\t\t\t\t\t\t\t\t\t\t\t\t\t\t\t<img decoding=\"async\" width=\"433\" height=\"409\" src=\"https:\/\/www.wicwc.com\/wp-content\/uploads\/2024\/05\/AdobeStock_181024376.png\" class=\"attachment-full size-full wp-image-6646\" alt=\"\" srcset=\"https:\/\/www.wicwc.com\/wp-content\/uploads\/2024\/05\/AdobeStock_181024376.png 433w, https:\/\/www.wicwc.com\/wp-content\/uploads\/2024\/05\/AdobeStock_181024376-300x283.png 300w\" sizes=\"(max-width: 433px) 100vw, 433px\" \/>\t\t\t\t\t\t\t\t\t\t\t\t\t\t\t<\/div>\n\t\t\t\t<\/div>\n\t\t\t\t<\/div>\n\t\t<div class=\"elementor-element elementor-element-a9460cd e-flex e-con-boxed e-con e-parent\" data-id=\"a9460cd\" data-element_type=\"container\">\n\t\t\t\t\t<div class=\"e-con-inner\">\n\t\t<div class=\"elementor-element elementor-element-c955937 e-con-full e-grid e-con e-child\" data-id=\"c955937\" data-element_type=\"container\">\n\t\t\t\t<div class=\"elementor-element elementor-element-0ddc930 elementor-widget elementor-widget-image\" data-id=\"0ddc930\" data-element_type=\"widget\" data-widget_type=\"image.default\">\n\t\t\t\t\t\t\t\t\t\t\t\t\t\t\t<img decoding=\"async\" width=\"364\" height=\"402\" src=\"https:\/\/www.wicwc.com\/wp-content\/uploads\/2024\/05\/Group-1100.png\" class=\"attachment-full size-full wp-image-6670\" alt=\"\" srcset=\"https:\/\/www.wicwc.com\/wp-content\/uploads\/2024\/05\/Group-1100.png 364w, https:\/\/www.wicwc.com\/wp-content\/uploads\/2024\/05\/Group-1100-272x300.png 272w\" sizes=\"(max-width: 364px) 100vw, 364px\" \/>\t\t\t\t\t\t\t\t\t\t\t\t\t\t\t<\/div>\n\t\t\t\t<\/div>\n\t\t<div class=\"elementor-element elementor-element-bb93799 e-flex e-con-boxed e-con e-child\" data-id=\"bb93799\" data-element_type=\"container\">\n\t\t\t\t\t<div class=\"e-con-inner\">\n\t\t\t\t<div class=\"elementor-element elementor-element-98bded3 elementor-widget elementor-widget-heading\" data-id=\"98bded3\" data-element_type=\"widget\" data-widget_type=\"heading.default\">\n\t\t\t\t\t<h3 class=\"elementor-heading-title elementor-size-default\">L'histoire de la journ\u00e9e<\/h3>\t\t\t\t<\/div>\n\t\t\t\t<div class=\"elementor-element elementor-element-bf6abb3 elementor-widget elementor-widget-text-editor\" data-id=\"bf6abb3\" data-element_type=\"widget\" data-widget_type=\"text-editor.default\">\n\t\t\t\t\t\t\t\t\t<p>\u00c0 la fin de 2018, le Centre de bien-\u00eatre de l\u2019Ouest de l\u2019 \u2018\u00cele pour les personnes atteintes de cancer (WICWC) a r\u00e9ussi \u00e0 pr\u00e9senter une p\u00e9tition \u00e0 Sant\u00e9 Canada pour d\u00e9signer le 26 juin comme Journ\u00e9e Nationale de Sensibilisation au Bien-\u00catre des Personnes Atteintes de Cancer, le premier \u00e9v\u00e9nement ayant lieu le 26 juin 2019. <\/p>\n<p>Avant l\u2019\u00e9v\u00e9nement, le WICWC et ses partenaires ont fait pression sur la Colline du Parlement, obtenant le soutien des d\u00e9put\u00e9s et des s\u00e9nateurs, ce qui a conduit \u00e0 une promotion nationale g\u00e9n\u00e9ralis\u00e9e. l\u2019\u00e9v\u00e9nement \u00e0 l\u2019\u00e9chelle nationale.  <\/p>\n\t\t\t\t\t\t\t\t<\/div>\n\t\t\t\t\t<\/div>\n\t\t\t\t<\/div>\n\t\t\t\t\t<\/div>\n\t\t\t\t<\/div>\n\t\t\t\t<\/div>\n\t\t","protected":false},"excerpt":{"rendered":"<p>Le saviez-vous ? Un Canadien sur deux est susceptible de d\u00e9velopper un cancer au cours de sa vie et la plupart d&rsquo;entre eux ne connaissent pas les programmes de bien-\u00eatre qui peuvent les aider \u00e0 bien vivre avec le cancer ? Il est imp\u00e9ratif d&rsquo;apprendre \u00e0 BIEN vivre avec le cancer ! Ne soyez pas [&hellip;]<\/p>\n","protected":false},"author":1,"featured_media":0,"parent":0,"menu_order":0,"comment_status":"closed","ping_status":"closed","template":"elementor_header_footer","meta":{"inline_featured_image":false,"footnotes":""},"class_list":["post-8732","page","type-page","status-publish","hentry"],"_links":{"self":[{"href":"https:\/\/www.wicwc.com\/fr\/wp-json\/wp\/v2\/pages\/8732","targetHints":{"allow":["GET"]}}],"collection":[{"href":"https:\/\/www.wicwc.com\/fr\/wp-json\/wp\/v2\/pages"}],"about":[{"href":"https:\/\/www.wicwc.com\/fr\/wp-json\/wp\/v2\/types\/page"}],"author":[{"embeddable":true,"href":"https:\/\/www.wicwc.com\/fr\/wp-json\/wp\/v2\/users\/1"}],"replies":[{"embeddable":true,"href":"https:\/\/www.wicwc.com\/fr\/wp-json\/wp\/v2\/comments?post=8732"}],"version-history":[{"count":0,"href":"https:\/\/www.wicwc.com\/fr\/wp-json\/wp\/v2\/pages\/8732\/revisions"}],"wp:attachment":[{"href":"https:\/\/www.wicwc.com\/fr\/wp-json\/wp\/v2\/media?parent=8732"}],"curies":[{"name":"wp","href":"https:\/\/api.w.org\/{rel}","templated":true}]}}