{"id":8733,"date":"2024-04-18T07:24:39","date_gmt":"2024-04-18T07:24:39","guid":{"rendered":"https:\/\/34.56.50.226nos-partenaires\/"},"modified":"2026-03-30T12:56:02","modified_gmt":"2026-03-30T12:56:02","slug":"nos-partenaires","status":"publish","type":"page","link":"https:\/\/www.wicwc.com\/fr\/nos-partenaires\/","title":{"rendered":"Nos partenaires"},"content":{"rendered":"\t\t<div data-elementor-type=\"wp-page\" data-elementor-id=\"8733\" class=\"elementor elementor-8733 elementor-693\" data-elementor-post-type=\"page\">\n\t\t\t\t<div class=\"elementor-element elementor-element-5789be4 e-con-full e-flex e-con e-parent\" data-id=\"5789be4\" data-element_type=\"container\" data-settings=\"{&quot;background_background&quot;:&quot;classic&quot;}\">\n\t\t\t\t<div class=\"elementor-element elementor-element-bf2b502 elementor-widget elementor-widget-heading\" data-id=\"bf2b502\" data-element_type=\"widget\" data-widget_type=\"heading.default\">\n\t\t\t\t\t<h3 class=\"elementor-heading-title elementor-size-default\">Devenir partenaire<\/h3>\t\t\t\t<\/div>\n\t\t\t\t<div class=\"elementor-element elementor-element-c29f946 elementor-align-center elementor-widget elementor-widget-button\" data-id=\"c29f946\" data-element_type=\"widget\" data-widget_type=\"button.default\">\n\t\t\t\t\t\t\t\t\t\t<a class=\"elementor-button elementor-button-link elementor-size-sm\" href=\"mailto:debbie@wicwc.org\">\n\t\t\t\t\t\t<span class=\"elementor-button-content-wrapper\">\n\t\t\t\t\t\t\t\t\t<span class=\"elementor-button-text\">Soutenez le WICWC aujourd'hui !<\/span>\n\t\t\t\t\t<\/span>\n\t\t\t\t\t<\/a>\n\t\t\t\t\t\t\t\t<\/div>\n\t\t\t\t<\/div>\n\t\t<div class=\"elementor-element elementor-element-c2e9925 e-flex e-con-boxed e-con e-parent\" data-id=\"c2e9925\" data-element_type=\"container\">\n\t\t\t\t\t<div class=\"e-con-inner\">\n\t\t\t\t<div class=\"elementor-element elementor-element-f0d3d52 elementor-widget elementor-widget-heading\" data-id=\"f0d3d52\" data-element_type=\"widget\" data-widget_type=\"heading.default\">\n\t\t\t\t\t<h2 class=\"elementor-heading-title elementor-size-default\">Partenariats de produits et de services<\/h2>\t\t\t\t<\/div>\n\t\t\t\t<div class=\"elementor-element elementor-element-832c8d6 elementor-widget elementor-widget-text-editor\" data-id=\"832c8d6\" data-element_type=\"widget\" data-widget_type=\"text-editor.default\">\n\t\t\t\t\t\t\t\t\t<p>Notre centre d\u00e9pend de la g\u00e9n\u00e9rosit\u00e9 de nos partenaires qui nous fournissent gratuitement des produits et des services. Si vous souhaitez nous soutenir en devenant partenaire, n&rsquo;h\u00e9sitez pas \u00e0 nous contacter.<\/p>\n\t\t\t\t\t\t\t\t<\/div>\n\t\t\t\t\t<\/div>\n\t\t\t\t<\/div>\n\t\t<div class=\"elementor-element elementor-element-4dfa738 e-flex e-con-boxed e-con e-parent\" data-id=\"4dfa738\" data-element_type=\"container\">\n\t\t\t\t\t<div class=\"e-con-inner\">\n\t\t<div class=\"elementor-element elementor-element-2e46e85 e-con-full e-flex e-con e-child\" data-id=\"2e46e85\" data-element_type=\"container\">\n\t\t\t\t<div class=\"elementor-element elementor-element-7c0c47b elementor-widget-mobile__width-inherit elementor-widget elementor-widget-heading\" data-id=\"7c0c47b\" data-element_type=\"widget\" data-widget_type=\"heading.default\">\n\t\t\t\t\t<h3 class=\"elementor-heading-title elementor-size-default\">Avantages et b\u00e9n\u00e9fices d'un partenariat avec nous<\/h3>\t\t\t\t<\/div>\n\t\t\t\t<div class=\"elementor-element elementor-element-1fe7209 elementor-widget__width-initial elementor-widget elementor-widget-text-editor\" data-id=\"1fe7209\" data-element_type=\"widget\" data-widget_type=\"text-editor.default\">\n\t\t\t\t\t\t\t\t\t<p>Le partenariat avec le WICWC offre de multiples avantages : une reconnaissance accrue de la marque gr\u00e2ce \u00e0 la publicit\u00e9 sur nos m\u00e9dias sociaux et notre site web, la possibilit\u00e9 de d\u00e9montrer la responsabilit\u00e9 sociale de l&rsquo;entreprise, et des d\u00e9ductions fiscales potentielles pour les dons, tout en soutenant notre mission.<\/p>\n\t\t\t\t\t\t\t\t<\/div>\n\t\t\t\t<\/div>\n\t\t\t\t\t<\/div>\n\t\t\t\t<\/div>\n\t\t<div class=\"elementor-element elementor-element-78df047 e-grid e-con-boxed e-con e-parent\" data-id=\"78df047\" data-element_type=\"container\">\n\t\t\t\t\t<div class=\"e-con-inner\">\n\t\t\t\t<div class=\"elementor-element elementor-element-93b7e1e elementor-widget elementor-widget-image\" data-id=\"93b7e1e\" data-element_type=\"widget\" data-widget_type=\"image.default\">\n\t\t\t\t\t\t\t\t\t\t\t\t\t\t\t\t<a href=\"https:\/\/nutrition.abbott\/ca\/en\/consumer-brands\" target=\"_blank\">\n\t\t\t\t\t\t\t<img fetchpriority=\"high\" decoding=\"async\" width=\"1200\" height=\"630\" src=\"https:\/\/www.wicwc.com\/wp-content\/uploads\/2024\/04\/abbott-logo.png\" class=\"attachment-full size-full wp-image-719\" alt=\"\" srcset=\"https:\/\/www.wicwc.com\/wp-content\/uploads\/2024\/04\/abbott-logo.png 1200w, https:\/\/www.wicwc.com\/wp-content\/uploads\/2024\/04\/abbott-logo-300x158.png 300w, https:\/\/www.wicwc.com\/wp-content\/uploads\/2024\/04\/abbott-logo-1024x538.png 1024w, https:\/\/www.wicwc.com\/wp-content\/uploads\/2024\/04\/abbott-logo-768x403.png 768w\" sizes=\"(max-width: 1200px) 100vw, 1200px\" \/>\t\t\t\t\t\t\t\t<\/a>\n\t\t\t\t\t\t\t\t\t\t\t\t\t\t\t<\/div>\n\t\t\t\t<div class=\"elementor-element elementor-element-a8f1149 elementor-widget elementor-widget-image\" data-id=\"a8f1149\" data-element_type=\"widget\" data-widget_type=\"image.default\">\n\t\t\t\t\t\t\t\t\t\t\t\t\t\t\t\t<a href=\"https:\/\/mobilieraffari.com\/\" target=\"_blank\">\n\t\t\t\t\t\t\t<img decoding=\"async\" width=\"406\" height=\"85\" src=\"https:\/\/www.wicwc.com\/wp-content\/uploads\/2024\/04\/affari-logo.png\" class=\"attachment-full size-full wp-image-726\" alt=\"\" srcset=\"https:\/\/www.wicwc.com\/wp-content\/uploads\/2024\/04\/affari-logo.png 406w, https:\/\/www.wicwc.com\/wp-content\/uploads\/2024\/04\/affari-logo-300x63.png 300w\" sizes=\"(max-width: 406px) 100vw, 406px\" \/>\t\t\t\t\t\t\t\t<\/a>\n\t\t\t\t\t\t\t\t\t\t\t\t\t\t\t<\/div>\n\t\t\t\t<div class=\"elementor-element elementor-element-d7ef81d elementor-widget elementor-widget-image\" data-id=\"d7ef81d\" data-element_type=\"widget\" data-widget_type=\"image.default\">\n\t\t\t\t\t\t\t\t\t\t\t\t\t\t\t\t<a href=\"https:\/\/ple.qc.ca\/\" target=\"_blank\">\n\t\t\t\t\t\t\t<img decoding=\"async\" width=\"280\" height=\"87\" src=\"https:\/\/www.wicwc.com\/wp-content\/uploads\/2024\/04\/LOGO-PLE.png\" class=\"attachment-full size-full wp-image-734\" alt=\"\" \/>\t\t\t\t\t\t\t\t<\/a>\n\t\t\t\t\t\t\t\t\t\t\t\t\t\t\t<\/div>\n\t\t\t\t<div class=\"elementor-element elementor-element-cd0cf3e elementor-widget elementor-widget-image\" data-id=\"cd0cf3e\" data-element_type=\"widget\" data-widget_type=\"image.default\">\n\t\t\t\t\t\t\t\t\t\t\t\t\t\t\t\t<a href=\"https:\/\/deakinrealty.ca\/\" target=\"_blank\">\n\t\t\t\t\t\t\t<img loading=\"lazy\" decoding=\"async\" width=\"320\" height=\"108\" src=\"https:\/\/www.wicwc.com\/wp-content\/uploads\/2024\/04\/deakin-logo.png\" class=\"attachment-full size-full wp-image-745\" alt=\"\" srcset=\"https:\/\/www.wicwc.com\/wp-content\/uploads\/2024\/04\/deakin-logo.png 320w, https:\/\/www.wicwc.com\/wp-content\/uploads\/2024\/04\/deakin-logo-300x101.png 300w\" sizes=\"(max-width: 320px) 100vw, 320px\" \/>\t\t\t\t\t\t\t\t<\/a>\n\t\t\t\t\t\t\t\t\t\t\t\t\t\t\t<\/div>\n\t\t\t\t<div class=\"elementor-element elementor-element-f7fb944 elementor-widget elementor-widget-image\" data-id=\"f7fb944\" data-element_type=\"widget\" data-widget_type=\"image.default\">\n\t\t\t\t\t\t\t\t\t\t\t\t\t\t\t\t<a href=\"https:\/\/dlcteams.com\/\" target=\"_blank\">\n\t\t\t\t\t\t\t<img loading=\"lazy\" decoding=\"async\" width=\"300\" height=\"103\" src=\"https:\/\/www.wicwc.com\/wp-content\/uploads\/2024\/04\/DLC-300x103-1.jpg\" class=\"attachment-full size-full wp-image-747\" alt=\"\" \/>\t\t\t\t\t\t\t\t<\/a>\n\t\t\t\t\t\t\t\t\t\t\t\t\t\t\t<\/div>\n\t\t\t\t<div class=\"elementor-element elementor-element-c137306 elementor-widget elementor-widget-image\" data-id=\"c137306\" data-element_type=\"widget\" data-widget_type=\"image.default\">\n\t\t\t\t\t\t\t\t\t\t\t\t\t\t\t\t<a href=\"https:\/\/www.google.com\/?&#038;bih=876&#038;biw=1258&#038;rlz=1C1CHBF_enCA1015CA1015&#038;hl=en\" target=\"_blank\">\n\t\t\t\t\t\t\t<img loading=\"lazy\" decoding=\"async\" width=\"300\" height=\"101\" src=\"https:\/\/www.wicwc.com\/wp-content\/uploads\/2024\/04\/580b57fcd9996e24bc43c51f-300x101-1.png\" class=\"attachment-full size-full wp-image-749\" alt=\"\" \/>\t\t\t\t\t\t\t\t<\/a>\n\t\t\t\t\t\t\t\t\t\t\t\t\t\t\t<\/div>\n\t\t\t\t<div class=\"elementor-element elementor-element-007b4f0 elementor-widget elementor-widget-image\" data-id=\"007b4f0\" data-element_type=\"widget\" data-widget_type=\"image.default\">\n\t\t\t\t\t\t\t\t\t\t\t\t\t\t\t\t<a href=\"https:\/\/www.facebook.com\/people\/Tim-Hortons-West-Island\/100067939938516\/?paipv=0&#038;eav=AfZsbef0uSo0Aj67TgOlhBsTJk5HAN5Kv5PiyE3u95y8Xy9VZ1N6TJETOZb1RUAzCeY\" target=\"_blank\">\n\t\t\t\t\t\t\t<img loading=\"lazy\" decoding=\"async\" width=\"190\" height=\"67\" src=\"https:\/\/www.wicwc.com\/wp-content\/uploads\/2024\/04\/strathmoreLogo.png\" class=\"attachment-full size-full wp-image-750\" alt=\"\" \/>\t\t\t\t\t\t\t\t<\/a>\n\t\t\t\t\t\t\t\t\t\t\t\t\t\t\t<\/div>\n\t\t\t\t<div class=\"elementor-element elementor-element-1bbeb67 elementor-widget elementor-widget-image\" data-id=\"1bbeb67\" data-element_type=\"widget\" data-widget_type=\"image.default\">\n\t\t\t\t\t\t\t\t\t\t\t\t\t\t\t\t<a href=\"https:\/\/www.microsoft.com\/en-ca\/microsoft-365\/nonprofit\" target=\"_blank\">\n\t\t\t\t\t\t\t<img loading=\"lazy\" decoding=\"async\" width=\"300\" height=\"63\" src=\"https:\/\/www.wicwc.com\/wp-content\/uploads\/2024\/04\/download-300x63-1.png\" class=\"attachment-full size-full wp-image-754\" alt=\"\" \/>\t\t\t\t\t\t\t\t<\/a>\n\t\t\t\t\t\t\t\t\t\t\t\t\t\t\t<\/div>\n\t\t\t\t<div class=\"elementor-element elementor-element-4ba7848 elementor-widget elementor-widget-image\" data-id=\"4ba7848\" data-element_type=\"widget\" data-widget_type=\"image.default\">\n\t\t\t\t\t\t\t\t\t\t\t\t\t\t\t\t<a href=\"https:\/\/www.facebook.com\/plmkirkland\/\" target=\"_blank\">\n\t\t\t\t\t\t\t<img loading=\"lazy\" decoding=\"async\" width=\"1600\" height=\"700\" src=\"https:\/\/www.wicwc.com\/wp-content\/uploads\/2026\/03\/provigo-1-1.png\" class=\"attachment-full size-full wp-image-10291\" alt=\"\" srcset=\"https:\/\/www.wicwc.com\/wp-content\/uploads\/2026\/03\/provigo-1-1.png 1600w, https:\/\/www.wicwc.com\/wp-content\/uploads\/2026\/03\/provigo-1-1-300x131.png 300w, https:\/\/www.wicwc.com\/wp-content\/uploads\/2026\/03\/provigo-1-1-1024x448.png 1024w, https:\/\/www.wicwc.com\/wp-content\/uploads\/2026\/03\/provigo-1-1-768x336.png 768w, https:\/\/www.wicwc.com\/wp-content\/uploads\/2026\/03\/provigo-1-1-1536x672.png 1536w\" sizes=\"(max-width: 1600px) 100vw, 1600px\" \/>\t\t\t\t\t\t\t\t<\/a>\n\t\t\t\t\t\t\t\t\t\t\t\t\t\t\t<\/div>\n\t\t\t\t<div class=\"elementor-element elementor-element-7bab3ff elementor-widget elementor-widget-image\" data-id=\"7bab3ff\" data-element_type=\"widget\" data-widget_type=\"image.default\">\n\t\t\t\t\t\t\t\t\t\t\t\t\t\t\t\t<a href=\"https:\/\/www.sodapdf.com\/\" target=\"_blank\">\n\t\t\t\t\t\t\t<img loading=\"lazy\" decoding=\"async\" width=\"196\" height=\"100\" src=\"https:\/\/www.wicwc.com\/wp-content\/uploads\/2026\/03\/Soda-by-Avanquest-1.png\" class=\"attachment-full size-full wp-image-10170\" alt=\"\" \/>\t\t\t\t\t\t\t\t<\/a>\n\t\t\t\t\t\t\t\t\t\t\t\t\t\t\t<\/div>\n\t\t\t\t<div class=\"elementor-element elementor-element-eb99aa6 elementor-widget elementor-widget-image\" data-id=\"eb99aa6\" data-element_type=\"widget\" data-widget_type=\"image.default\">\n\t\t\t\t\t\t\t\t\t\t\t\t\t\t\t<img loading=\"lazy\" decoding=\"async\" width=\"300\" height=\"169\" src=\"https:\/\/www.wicwc.com\/wp-content\/uploads\/2024\/04\/Tim-Hortons-Logo-PNG14-300x169-1.png\" class=\"attachment-full size-full wp-image-776\" alt=\"\" \/>\t\t\t\t\t\t\t\t\t\t\t\t\t\t\t<\/div>\n\t\t\t\t<div class=\"elementor-element elementor-element-f936ea5 elementor-hidden-mobile elementor-widget elementor-widget-image\" data-id=\"f936ea5\" data-element_type=\"widget\" data-widget_type=\"image.default\">\n\t\t\t\t\t\t\t\t\t\t\t\t\t\t\t\t<a href=\"https:\/\/www.it-ed.com\/\">\n\t\t\t\t\t\t\t<img loading=\"lazy\" decoding=\"async\" width=\"197\" height=\"87\" src=\"https:\/\/www.wicwc.com\/wp-content\/uploads\/2024\/04\/logoLuminet-250n.png\" class=\"attachment-full size-full wp-image-768\" alt=\"\" \/>\t\t\t\t\t\t\t\t<\/a>\n\t\t\t\t\t\t\t\t\t\t\t\t\t\t\t<\/div>\n\t\t\t\t<div class=\"elementor-element elementor-element-63fc955 elementor-hidden-mobile elementor-widget elementor-widget-image\" data-id=\"63fc955\" data-element_type=\"widget\" data-widget_type=\"image.default\">\n\t\t\t\t\t\t\t\t\t\t\t\t\t\t\t\t<a href=\"https:\/\/www.it-ed.com\/\">\n\t\t\t\t\t\t\t<img loading=\"lazy\" decoding=\"async\" width=\"197\" height=\"87\" src=\"https:\/\/www.wicwc.com\/wp-content\/uploads\/2024\/04\/logoLuminet-250n.png\" class=\"attachment-full size-full wp-image-768\" alt=\"\" \/>\t\t\t\t\t\t\t\t<\/a>\n\t\t\t\t\t\t\t\t\t\t\t\t\t\t\t<\/div>\n\t\t\t\t\t<\/div>\n\t\t\t\t<\/div>\n\t\t\t\t<\/div>\n\t\t","protected":false},"excerpt":{"rendered":"<p>Devenir partenaire Soutenez le WICWC aujourd&rsquo;hui ! Partenariats de produits et de services Notre centre d\u00e9pend de la g\u00e9n\u00e9rosit\u00e9 de nos partenaires qui nous fournissent gratuitement des produits et des services. Si vous souhaitez nous soutenir en devenant partenaire, n&rsquo;h\u00e9sitez pas \u00e0 nous contacter. Avantages et b\u00e9n\u00e9fices d&rsquo;un partenariat avec nous Le partenariat avec le [&hellip;]<\/p>\n","protected":false},"author":1,"featured_media":0,"parent":0,"menu_order":0,"comment_status":"closed","ping_status":"closed","template":"elementor_header_footer","meta":{"inline_featured_image":false,"footnotes":""},"class_list":["post-8733","page","type-page","status-publish","hentry"],"_links":{"self":[{"href":"https:\/\/www.wicwc.com\/fr\/wp-json\/wp\/v2\/pages\/8733","targetHints":{"allow":["GET"]}}],"collection":[{"href":"https:\/\/www.wicwc.com\/fr\/wp-json\/wp\/v2\/pages"}],"about":[{"href":"https:\/\/www.wicwc.com\/fr\/wp-json\/wp\/v2\/types\/page"}],"author":[{"embeddable":true,"href":"https:\/\/www.wicwc.com\/fr\/wp-json\/wp\/v2\/users\/1"}],"replies":[{"embeddable":true,"href":"https:\/\/www.wicwc.com\/fr\/wp-json\/wp\/v2\/comments?post=8733"}],"version-history":[{"count":4,"href":"https:\/\/www.wicwc.com\/fr\/wp-json\/wp\/v2\/pages\/8733\/revisions"}],"predecessor-version":[{"id":10296,"href":"https:\/\/www.wicwc.com\/fr\/wp-json\/wp\/v2\/pages\/8733\/revisions\/10296"}],"wp:attachment":[{"href":"https:\/\/www.wicwc.com\/fr\/wp-json\/wp\/v2\/media?parent=8733"}],"curies":[{"name":"wp","href":"https:\/\/api.w.org\/{rel}","templated":true}]}}