{"id":8739,"date":"2024-04-18T07:02:00","date_gmt":"2024-04-18T07:02:00","guid":{"rendered":"https:\/\/34.56.50.226nos-partenaires-2\/"},"modified":"2025-06-17T18:06:07","modified_gmt":"2025-06-17T18:06:07","slug":"nos-sponsors","status":"publish","type":"page","link":"https:\/\/www.wicwc.com\/fr\/nos-sponsors\/","title":{"rendered":"Nos sponsors"},"content":{"rendered":"\t\t<div data-elementor-type=\"wp-page\" data-elementor-id=\"8739\" class=\"elementor elementor-8739 elementor-680\" data-elementor-post-type=\"page\">\n\t\t\t\t<div class=\"elementor-element elementor-element-ed589e3 e-flex e-con-boxed e-con e-parent\" data-id=\"ed589e3\" data-element_type=\"container\">\n\t\t\t\t\t<div class=\"e-con-inner\">\n\t\t\t\t<div class=\"elementor-element elementor-element-adb568a elementor-widget elementor-widget-heading\" data-id=\"adb568a\" data-element_type=\"widget\" data-widget_type=\"heading.default\">\n\t\t\t\t\t<h3 class=\"elementor-heading-title elementor-size-default\">La mission que vous soutenez<\/h3>\t\t\t\t<\/div>\n\t\t\t\t<div class=\"elementor-element elementor-element-7303966 elementor-widget__width-initial elementor-widget elementor-widget-text-editor\" data-id=\"7303966\" data-element_type=\"widget\" data-widget_type=\"text-editor.default\">\n\t\t\t\t\t\t\t\t\t<p>Le Centre de bien-\u00eatre de l&rsquo;Ouest de l&rsquo;\u00cele pour les personnes atteintes de cancer (WICWC) est une organisation caritative enregistr\u00e9e qui offre des soins et un soutien compatissants aux personnes vivant avec le cancer, qu&rsquo;il s&rsquo;agisse de patients ou de personnes qui les soutiennent.<\/p>\t\t\t\t\t\t\t\t<\/div>\n\t\t\t\t\t<\/div>\n\t\t\t\t<\/div>\n\t\t<div class=\"elementor-element elementor-element-92b547d e-con-full e-flex e-con e-parent\" data-id=\"92b547d\" data-element_type=\"container\">\n\t\t<div class=\"elementor-element elementor-element-c4b1c62 e-con-full e-flex e-con e-child\" data-id=\"c4b1c62\" data-element_type=\"container\" data-settings=\"{&quot;background_background&quot;:&quot;classic&quot;}\">\n\t\t\t\t<div class=\"elementor-element elementor-element-b7629bc rounded-right-lg elementor-widget elementor-widget-image\" data-id=\"b7629bc\" data-element_type=\"widget\" data-widget_type=\"image.default\">\n\t\t\t\t\t\t\t\t\t\t\t\t\t\t\t<img fetchpriority=\"high\" decoding=\"async\" width=\"472\" height=\"408\" src=\"https:\/\/www.wicwc.com\/wp-content\/uploads\/2024\/05\/Mask-Group-10-1.png\" class=\"attachment-full size-full wp-image-6635\" alt=\"\" srcset=\"https:\/\/www.wicwc.com\/wp-content\/uploads\/2024\/05\/Mask-Group-10-1.png 472w, https:\/\/www.wicwc.com\/wp-content\/uploads\/2024\/05\/Mask-Group-10-1-300x259.png 300w\" sizes=\"(max-width: 472px) 100vw, 472px\" \/>\t\t\t\t\t\t\t\t\t\t\t\t\t\t\t<\/div>\n\t\t\t\t<\/div>\n\t\t<div class=\"elementor-element elementor-element-1b0064d e-con-full content__width e-flex e-con e-child\" data-id=\"1b0064d\" data-element_type=\"container\">\n\t\t\t\t<div class=\"elementor-element elementor-element-12751d7 elementor-widget-mobile__width-inherit elementor-widget elementor-widget-heading\" data-id=\"12751d7\" data-element_type=\"widget\" data-widget_type=\"heading.default\">\n\t\t\t\t\t<h3 class=\"elementor-heading-title elementor-size-default\">L'impact de votre don<\/h3>\t\t\t\t<\/div>\n\t\t\t\t<div class=\"elementor-element elementor-element-72da6ef elementor-widget elementor-widget-text-editor\" data-id=\"72da6ef\" data-element_type=\"widget\" data-widget_type=\"text-editor.default\">\n\t\t\t\t\t\t\t\t\t<p>Votre appui nous permettent de continuer \u00e0 offrir nos programmes et services <strong>gratuits<\/strong> aux personnes atteintes d&rsquo;un cancer. En devenant partenaire, vous ou votre entreprise aurez un impact positif durable sur la vie des personnes atteintes de cancer et de leurs familles, vous augmenterez la notori\u00e9t\u00e9 de votre marque et la fid\u00e9lit\u00e9 de vos clients, et vous b\u00e9n\u00e9ficierez d&rsquo;avantages fiscaux gr\u00e2ce \u00e0 des d\u00e9ductions pour activit\u00e9s de bienfaisance.<\/p><p>Si vous souhaitez devenir un partenaire du Centre veuillez contacter Melanie Richter, Directrice de la philanthropie, au 514-695-9355 ou <a href=\"mailto:melanie@wicwc.org\">melanie@wicwc.org\u00a0<\/a><\/p>\t\t\t\t\t\t\t\t<\/div>\n\t\t\t\t<\/div>\n\t\t\t\t<\/div>\n\t\t<div class=\"elementor-element elementor-element-5dcb1c5 e-flex e-con-boxed e-con e-parent\" data-id=\"5dcb1c5\" data-element_type=\"container\">\n\t\t\t\t\t<div class=\"e-con-inner\">\n\t\t\t\t<div class=\"elementor-element elementor-element-5be97d2 elementor-widget elementor-widget-heading\" data-id=\"5be97d2\" data-element_type=\"widget\" data-widget_type=\"heading.default\">\n\t\t\t\t\t<h2 class=\"elementor-heading-title elementor-size-default\">Nos partenaires<\/h2>\t\t\t\t<\/div>\n\t\t<div class=\"elementor-element elementor-element-3123966 e-grid e-con-boxed e-con e-child\" data-id=\"3123966\" data-element_type=\"container\">\n\t\t\t\t\t<div class=\"e-con-inner\">\n\t\t\t\t<div class=\"elementor-element elementor-element-bd9c37a elementor-widget elementor-widget-image\" data-id=\"bd9c37a\" data-element_type=\"widget\" data-widget_type=\"image.default\">\n\t\t\t\t\t\t\t\t\t\t\t\t\t\t\t<img decoding=\"async\" width=\"300\" height=\"182\" src=\"https:\/\/www.wicwc.com\/wp-content\/uploads\/2024\/08\/Tenaquip-for-web-300x182-1.jpg\" class=\"attachment-large size-large wp-image-8271\" alt=\"\" \/>\t\t\t\t\t\t\t\t\t\t\t\t\t\t\t<\/div>\n\t\t\t\t<div class=\"elementor-element elementor-element-e36310d elementor-widget elementor-widget-image\" data-id=\"e36310d\" data-element_type=\"widget\" data-widget_type=\"image.default\">\n\t\t\t\t\t\t\t\t\t\t\t\t\t\t\t<img decoding=\"async\" width=\"300\" height=\"182\" src=\"https:\/\/www.wicwc.com\/wp-content\/uploads\/2024\/08\/WICS-for-web-300x182-1.jpg\" class=\"attachment-large size-large wp-image-8272\" alt=\"\" \/>\t\t\t\t\t\t\t\t\t\t\t\t\t\t\t<\/div>\n\t\t\t\t<div class=\"elementor-element elementor-element-f351395 elementor-widget elementor-widget-image\" data-id=\"f351395\" data-element_type=\"widget\" data-widget_type=\"image.default\">\n\t\t\t\t\t\t\t\t\t\t\t\t\t\t\t<img loading=\"lazy\" decoding=\"async\" width=\"472\" height=\"289\" src=\"https:\/\/www.wicwc.com\/wp-content\/uploads\/2024\/12\/Grant-Kathy-Gehlsen.png\" class=\"attachment-large size-large wp-image-9151\" alt=\"\" srcset=\"https:\/\/www.wicwc.com\/wp-content\/uploads\/2024\/12\/Grant-Kathy-Gehlsen.png 472w, https:\/\/www.wicwc.com\/wp-content\/uploads\/2024\/12\/Grant-Kathy-Gehlsen-300x184.png 300w\" sizes=\"(max-width: 472px) 100vw, 472px\" \/>\t\t\t\t\t\t\t\t\t\t\t\t\t\t\t<\/div>\n\t\t\t\t<div class=\"elementor-element elementor-element-707ee8c elementor-widget elementor-widget-image\" data-id=\"707ee8c\" data-element_type=\"widget\" data-widget_type=\"image.default\">\n\t\t\t\t\t\t\t\t\t\t\t\t\t\t\t<img loading=\"lazy\" decoding=\"async\" width=\"300\" height=\"182\" src=\"https:\/\/www.wicwc.com\/wp-content\/uploads\/2024\/08\/Eric-T.Webster-300x182-1.jpg\" class=\"attachment-large size-large wp-image-8277\" alt=\"\" \/>\t\t\t\t\t\t\t\t\t\t\t\t\t\t\t<\/div>\n\t\t\t\t<div class=\"elementor-element elementor-element-9f5c3fd elementor-widget elementor-widget-image\" data-id=\"9f5c3fd\" data-element_type=\"widget\" data-widget_type=\"image.default\">\n\t\t\t\t\t\t\t\t\t\t\t\t\t\t\t<img loading=\"lazy\" decoding=\"async\" width=\"300\" height=\"182\" src=\"https:\/\/www.wicwc.com\/wp-content\/uploads\/2024\/08\/Maria-Tutino-Russell-Hiscock-300x182-1.png\" class=\"attachment-large size-large wp-image-8278\" alt=\"\" \/>\t\t\t\t\t\t\t\t\t\t\t\t\t\t\t<\/div>\n\t\t\t\t<div class=\"elementor-element elementor-element-7b230bc elementor-widget elementor-widget-image\" data-id=\"7b230bc\" data-element_type=\"widget\" data-widget_type=\"image.default\">\n\t\t\t\t\t\t\t\t\t\t\t\t\t\t\t<img loading=\"lazy\" decoding=\"async\" width=\"300\" height=\"181\" src=\"https:\/\/www.wicwc.com\/wp-content\/uploads\/2024\/08\/Olga-Munari-300x181-1.jpg\" class=\"attachment-large size-large wp-image-8274\" alt=\"\" \/>\t\t\t\t\t\t\t\t\t\t\t\t\t\t\t<\/div>\n\t\t\t\t<div class=\"elementor-element elementor-element-e547be0 elementor-widget elementor-widget-image\" data-id=\"e547be0\" data-element_type=\"widget\" data-widget_type=\"image.default\">\n\t\t\t\t\t\t\t\t\t\t\t\t\t\t\t<img loading=\"lazy\" decoding=\"async\" width=\"300\" height=\"182\" src=\"https:\/\/www.wicwc.com\/wp-content\/uploads\/2024\/08\/Assaly-Foundation-300x182-1.jpg\" class=\"attachment-large size-large wp-image-8275\" alt=\"\" \/>\t\t\t\t\t\t\t\t\t\t\t\t\t\t\t<\/div>\n\t\t\t\t<div class=\"elementor-element elementor-element-6aa9b1e elementor-widget elementor-widget-image\" data-id=\"6aa9b1e\" data-element_type=\"widget\" data-widget_type=\"image.default\">\n\t\t\t\t\t\t\t\t\t\t\t\t\t\t\t<img loading=\"lazy\" decoding=\"async\" width=\"300\" height=\"193\" src=\"https:\/\/www.wicwc.com\/wp-content\/uploads\/2024\/08\/banque-scotia-e1720104003175-300x193-1.png\" class=\"attachment-large size-large wp-image-8686\" alt=\"\" \/>\t\t\t\t\t\t\t\t\t\t\t\t\t\t\t<\/div>\n\t\t\t\t<div class=\"elementor-element elementor-element-a2be874 elementor-widget elementor-widget-image\" data-id=\"a2be874\" data-element_type=\"widget\" data-widget_type=\"image.default\">\n\t\t\t\t\t\t\t\t\t\t\t\t\t\t\t\t<a href=\"https:\/\/www.mckesson.ca\/fr\/home\">\n\t\t\t\t\t\t\t<img loading=\"lazy\" decoding=\"async\" width=\"800\" height=\"496\" src=\"https:\/\/www.wicwc.com\/wp-content\/uploads\/2025\/03\/DonorSponsor-Icons-1.png\" class=\"attachment-large size-large wp-image-9287\" alt=\"\" srcset=\"https:\/\/www.wicwc.com\/wp-content\/uploads\/2025\/03\/DonorSponsor-Icons-1.png 940w, https:\/\/www.wicwc.com\/wp-content\/uploads\/2025\/03\/DonorSponsor-Icons-1-300x186.png 300w, https:\/\/www.wicwc.com\/wp-content\/uploads\/2025\/03\/DonorSponsor-Icons-1-768x476.png 768w\" sizes=\"(max-width: 800px) 100vw, 800px\" \/>\t\t\t\t\t\t\t\t<\/a>\n\t\t\t\t\t\t\t\t\t\t\t\t\t\t\t<\/div>\n\t\t\t\t<div class=\"elementor-element elementor-element-d41449b elementor-widget elementor-widget-image\" data-id=\"d41449b\" data-element_type=\"widget\" data-widget_type=\"image.default\">\n\t\t\t\t\t\t\t\t\t\t\t\t\t\t\t\t<a href=\"https:\/\/www.cibc.com\/en\/personal-banking.html\">\n\t\t\t\t\t\t\t<img loading=\"lazy\" decoding=\"async\" width=\"800\" height=\"497\" src=\"https:\/\/www.wicwc.com\/wp-content\/uploads\/2025\/03\/DonorSponsor-Icons.png\" class=\"attachment-large size-large wp-image-9285\" alt=\"\" srcset=\"https:\/\/www.wicwc.com\/wp-content\/uploads\/2025\/03\/DonorSponsor-Icons.png 936w, https:\/\/www.wicwc.com\/wp-content\/uploads\/2025\/03\/DonorSponsor-Icons-300x187.png 300w, https:\/\/www.wicwc.com\/wp-content\/uploads\/2025\/03\/DonorSponsor-Icons-768x478.png 768w\" sizes=\"(max-width: 800px) 100vw, 800px\" \/>\t\t\t\t\t\t\t\t<\/a>\n\t\t\t\t\t\t\t\t\t\t\t\t\t\t\t<\/div>\n\t\t\t\t\t<\/div>\n\t\t\t\t<\/div>\n\t\t\t\t\t<\/div>\n\t\t\t\t<\/div>\n\t\t\t\t<\/div>\n\t\t","protected":false},"excerpt":{"rendered":"<p>La mission que vous soutenez Le Centre de bien-\u00eatre de l&rsquo;Ouest de l&rsquo;\u00cele pour les personnes atteintes de cancer (WICWC) est une organisation caritative enregistr\u00e9e qui offre des soins et un soutien compatissants aux personnes vivant avec le cancer, qu&rsquo;il s&rsquo;agisse de patients ou de personnes qui les soutiennent. L&rsquo;impact de votre don Votre appui [&hellip;]<\/p>\n","protected":false},"author":1,"featured_media":0,"parent":0,"menu_order":0,"comment_status":"closed","ping_status":"closed","template":"elementor_header_footer","meta":{"inline_featured_image":false,"footnotes":""},"class_list":["post-8739","page","type-page","status-publish","hentry"],"_links":{"self":[{"href":"https:\/\/www.wicwc.com\/fr\/wp-json\/wp\/v2\/pages\/8739","targetHints":{"allow":["GET"]}}],"collection":[{"href":"https:\/\/www.wicwc.com\/fr\/wp-json\/wp\/v2\/pages"}],"about":[{"href":"https:\/\/www.wicwc.com\/fr\/wp-json\/wp\/v2\/types\/page"}],"author":[{"embeddable":true,"href":"https:\/\/www.wicwc.com\/fr\/wp-json\/wp\/v2\/users\/1"}],"replies":[{"embeddable":true,"href":"https:\/\/www.wicwc.com\/fr\/wp-json\/wp\/v2\/comments?post=8739"}],"version-history":[{"count":0,"href":"https:\/\/www.wicwc.com\/fr\/wp-json\/wp\/v2\/pages\/8739\/revisions"}],"wp:attachment":[{"href":"https:\/\/www.wicwc.com\/fr\/wp-json\/wp\/v2\/media?parent=8739"}],"curies":[{"name":"wp","href":"https:\/\/api.w.org\/{rel}","templated":true}]}}