{"id":8743,"date":"2024-05-02T09:49:55","date_gmt":"2024-05-02T09:49:55","guid":{"rendered":"https:\/\/34.56.50.226enregistrer\/"},"modified":"2026-01-12T20:06:05","modified_gmt":"2026-01-12T20:06:05","slug":"enregistrer","status":"publish","type":"page","link":"https:\/\/www.wicwc.com\/fr\/enregistrer\/","title":{"rendered":"Enregistrer"},"content":{"rendered":"\t\t<div data-elementor-type=\"wp-page\" data-elementor-id=\"8743\" class=\"elementor elementor-8743 elementor-1313\" data-elementor-post-type=\"page\">\n\t\t\t\t<div class=\"elementor-element elementor-element-6e3d617 e-flex e-con-boxed e-con e-parent\" data-id=\"6e3d617\" data-element_type=\"container\">\n\t\t\t\t\t<div class=\"e-con-inner\">\n\t\t\t\t<div class=\"elementor-element elementor-element-e28c851 elementor-widget elementor-widget-heading\" data-id=\"e28c851\" data-element_type=\"widget\" data-widget_type=\"heading.default\">\n\t\t\t\t\t<h2 class=\"elementor-heading-title elementor-size-default\">Devenir participant<\/h2>\t\t\t\t<\/div>\n\t\t\t\t<div class=\"elementor-element elementor-element-c5956c9 elementor-widget elementor-widget-text-editor\" data-id=\"c5956c9\" data-element_type=\"widget\" data-widget_type=\"text-editor.default\">\n\t\t\t\t\t\t\t\t\t<p>Nous invitons toute personne vivant actuellement avec un cancer, depuis le diagnostic jusqu&rsquo;\u00e0 un an apr\u00e8s le traitement (quel que soit l&rsquo;\u00e2ge ou le type de cancer), \u00e0 devenir un participant du WICWC, <strong>GRATUITEMENT<\/strong>. Les personnes atteintes d&rsquo;un cancer, leurs proches et les personnes qui les soutiennent sont encourag\u00e9s \u00e0 rejoindre notre centre afin d&rsquo;acc\u00e9der \u00e0 nos programmes et services.<\/p>\n<p><strong>Faire ce premier pas peut \u00eatre difficile, mais nous sommes l\u00e0 pour vous soutenir de quelque mani\u00e8re que ce soit.<\/strong> Comme un participant a partag\u00e9,<\/p>\n<p><em>\u00ab J&rsquo;h\u00e9sitais \u00e0 tendre la main, mais rejoindre cette communaut\u00e9 a tout chang\u00e9, je me suis enfin sentie comprise et soutenue. \u00bb<\/em><\/p>\n<p>Nous nous engageons \u00e0 vous \u00e9couter et \u00e0 r\u00e9pondre \u00e0 vos besoins, \u00e0 chaque \u00e9tape du processus.<\/p>\n\t\t\t\t\t\t\t\t<\/div>\n\t\t\t\t\t<\/div>\n\t\t\t\t<\/div>\n\t\t<div class=\"elementor-element elementor-element-6fe9bc0 e-flex e-con-boxed e-con e-parent\" data-id=\"6fe9bc0\" data-element_type=\"container\">\n\t\t\t\t\t<div class=\"e-con-inner\">\n\t\t\t\t<div class=\"elementor-element elementor-element-a3cbb58 elementor-widget elementor-widget-heading\" data-id=\"a3cbb58\" data-element_type=\"widget\" data-widget_type=\"heading.default\">\n\t\t\t\t\t<h2 class=\"elementor-heading-title elementor-size-default\">Deux fa\u00e7ons de s'inscrire<\/h2>\t\t\t\t<\/div>\n\t\t\t\t\t<\/div>\n\t\t\t\t<\/div>\n\t\t<div class=\"elementor-element elementor-element-cef2c63 e-flex e-con-boxed e-con e-parent\" data-id=\"cef2c63\" data-element_type=\"container\">\n\t\t\t\t\t<div class=\"e-con-inner\">\n\t\t<div class=\"elementor-element elementor-element-20650e7 e-con-full e-flex e-con e-child\" data-id=\"20650e7\" data-element_type=\"container\">\n\t\t\t\t<div class=\"elementor-element elementor-element-6cb16bb elementor-widget elementor-widget-text-editor\" data-id=\"6cb16bb\" data-element_type=\"widget\" data-widget_type=\"text-editor.default\">\n\t\t\t\t\t\t\t\t\t<p>Appelez-nous pour prendre rendez-vous pour l&rsquo;inscription<\/p>\n\t\t\t\t\t\t\t\t<\/div>\n\t\t\t\t<div class=\"elementor-element elementor-element-a7c026a elementor-align-center elementor-widget elementor-widget-button\" data-id=\"a7c026a\" data-element_type=\"widget\" data-widget_type=\"button.default\">\n\t\t\t\t\t\t\t\t\t\t<a class=\"elementor-button elementor-button-link elementor-size-sm\" href=\"tel:514%20695-9355\">\n\t\t\t\t\t\t<span class=\"elementor-button-content-wrapper\">\n\t\t\t\t\t\t\t\t\t<span class=\"elementor-button-text\">514 695-9355<\/span>\n\t\t\t\t\t<\/span>\n\t\t\t\t\t<\/a>\n\t\t\t\t\t\t\t\t<\/div>\n\t\t\t\t<\/div>\n\t\t<div class=\"elementor-element elementor-element-04d61dd e-con-full e-flex e-con e-child\" data-id=\"04d61dd\" data-element_type=\"container\">\n\t\t\t\t<div class=\"elementor-element elementor-element-da75c17 elementor-widget elementor-widget-text-editor\" data-id=\"da75c17\" data-element_type=\"widget\" data-widget_type=\"text-editor.default\">\n\t\t\t\t\t\t\t\t\t<p>Remplissez le formulaire et nous vous appellerons pour prendre rendez-vous pour l\u2019inscription<\/p>\n\t\t\t\t\t\t\t\t<\/div>\n\t\t\t\t<div class=\"elementor-element elementor-element-25a7506 elementor-align-center elementor-widget elementor-widget-button\" data-id=\"25a7506\" data-element_type=\"widget\" data-widget_type=\"button.default\">\n\t\t\t\t\t\t\t\t\t\t<a class=\"elementor-button elementor-button-link elementor-size-sm\" href=\"https:\/\/www.wicwc.com\/fr\/sinscrire-comme-participant\/\">\n\t\t\t\t\t\t<span class=\"elementor-button-content-wrapper\">\n\t\t\t\t\t\t\t\t\t<span class=\"elementor-button-text\">Demande d'inscription<\/span>\n\t\t\t\t\t<\/span>\n\t\t\t\t\t<\/a>\n\t\t\t\t\t\t\t\t<\/div>\n\t\t\t\t<\/div>\n\t\t\t\t\t<\/div>\n\t\t\t\t<\/div>\n\t\t<div class=\"elementor-element elementor-element-f2164a1 e-con-full e-flex e-con e-parent\" data-id=\"f2164a1\" data-element_type=\"container\">\n\t\t<div class=\"elementor-element elementor-element-34fc1b3 e-con-full e-flex e-con e-child\" data-id=\"34fc1b3\" data-element_type=\"container\" data-settings=\"{&quot;background_background&quot;:&quot;classic&quot;}\">\n\t\t\t\t<div class=\"elementor-element elementor-element-65a9fb4 rounded-right-lg elementor-widget elementor-widget-image\" data-id=\"65a9fb4\" data-element_type=\"widget\" data-widget_type=\"image.default\">\n\t\t\t\t\t\t\t\t\t\t\t\t\t\t\t<img fetchpriority=\"high\" decoding=\"async\" width=\"472\" height=\"408\" src=\"https:\/\/www.wicwc.com\/wp-content\/uploads\/2024\/05\/Mask-Group-10-3.png\" class=\"attachment-full size-full wp-image-6733\" alt=\"\" srcset=\"https:\/\/www.wicwc.com\/wp-content\/uploads\/2024\/05\/Mask-Group-10-3.png 472w, https:\/\/www.wicwc.com\/wp-content\/uploads\/2024\/05\/Mask-Group-10-3-300x259.png 300w\" sizes=\"(max-width: 472px) 100vw, 472px\" \/>\t\t\t\t\t\t\t\t\t\t\t\t\t\t\t<\/div>\n\t\t\t\t<\/div>\n\t\t<div class=\"elementor-element elementor-element-4acfe23 e-con-full e-flex e-con e-child\" data-id=\"4acfe23\" data-element_type=\"container\">\n\t\t\t\t<div class=\"elementor-element elementor-element-1a38806 elementor-widget elementor-widget-heading\" data-id=\"1a38806\" data-element_type=\"widget\" data-widget_type=\"heading.default\">\n\t\t\t\t\t<h3 class=\"elementor-heading-title elementor-size-default\">Processus d\u2019inscription<\/h3>\t\t\t\t<\/div>\n\t\t\t\t<div class=\"elementor-element elementor-element-7694364 elementor-widget elementor-widget-text-editor\" data-id=\"7694364\" data-element_type=\"widget\" data-widget_type=\"text-editor.default\">\n\t\t\t\t\t\t\t\t\t<ol>\n<li><strong>Premier rendez-vous \u2013 Consultation t\u00e9l\u00e9phonique<\/strong><br \/>\nVotre premier rendez-vous consistera en un appel t\u00e9l\u00e9phonique avec un <strong>administrateur du bien-\u00eatre<\/strong> afin de recueillir des informations importantes sur votre sant\u00e9 et vos besoins.<\/li>\n<li><strong>Deuxi\u00e8me rendez-vous \u2013 Visite en personne<\/strong><br \/>\nVotre deuxi\u00e8me rendez-vous se d\u00e9roulera en personne avec notre <strong>Navigatrice de bien-\u00eatre en Canc\u00earologie<\/strong>, qui vous fera visiter le centre et \u00e9valuera vos besoins afin de d\u00e9terminer comment nous pouvons vous aider au mieux tout au long de votre parcours contre le cancer.<\/li>\n<li><strong>Autorisation m\u00e9dicale et planification des soins<\/strong><br \/>\nUne fois que nous aurons re\u00e7u votre autorisation m\u00e9dicale, notre <strong>Coordonnatrice des soins aux participants<\/strong> et notre <strong>Navigatrice de bien-\u00eatre en Canc\u00earologie<\/strong> examineront vos ant\u00e9c\u00e9dents m\u00e9dicaux et votre \u00e9tat de sant\u00e9. Cela nous aidera \u00e0 \u00e9laborer un plan th\u00e9rapeutique personnalis\u00e9, adapt\u00e9 \u00e0 vos objectifs et \u00e0 vos besoins.<\/li>\n<\/ol>\n\t\t\t\t\t\t\t\t<\/div>\n\t\t\t\t<div class=\"elementor-element elementor-element-c72550a elementor-align-left elementor-mobile-align-center elementor-widget-mobile__width-inherit elementor-widget elementor-widget-button\" data-id=\"c72550a\" data-element_type=\"widget\" data-widget_type=\"button.default\">\n\t\t\t\t\t\t\t\t\t\t<a class=\"elementor-button elementor-button-link elementor-size-sm\" href=\"https:\/\/wicwc.com\/wp-content\/uploads\/2024\/10\/Form-0007.1_-Medical-Authorizationand-Referral-Bil_FINAL_with-signature_sept2024.pdf\" target=\"_blank\">\n\t\t\t\t\t\t<span class=\"elementor-button-content-wrapper\">\n\t\t\t\t\t\t\t\t\t<span class=\"elementor-button-text\">Formulaire d'autorisation m\u00e9dicale<\/span>\n\t\t\t\t\t<\/span>\n\t\t\t\t\t<\/a>\n\t\t\t\t\t\t\t\t<\/div>\n\t\t\t\t<\/div>\n\t\t\t\t<\/div>\n\t\t<div class=\"elementor-element elementor-element-3cfecd1 e-con-full e-flex e-con e-parent\" data-id=\"3cfecd1\" data-element_type=\"container\" data-settings=\"{&quot;background_background&quot;:&quot;classic&quot;}\">\n\t\t\t\t<div class=\"elementor-element elementor-element-39781af elementor-widget elementor-widget-heading\" data-id=\"39781af\" data-element_type=\"widget\" data-widget_type=\"heading.default\">\n\t\t\t\t\t<h2 class=\"elementor-heading-title elementor-size-default\">Besoin d'aide ?<\/h2>\t\t\t\t<\/div>\n\t\t\t\t<div class=\"elementor-element elementor-element-e9b951d elementor-align-center elementor-widget elementor-widget-button\" data-id=\"e9b951d\" data-element_type=\"widget\" data-widget_type=\"button.default\">\n\t\t\t\t\t\t\t\t\t\t<a class=\"elementor-button elementor-button-link elementor-size-sm\" href=\"https:\/\/www.wicwc.com\/fr\/contactez-nous\/\">\n\t\t\t\t\t\t<span class=\"elementor-button-content-wrapper\">\n\t\t\t\t\t\t\t\t\t<span class=\"elementor-button-text\">Contactez-nous<\/span>\n\t\t\t\t\t<\/span>\n\t\t\t\t\t<\/a>\n\t\t\t\t\t\t\t\t<\/div>\n\t\t\t\t<\/div>\n\t\t\t\t<\/div>\n\t\t","protected":false},"excerpt":{"rendered":"<p>Devenir participant Nous invitons toute personne vivant actuellement avec un cancer, depuis le diagnostic jusqu&rsquo;\u00e0 un an apr\u00e8s le traitement (quel que soit l&rsquo;\u00e2ge ou le type de cancer), \u00e0 devenir un participant du WICWC, GRATUITEMENT. Les personnes atteintes d&rsquo;un cancer, leurs proches et les personnes qui les soutiennent sont encourag\u00e9s \u00e0 rejoindre notre centre [&hellip;]<\/p>\n","protected":false},"author":1,"featured_media":0,"parent":0,"menu_order":0,"comment_status":"closed","ping_status":"closed","template":"elementor_header_footer","meta":{"inline_featured_image":false,"footnotes":""},"class_list":["post-8743","page","type-page","status-publish","hentry"],"_links":{"self":[{"href":"https:\/\/www.wicwc.com\/fr\/wp-json\/wp\/v2\/pages\/8743","targetHints":{"allow":["GET"]}}],"collection":[{"href":"https:\/\/www.wicwc.com\/fr\/wp-json\/wp\/v2\/pages"}],"about":[{"href":"https:\/\/www.wicwc.com\/fr\/wp-json\/wp\/v2\/types\/page"}],"author":[{"embeddable":true,"href":"https:\/\/www.wicwc.com\/fr\/wp-json\/wp\/v2\/users\/1"}],"replies":[{"embeddable":true,"href":"https:\/\/www.wicwc.com\/fr\/wp-json\/wp\/v2\/comments?post=8743"}],"version-history":[{"count":4,"href":"https:\/\/www.wicwc.com\/fr\/wp-json\/wp\/v2\/pages\/8743\/revisions"}],"predecessor-version":[{"id":9985,"href":"https:\/\/www.wicwc.com\/fr\/wp-json\/wp\/v2\/pages\/8743\/revisions\/9985"}],"wp:attachment":[{"href":"https:\/\/www.wicwc.com\/fr\/wp-json\/wp\/v2\/media?parent=8743"}],"curies":[{"name":"wp","href":"https:\/\/api.w.org\/{rel}","templated":true}]}}