{"id":8744,"date":"2024-05-15T07:30:44","date_gmt":"2024-05-15T07:30:44","guid":{"rendered":"https:\/\/34.56.50.226sinscrire-comme-participant\/"},"modified":"2024-11-07T00:22:09","modified_gmt":"2024-11-07T00:22:09","slug":"sinscrire-comme-participant","status":"publish","type":"page","link":"https:\/\/www.wicwc.com\/fr\/sinscrire-comme-participant\/","title":{"rendered":"S&rsquo;inscrire comme participant"},"content":{"rendered":"\t\t<div data-elementor-type=\"wp-page\" data-elementor-id=\"8744\" class=\"elementor elementor-8744 elementor-5475\" data-elementor-post-type=\"page\">\n\t\t\t\t<div class=\"elementor-element elementor-element-2fd89ca e-con-full e-flex e-con e-parent\" data-id=\"2fd89ca\" data-element_type=\"container\" data-settings=\"{&quot;background_background&quot;:&quot;gradient&quot;}\">\n\t\t\t\t<div class=\"elementor-element elementor-element-88c1449 elementor-widget elementor-widget-heading\" data-id=\"88c1449\" data-element_type=\"widget\" data-widget_type=\"heading.default\">\n\t\t\t\t\t<h1 class=\"elementor-heading-title elementor-size-default\">DEMANDE D'INSCRIPTION*<\/h1>\t\t\t\t<\/div>\n\t\t\t\t<\/div>\n\t\t<div class=\"elementor-element elementor-element-b6f855d e-flex e-con-boxed e-con e-parent\" data-id=\"b6f855d\" data-element_type=\"container\">\n\t\t\t\t\t<div class=\"e-con-inner\">\n\t\t\t\t<div class=\"elementor-element elementor-element-aa4fa52 elementor-widget elementor-widget-html\" data-id=\"aa4fa52\" data-element_type=\"widget\" data-widget_type=\"html.default\">\n\t\t\t\t\t\t\t<script src=\"https:\/\/widgets.mindbodyonline.com\/javascripts\/healcode.js\" type=\"text\/javascript\"><\/script>\n\n<healcode-widget data-type=\"prospects\" data-widget-partner=\"object\" data-widget-id=\"0043006190d\" data-widget-version=\"0\"><\/healcode-widget>\t\t\t\t<\/div>\n\t\t\t\t\t<\/div>\n\t\t\t\t<\/div>\n\t\t<div class=\"elementor-element elementor-element-6bdbcc9 e-flex e-con-boxed e-con e-parent\" data-id=\"6bdbcc9\" data-element_type=\"container\">\n\t\t\t\t\t<div class=\"e-con-inner\">\n\t\t\t\t<div class=\"elementor-element elementor-element-0fb5b98 elementor-widget elementor-widget-text-editor\" data-id=\"0fb5b98\" data-element_type=\"widget\" data-widget_type=\"text-editor.default\">\n\t\t\t\t\t\t\t\t\t<p><em><span lang=\"EN-CA\">Je comprends et accepte que toutes les donn\u00e9es personnelles ou informations m\u00e9dicales que je fournis seront stock\u00e9es de mani\u00e8re confidentielle sur le serveur du WICWC et sur une plateforme tierce, Mindbody. Le personnel du centre aura acc\u00e8s \u00e0 mes donn\u00e9es et ne les consultera que lorsque cela sera n\u00e9cessaire pour mon bien-\u00eatre. <\/span><\/em><\/p>\n<p><em><span lang=\"EN-CA\">Je reconnais que le WICWC s&rsquo;engage \u00e0 traiter les renseignements personnels qui lui sont confi\u00e9s de fa\u00e7on \u00e9thique et qu&rsquo;il est en train d&rsquo;\u00e9laborer un Code de protection des renseignements personnels conform\u00e9ment \u00e0 la Loi 25 du Qu\u00e9bec.<\/span><\/em><\/p>\n\t\t\t\t\t\t\t\t<\/div>\n\t\t\t\t\t<\/div>\n\t\t\t\t<\/div>\n\t\t\t\t<\/div>\n\t\t","protected":false},"excerpt":{"rendered":"<p>DEMANDE D&rsquo;INSCRIPTION* Je comprends et accepte que toutes les donn\u00e9es personnelles ou informations m\u00e9dicales que je fournis seront stock\u00e9es de mani\u00e8re confidentielle sur le serveur du WICWC et sur une plateforme tierce, Mindbody. Le personnel du centre aura acc\u00e8s \u00e0 mes donn\u00e9es et ne les consultera que lorsque cela sera n\u00e9cessaire pour mon bien-\u00eatre. Je [&hellip;]<\/p>\n","protected":false},"author":1,"featured_media":0,"parent":0,"menu_order":0,"comment_status":"closed","ping_status":"closed","template":"elementor_header_footer","meta":{"inline_featured_image":false,"footnotes":""},"class_list":["post-8744","page","type-page","status-publish","hentry"],"_links":{"self":[{"href":"https:\/\/www.wicwc.com\/fr\/wp-json\/wp\/v2\/pages\/8744","targetHints":{"allow":["GET"]}}],"collection":[{"href":"https:\/\/www.wicwc.com\/fr\/wp-json\/wp\/v2\/pages"}],"about":[{"href":"https:\/\/www.wicwc.com\/fr\/wp-json\/wp\/v2\/types\/page"}],"author":[{"embeddable":true,"href":"https:\/\/www.wicwc.com\/fr\/wp-json\/wp\/v2\/users\/1"}],"replies":[{"embeddable":true,"href":"https:\/\/www.wicwc.com\/fr\/wp-json\/wp\/v2\/comments?post=8744"}],"version-history":[{"count":0,"href":"https:\/\/www.wicwc.com\/fr\/wp-json\/wp\/v2\/pages\/8744\/revisions"}],"wp:attachment":[{"href":"https:\/\/www.wicwc.com\/fr\/wp-json\/wp\/v2\/media?parent=8744"}],"curies":[{"name":"wp","href":"https:\/\/api.w.org\/{rel}","templated":true}]}}