{"id":8745,"date":"2024-08-20T16:20:45","date_gmt":"2024-08-20T16:20:45","guid":{"rendered":"https:\/\/34.56.50.226ressources-locales\/"},"modified":"2024-08-20T16:20:45","modified_gmt":"2024-08-20T16:20:45","slug":"ressources-locales","status":"publish","type":"page","link":"https:\/\/www.wicwc.com\/fr\/ressources-locales\/","title":{"rendered":"Ressources locales"},"content":{"rendered":"<div class=\"vc_row wpb_row vc_row-fluid\">\n<div class=\"wpb_column vc_column_container vc_col-sm-12\">\n<div class=\"vc_column-inner\">\n<div class=\"wpb_wrapper\">\n<div class=\"wpb_text_column wpb_content_element \">\n<div class=\"wpb_wrapper\"> Nous avons dress\u00e9 une liste des ressources locales en mati\u00e8re de cancer pour vous aider \u00e0 trouver ce que vous cherchez en un seul endroit pratique. <\/p>\n<p class=\"fusion-responsive-typography-calculated\" data-fontsize=\"12\" data-lineheight=\"18px\">** Veuillez noter que le Centre de bien-\u00eatre de l\u2019Ouest-de-l\u2019\u00cele pour personnes atteintes de cancer n\u2019appuie pas et n\u2019est pas responsable de l\u2019exactitude ou de la fiabilit\u00e9 des opinions, avis, ou d\u00e9clarations faits par l\u2019une ou l\u2019autre de ces ressources.<\/p>\n<p data-fontsize=\"12\" data-lineheight=\"18px\">\n<\/div>\n<\/div>\n<\/div>\n<\/div>\n<\/div>\n<\/div>\n<div class=\"vc_row wpb_row vc_row-fluid\">\n<div class=\"wpb_column vc_column_container vc_col-sm-4\">\n<div class=\"vc_column-inner\">\n<div class=\"wpb_wrapper\">\n<div class=\"wpb_text_column wpb_content_element \">\n<div class=\"wpb_wrapper\">\n<h3 class=\"fusion-responsive-typography-calculated\" data-fontsize=\"16\" data-lineheight=\"24px\"><strong>Ressources dans la communautaires<\/strong><\/h3>\n<p><a href=\"http:\/\/voboc.org\/\" target=\"_blank\" rel=\"noopener\">VOBOC<\/a><a href=\"http:\/\/abovas.com\/\">ABOVAS<\/a><a href=\"https:\/\/cancerfightclub.com\/\">Cancer Fight Club<\/a><a href=\"http:\/\/www.cedars.ca\/cedars\/en\/home\" target=\"_blank\" rel=\"noopener\">Cedars Cancer Foundation<\/a><a href=\"http:\/\/www.capo.ca\/\" target=\"_blank\" rel=\"noopener\">West Island Palliative Care Residence<\/a><a href=\"http:\/\/crcinfo.ca\/\" target=\"_blank\" rel=\"noopener\">West Island Community Resource Centre<\/a><a href=\"http:\/\/www.capo.ca\/\" target=\"_blank\" rel=\"noopener\">Canadian Association of Psychosocial Oncology<\/a><a href=\"http:\/\/www.viamedica.ca\/\" target=\"_blank\" rel=\"noopener\">ViaMedica Medical Centre<\/a><a href=\"http:\/\/viragecancer.org\/\" target=\"_blank\" rel=\"noopener\">Virage<\/a><a href=\"http:\/\/lgfb.ca\/en\/\" target=\"_blank\" rel=\"noopener\">Look Good Feel Better<\/a><a href=\"http:\/\/ovpac.org\/\" target=\"_blank\" rel=\"noopener\">OVPAC<\/a><\/p>\n<\/div>\n<\/div>\n<\/div>\n<\/div>\n<\/div>\n<div class=\"wpb_column vc_column_container vc_col-sm-4\">\n<div class=\"vc_column-inner\">\n<div class=\"wpb_wrapper\">\n<div class=\"wpb_text_column wpb_content_element \">\n<div class=\"wpb_wrapper\">\n<h3 class=\"fusion-responsive-typography-calculated\" data-fontsize=\"16\" data-lineheight=\"24px\"><strong>Les perruques et les produits de mastectomie et de beaut\u00e9.<\/strong><\/h3>\n<p><a href=\"https:\/\/www.cliniquelemirage.ca\/\">Clinique Capillaire Le Mirage<\/a><a href=\"http:\/\/www.eleganteforme.com\/\" target=\"_blank\" rel=\"noopener\">Elegante Forme<\/a><a href=\"http:\/\/mycancercircle.lotsahelpinghands.com\/caregiving\/home\/\" target=\"_blank\" rel=\"noopener\">My Cancer Circle<\/a><a href=\"http:\/\/www.lavieenrose.com\/webapp\/wcs\/stores\/servlet\/Category8_10052_10001_-1_5001001597_1_5001001600_SPECIALTY_BRAS_image_0_Post-Mastectomy_-1__\" target=\"_blank\" rel=\"noopener\">La Vie en Rose (post-mastectomy bras)<\/a><a href=\"http:\/\/www.louisxivwigs.com\/\" target=\"_blank\" rel=\"noopener\">Louis XIV Wigs<\/a> Coiffeuse Centre Ge-Vie (Pincourt, Qc) 514 425-0303 <\/div>\n<\/div>\n<\/div>\n<\/div>\n<\/div>\n<div class=\"wpb_column vc_column_container vc_col-sm-4\">\n<div class=\"vc_column-inner\">\n<div class=\"wpb_wrapper\">\n<div class=\"wpb_text_column wpb_content_element \">\n<div class=\"wpb_wrapper\">\n<h3 class=\"fusion-responsive-typography-calculated\" data-fontsize=\"16\" data-lineheight=\"24px\"><strong>Des Soins \u00e0 domicile<\/strong><\/h3>\n<p><a href=\"http:\/\/www.comfortkeepers.ca\/\" target=\"_blank\" rel=\"noopener\">Comfort keepers<\/a><a href=\"http:\/\/www.customizedhomecare.ca\/\" target=\"_blank\" rel=\"noopener\">Customized Homecare<\/a><a href=\"http:\/\/ashcanada.com\/about_mission.html\" target=\"_blank\" rel=\"noopener\">Health Access Sant\u00e9<\/a><a href=\"http:\/\/lianasservices.com\/\">Lianas Services<\/a><a href=\"http:\/\/www.novahudson.com\/\" target=\"_blank\" rel=\"noopener\">Nova Hudson<\/a><a href=\"http:\/\/www.novawi.org\/\" target=\"_blank\" rel=\"noopener\">Nova West Island<\/a><a href=\"http:\/\/www.equinoxelifecare.com\/\" target=\"_blank\" rel=\"noopener\">Equinoxe LifeCare<\/a><a href=\"http:\/\/www.bayshore.ca\/\" target=\"_blank\" rel=\"noopener\">Bayshore Home Health<\/a><\/p>\n<p>&nbsp;<\/p>\n<\/div>\n<\/div>\n<\/div>\n<\/div>\n<\/div>\n<\/div>\n","protected":false},"excerpt":{"rendered":"<p>Nous avons dress\u00e9 une liste des ressources locales en mati\u00e8re de cancer pour vous aider \u00e0 trouver ce que vous cherchez en un seul endroit pratique. ** Veuillez noter que le Centre de bien-\u00eatre de l\u2019Ouest-de-l\u2019\u00cele pour personnes atteintes de cancer n\u2019appuie pas et n\u2019est pas responsable de l\u2019exactitude ou de la fiabilit\u00e9 des opinions, [&hellip;]<\/p>\n","protected":false},"author":1,"featured_media":0,"parent":0,"menu_order":0,"comment_status":"closed","ping_status":"closed","template":"","meta":{"inline_featured_image":false,"footnotes":""},"class_list":["post-8745","page","type-page","status-publish","hentry"],"_links":{"self":[{"href":"https:\/\/www.wicwc.com\/fr\/wp-json\/wp\/v2\/pages\/8745","targetHints":{"allow":["GET"]}}],"collection":[{"href":"https:\/\/www.wicwc.com\/fr\/wp-json\/wp\/v2\/pages"}],"about":[{"href":"https:\/\/www.wicwc.com\/fr\/wp-json\/wp\/v2\/types\/page"}],"author":[{"embeddable":true,"href":"https:\/\/www.wicwc.com\/fr\/wp-json\/wp\/v2\/users\/1"}],"replies":[{"embeddable":true,"href":"https:\/\/www.wicwc.com\/fr\/wp-json\/wp\/v2\/comments?post=8745"}],"version-history":[{"count":0,"href":"https:\/\/www.wicwc.com\/fr\/wp-json\/wp\/v2\/pages\/8745\/revisions"}],"wp:attachment":[{"href":"https:\/\/www.wicwc.com\/fr\/wp-json\/wp\/v2\/media?parent=8745"}],"curies":[{"name":"wp","href":"https:\/\/api.w.org\/{rel}","templated":true}]}}