{"id":8746,"date":"2024-04-11T11:20:03","date_gmt":"2024-04-11T11:20:03","guid":{"rendered":"https:\/\/34.56.50.226services\/"},"modified":"2025-03-20T19:22:19","modified_gmt":"2025-03-20T19:22:19","slug":"services","status":"publish","type":"page","link":"https:\/\/www.wicwc.com\/fr\/services\/","title":{"rendered":"Services"},"content":{"rendered":"\t\t<div data-elementor-type=\"wp-page\" data-elementor-id=\"8746\" class=\"elementor elementor-8746 elementor-25\" data-elementor-post-type=\"page\">\n\t\t\t\t<div class=\"elementor-element elementor-element-3448898 e-con-full e-flex e-con e-parent\" data-id=\"3448898\" data-element_type=\"container\" data-settings=\"{&quot;background_background&quot;:&quot;classic&quot;}\">\n\t\t\t\t<div class=\"elementor-element elementor-element-90bdbd7 elementor-widget elementor-widget-heading\" data-id=\"90bdbd7\" data-element_type=\"widget\" data-widget_type=\"heading.default\">\n\t\t\t\t\t<h3 class=\"elementor-heading-title elementor-size-default\">D\u00e9couvrez nos services<\/h3>\t\t\t\t<\/div>\n\t\t\t\t<div class=\"elementor-element elementor-element-8869c25 elementor-widget__width-initial elementor-widget elementor-widget-heading\" data-id=\"8869c25\" data-element_type=\"widget\" data-widget_type=\"heading.default\">\n\t\t\t\t\t<h6 class=\"elementor-heading-title elementor-size-default\">Tous nos programmes et services visent \u00e0 am\u00e9liorer le bien-\u00eatre et \u00e0 aider les individus \u00e0 prosp\u00e9rer.<\/h6>\t\t\t\t<\/div>\n\t\t\t\t<div class=\"elementor-element elementor-element-5dffe88 elementor-align-center elementor-widget elementor-widget-button\" data-id=\"5dffe88\" data-element_type=\"widget\" data-widget_type=\"button.default\">\n\t\t\t\t\t\t\t\t\t\t<a class=\"elementor-button elementor-button-link elementor-size-sm\" href=\"https:\/\/www.wicwc.com\/fr\/classes\/\">\n\t\t\t\t\t\t<span class=\"elementor-button-content-wrapper\">\n\t\t\t\t\t\t\t\t\t<span class=\"elementor-button-text\">Voir nos cours<\/span>\n\t\t\t\t\t<\/span>\n\t\t\t\t\t<\/a>\n\t\t\t\t\t\t\t\t<\/div>\n\t\t\t\t<\/div>\n\t\t<div class=\"elementor-element elementor-element-4a97785 e-flex e-con-boxed e-con e-parent\" data-id=\"4a97785\" data-element_type=\"container\">\n\t\t\t\t\t<div class=\"e-con-inner\">\n\t\t\t\t<div class=\"elementor-element elementor-element-f6e20d0 elementor-widget elementor-widget-text-editor\" data-id=\"f6e20d0\" data-element_type=\"widget\" data-widget_type=\"text-editor.default\">\n\t\t\t\t\t\t\t\t\t<p data-start=\"108\" data-end=\"428\">Au Centre de bien-\u00eatre de l\u2019Ouest-de-l\u2019\u00cele pour les personnes atteintes de cancer, nous reconnaissons que chaque personne vit une exp\u00e9rience unique, et <strong>nous sommes l\u00e0 pour offrir un soutien ind\u00e9fectible<\/strong>. Nos services gratuits de bien-\u00eatre en oncologie apportent r\u00e9confort, force et orientation, aidant chacun \u00e0 mieux vivre avec le cancer. <\/p>\n<p data-start=\"430\" data-end=\"877\">Chaque mois, nous offrons plus de 3 000 heures de programmes qui compl\u00e8tent la m\u00e9decine traditionnelle et r\u00e9pondent aux besoins physiques, \u00e9motionnels, spirituels, informationnels, sociaux, syst\u00e9miques et pratiques des personnes que nous accompagnons. Que vous recherchiez des cours de groupe, un accompagnement individuel ou des th\u00e9rapies personnalis\u00e9es, nous proposons une gamme de services adapt\u00e9s \u00e0 vos besoins pour favoriser votre bien-\u00eatre. <\/p>\n\t\t\t\t\t\t\t\t<\/div>\n\t\t\t\t\t<\/div>\n\t\t\t\t<\/div>\n\t\t<div class=\"elementor-element elementor-element-569af29 e-flex e-con-boxed e-con e-parent\" data-id=\"569af29\" data-element_type=\"container\">\n\t\t\t\t\t<div class=\"e-con-inner\">\n\t\t<div class=\"elementor-element elementor-element-bd64e8b e-con-full e-flex e-con e-child\" data-id=\"bd64e8b\" data-element_type=\"container\">\n\t\t\t\t<div class=\"elementor-element elementor-element-bb41f1d elementor-widget elementor-widget-heading\" data-id=\"bb41f1d\" data-element_type=\"widget\" data-widget_type=\"heading.default\">\n\t\t\t\t\t<h3 class=\"elementor-heading-title elementor-size-default\">Calendrier mensuel<\/h3>\t\t\t\t<\/div>\n\t\t\t\t<div class=\"elementor-element elementor-element-90a94cd elementor-widget elementor-widget-text-editor\" data-id=\"90a94cd\" data-element_type=\"widget\" data-widget_type=\"text-editor.default\">\n\t\t\t\t\t\t\t\t\t<p>D\u00e9couvrez nos offres dans le calendrier mensuel, votre ressource de r\u00e9f\u00e9rence pour tous les programmes et services disponibles. Explorez la gamme diversifi\u00e9e de s\u00e9ances individuelles, d&rsquo;ateliers, de cours et de groupes con\u00e7us pour soutenir votre bien-\u00eatre.<\/p>\n\t\t\t\t\t\t\t\t<\/div>\n\t\t\t\t<div class=\"elementor-element elementor-element-7581042 elementor-align-left elementor-mobile-align-center elementor-widget-mobile__width-inherit elementor-widget elementor-widget-button\" data-id=\"7581042\" data-element_type=\"widget\" data-widget_type=\"button.default\">\n\t\t\t\t\t\t\t\t\t\t<a class=\"elementor-button elementor-button-link elementor-size-sm\" href=\"https:\/\/www.wicwc.com\/fr\/calendrier\/\">\n\t\t\t\t\t\t<span class=\"elementor-button-content-wrapper\">\n\t\t\t\t\t\t\t\t\t<span class=\"elementor-button-text\">Consultez notre calendrier<\/span>\n\t\t\t\t\t<\/span>\n\t\t\t\t\t<\/a>\n\t\t\t\t\t\t\t\t<\/div>\n\t\t\t\t<\/div>\n\t\t<div class=\"elementor-element elementor-element-d0d80e7 e-con-full e-flex e-con e-child\" data-id=\"d0d80e7\" data-element_type=\"container\">\n\t\t\t\t<div class=\"elementor-element elementor-element-ac962bf elementor-widget elementor-widget-image\" data-id=\"ac962bf\" data-element_type=\"widget\" data-widget_type=\"image.default\">\n\t\t\t\t\t\t\t\t\t\t\t\t\t\t\t<img fetchpriority=\"high\" decoding=\"async\" width=\"1041\" height=\"694\" src=\"https:\/\/www.wicwc.com\/wp-content\/uploads\/2024\/05\/calendar-notebook-mockup.png\" class=\"attachment-full size-full wp-image-1350\" alt=\"\" srcset=\"https:\/\/www.wicwc.com\/wp-content\/uploads\/2024\/05\/calendar-notebook-mockup.png 1041w, https:\/\/www.wicwc.com\/wp-content\/uploads\/2024\/05\/calendar-notebook-mockup-300x200.png 300w, https:\/\/www.wicwc.com\/wp-content\/uploads\/2024\/05\/calendar-notebook-mockup-1024x683.png 1024w, https:\/\/www.wicwc.com\/wp-content\/uploads\/2024\/05\/calendar-notebook-mockup-768x512.png 768w\" sizes=\"(max-width: 1041px) 100vw, 1041px\" \/>\t\t\t\t\t\t\t\t\t\t\t\t\t\t\t<\/div>\n\t\t\t\t<\/div>\n\t\t\t\t\t<\/div>\n\t\t\t\t<\/div>\n\t\t<div class=\"elementor-element elementor-element-0668325 e-flex e-con-boxed e-con e-parent\" data-id=\"0668325\" data-element_type=\"container\">\n\t\t\t\t\t<div class=\"e-con-inner\">\n\t\t\t\t<div class=\"elementor-element elementor-element-8055bb3 elementor-widget elementor-widget-heading\" data-id=\"8055bb3\" data-element_type=\"widget\" data-widget_type=\"heading.default\">\n\t\t\t\t\t<h3 class=\"elementor-heading-title elementor-size-default\">Comment devenir participant<\/h3>\t\t\t\t<\/div>\n\t\t\t\t<div class=\"elementor-element elementor-element-36fd8f6 elementor-widget__width-initial elementor-widget elementor-widget-text-editor\" data-id=\"36fd8f6\" data-element_type=\"widget\" data-widget_type=\"text-editor.default\">\n\t\t\t\t\t\t\t\t\t<p data-start=\"29\" data-end=\"155\">Nous accueillons chaleureusement toute personne vivant avec le cancer \u2013 du diagnostic jusqu\u2019\u00e0 un an apr\u00e8s le traitement \u2013 \u00e0 se joindre \u00e0 notre communaut\u00e9, sans frais.<\/p>\n<p data-start=\"157\" data-end=\"386\" data-is-last-node=\"\">Les personnes vivant avec le cancer et leurs supporters sont invit\u00e9es \u00e0 s\u2019inscrire pour acc\u00e9der \u00e0 notre soutien bienveillant, \u00e0 nos programmes et \u00e0 nos services. Ensemble, nous cr\u00e9ons un espace de r\u00e9confort et de connexion. <\/p>\n\t\t\t\t\t\t\t\t<\/div>\n\t\t\t\t<div class=\"elementor-element elementor-element-ad80633 elementor-align-center elementor-widget elementor-widget-button\" data-id=\"ad80633\" data-element_type=\"widget\" data-widget_type=\"button.default\">\n\t\t\t\t\t\t\t\t\t\t<a class=\"elementor-button elementor-button-link elementor-size-sm\" href=\"https:\/\/www.wicwc.com\/fr\/enregistrer\/\">\n\t\t\t\t\t\t<span class=\"elementor-button-content-wrapper\">\n\t\t\t\t\t\t\t\t\t<span class=\"elementor-button-text\">Devenir participant<\/span>\n\t\t\t\t\t<\/span>\n\t\t\t\t\t<\/a>\n\t\t\t\t\t\t\t\t<\/div>\n\t\t\t\t\t<\/div>\n\t\t\t\t<\/div>\n\t\t<div class=\"elementor-element elementor-element-77730c6 e-con-full e-flex e-con e-parent\" data-id=\"77730c6\" data-element_type=\"container\">\n\t\t<div class=\"elementor-element elementor-element-46f6ef9 e-con-full e-flex e-con e-child\" data-id=\"46f6ef9\" data-element_type=\"container\" data-settings=\"{&quot;background_background&quot;:&quot;classic&quot;}\">\n\t\t\t\t<div class=\"elementor-element elementor-element-f50a3f8 rounded-right-lg elementor-widget elementor-widget-image\" data-id=\"f50a3f8\" data-element_type=\"widget\" data-widget_type=\"image.default\">\n\t\t\t\t\t\t\t\t\t\t\t\t\t\t\t<img decoding=\"async\" width=\"718\" height=\"620\" src=\"https:\/\/www.wicwc.com\/wp-content\/uploads\/2024\/10\/massage.png\" class=\"attachment-full size-full wp-image-8961\" alt=\"\" srcset=\"https:\/\/www.wicwc.com\/wp-content\/uploads\/2024\/10\/massage.png 718w, https:\/\/www.wicwc.com\/wp-content\/uploads\/2024\/10\/massage-300x259.png 300w\" sizes=\"(max-width: 718px) 100vw, 718px\" \/>\t\t\t\t\t\t\t\t\t\t\t\t\t\t\t<\/div>\n\t\t\t\t<\/div>\n\t\t<div class=\"elementor-element elementor-element-8fca0e7 e-con-full e-flex e-con e-child\" data-id=\"8fca0e7\" data-element_type=\"container\">\n\t\t\t\t<div class=\"elementor-element elementor-element-17dca2d elementor-widget elementor-widget-heading\" data-id=\"17dca2d\" data-element_type=\"widget\" data-widget_type=\"heading.default\">\n\t\t\t\t\t<h6 class=\"elementor-heading-title elementor-size-default\">Nos s\u00e9ances<\/h6>\t\t\t\t<\/div>\n\t\t\t\t<div class=\"elementor-element elementor-element-9889f60 elementor-widget elementor-widget-text-editor\" data-id=\"9889f60\" data-element_type=\"widget\" data-widget_type=\"text-editor.default\">\n\t\t\t\t\t\t\t\t\t<p>Nous offrons une vari\u00e9t\u00e9 de services individuels avec nos professionnels b\u00e9n\u00e9voles d\u00e9vou\u00e9s afin de fournir des soins et un soutien personnalis\u00e9s. Ces s\u00e9ances comprennent des massages th\u00e9rapeutiques, des conseils priv\u00e9s, du reiki, des \u00e9valuations de la condition physique et des plans d&rsquo;exercices personnalis\u00e9s, de la r\u00e9flexologie et bien plus encore. Consultez notre calendrier mensuel pour obtenir une liste compl\u00e8te de nos s\u00e9ances.  <\/p>\n\t\t\t\t\t\t\t\t<\/div>\n\t\t\t\t<div class=\"elementor-element elementor-element-d3ad40b elementor-align-left elementor-mobile-align-center elementor-widget-mobile__width-inherit elementor-widget elementor-widget-button\" data-id=\"d3ad40b\" data-element_type=\"widget\" data-widget_type=\"button.default\">\n\t\t\t\t\t\t\t\t\t\t<a class=\"elementor-button elementor-button-link elementor-size-sm\" href=\"https:\/\/www.wicwc.com\/fr\/calendrier\/\" target=\"_blank\">\n\t\t\t\t\t\t<span class=\"elementor-button-content-wrapper\">\n\t\t\t\t\t\t\t\t\t<span class=\"elementor-button-text\">Calendrier mensuel<\/span>\n\t\t\t\t\t<\/span>\n\t\t\t\t\t<\/a>\n\t\t\t\t\t\t\t\t<\/div>\n\t\t\t\t<\/div>\n\t\t\t\t<\/div>\n\t\t<div class=\"elementor-element elementor-element-78ab9a4 e-con-full e-flex e-con e-parent\" data-id=\"78ab9a4\" data-element_type=\"container\">\n\t\t<div class=\"elementor-element elementor-element-49bfb4a e-con-full content__width e-flex e-con e-child\" data-id=\"49bfb4a\" data-element_type=\"container\">\n\t\t\t\t<div class=\"elementor-element elementor-element-5441cac elementor-widget elementor-widget-heading\" data-id=\"5441cac\" data-element_type=\"widget\" data-widget_type=\"heading.default\">\n\t\t\t\t\t<h6 class=\"elementor-heading-title elementor-size-default\">R\u00e9seau Bien vivre avec le cancer<\/h6>\t\t\t\t<\/div>\n\t\t\t\t<div class=\"elementor-element elementor-element-81b9fd3 elementor-widget elementor-widget-text-editor\" data-id=\"81b9fd3\" data-element_type=\"widget\" data-widget_type=\"text-editor.default\">\n\t\t\t\t\t\t\t\t\t<p>Le R\u00e9seau Bien Vivre avec le Cancer a pour mission d\u2019aider toutes les personnes vivant avec le cancer au Canada \u00e0 se sentir outill\u00e9es. Notre ligne d\u2019information est une ressource pr\u00e9cieuse qui offre des renseignements sur les services de bien-\u00eatre en oncologie disponibles dans leur communaut\u00e9. <\/p>\n<p>Laissez-nous vous soutenir dans votre parcours contre le cancer et vous fournir les connaissances et les conseils dont vous avez besoin.<\/p>\n\t\t\t\t\t\t\t\t<\/div>\n\t\t\t\t<div class=\"elementor-element elementor-element-d4b1171 elementor-align-left elementor-mobile-align-center elementor-widget-mobile__width-inherit elementor-widget elementor-widget-button\" data-id=\"d4b1171\" data-element_type=\"widget\" data-widget_type=\"button.default\">\n\t\t\t\t\t\t\t\t\t\t<a class=\"elementor-button elementor-button-link elementor-size-sm\" href=\"https:\/\/www.wicwc.com\/fr\/reseau-bien-vivre-avec-un-cancer\/\">\n\t\t\t\t\t\t<span class=\"elementor-button-content-wrapper\">\n\t\t\t\t\t\t\t\t\t<span class=\"elementor-button-text\">En savoir plus<\/span>\n\t\t\t\t\t<\/span>\n\t\t\t\t\t<\/a>\n\t\t\t\t\t\t\t\t<\/div>\n\t\t\t\t<\/div>\n\t\t<div class=\"elementor-element elementor-element-09263c0 e-con-full e-flex e-con e-child\" data-id=\"09263c0\" data-element_type=\"container\" data-settings=\"{&quot;background_background&quot;:&quot;classic&quot;}\">\n\t\t\t\t<div class=\"elementor-element elementor-element-35145fd rounded-left-lg elementor-widget elementor-widget-image\" data-id=\"35145fd\" data-element_type=\"widget\" data-widget_type=\"image.default\">\n\t\t\t\t\t\t\t\t\t\t\t\t\t\t\t<img decoding=\"async\" width=\"472\" height=\"408\" src=\"https:\/\/www.wicwc.com\/wp-content\/uploads\/2024\/05\/Mask-Group-14-3.png\" class=\"attachment-full size-full wp-image-6719\" alt=\"\" srcset=\"https:\/\/www.wicwc.com\/wp-content\/uploads\/2024\/05\/Mask-Group-14-3.png 472w, https:\/\/www.wicwc.com\/wp-content\/uploads\/2024\/05\/Mask-Group-14-3-300x259.png 300w\" sizes=\"(max-width: 472px) 100vw, 472px\" \/>\t\t\t\t\t\t\t\t\t\t\t\t\t\t\t<\/div>\n\t\t\t\t<\/div>\n\t\t\t\t<\/div>\n\t\t<div class=\"elementor-element elementor-element-3f4d2a5 e-con-full e-flex e-con e-parent\" data-id=\"3f4d2a5\" data-element_type=\"container\">\n\t\t<div class=\"elementor-element elementor-element-4c4ebc9 e-con-full e-flex e-con e-child\" data-id=\"4c4ebc9\" data-element_type=\"container\" data-settings=\"{&quot;background_background&quot;:&quot;classic&quot;}\">\n\t\t\t\t<div class=\"elementor-element elementor-element-4006f06 rounded-right-lg elementor-widget elementor-widget-image\" data-id=\"4006f06\" data-element_type=\"widget\" data-widget_type=\"image.default\">\n\t\t\t\t\t\t\t\t\t\t\t\t\t\t\t<img loading=\"lazy\" decoding=\"async\" width=\"472\" height=\"408\" src=\"https:\/\/www.wicwc.com\/wp-content\/uploads\/2024\/05\/Mask-Group-10-2.png\" class=\"attachment-full size-full wp-image-6723\" alt=\"\" srcset=\"https:\/\/www.wicwc.com\/wp-content\/uploads\/2024\/05\/Mask-Group-10-2.png 472w, https:\/\/www.wicwc.com\/wp-content\/uploads\/2024\/05\/Mask-Group-10-2-300x259.png 300w\" sizes=\"(max-width: 472px) 100vw, 472px\" \/>\t\t\t\t\t\t\t\t\t\t\t\t\t\t\t<\/div>\n\t\t\t\t<\/div>\n\t\t<div class=\"elementor-element elementor-element-7d44e6e e-con-full e-flex e-con e-child\" data-id=\"7d44e6e\" data-element_type=\"container\">\n\t\t\t\t<div class=\"elementor-element elementor-element-8b00a96 elementor-widget elementor-widget-heading\" data-id=\"8b00a96\" data-element_type=\"widget\" data-widget_type=\"heading.default\">\n\t\t\t\t\t<h6 class=\"elementor-heading-title elementor-size-default\">OnCourage<\/h6>\t\t\t\t<\/div>\n\t\t\t\t<div class=\"elementor-element elementor-element-56a6cf4 elementor-widget elementor-widget-text-editor\" data-id=\"56a6cf4\" data-element_type=\"widget\" data-widget_type=\"text-editor.default\">\n\t\t\t\t\t\t\t\t\t<p>OnCourage est un outil en ligne puissant con\u00e7u sp\u00e9cifiquement pour les patients atteints de cancer et leurs proches. Il s&rsquo;agit d&rsquo;un compagnon organisationnel essentiel dans votre parcours contre le cancer. Avec OnCourage, vous pouvez rester en contact avec vos proches, partager des mises \u00e0 jour et vous mobiliser pour obtenir du soutien. Il offre une plateforme de communication transparente, des fonctionnalit\u00e9s de journal et de planification, le tout en un seul endroit.   <\/p>\n\t\t\t\t\t\t\t\t<\/div>\n\t\t\t\t<div class=\"elementor-element elementor-element-6d42b16 elementor-align-left elementor-mobile-align-center elementor-widget-mobile__width-inherit elementor-widget elementor-widget-button\" data-id=\"6d42b16\" data-element_type=\"widget\" data-widget_type=\"button.default\">\n\t\t\t\t\t\t\t\t\t\t<a class=\"elementor-button elementor-button-link elementor-size-sm\" href=\"https:\/\/oncourage.org\/fr\/\" target=\"_blank\">\n\t\t\t\t\t\t<span class=\"elementor-button-content-wrapper\">\n\t\t\t\t\t\t\t\t\t<span class=\"elementor-button-text\">S'inscrire<\/span>\n\t\t\t\t\t<\/span>\n\t\t\t\t\t<\/a>\n\t\t\t\t\t\t\t\t<\/div>\n\t\t\t\t<\/div>\n\t\t\t\t<\/div>\n\t\t<div class=\"elementor-element elementor-element-46e0b56 e-con-full e-flex e-con e-parent\" data-id=\"46e0b56\" data-element_type=\"container\" data-settings=\"{&quot;background_background&quot;:&quot;classic&quot;}\">\n\t\t\t\t<div class=\"elementor-element elementor-element-f35089b elementor-widget elementor-widget-heading\" data-id=\"f35089b\" data-element_type=\"widget\" data-widget_type=\"heading.default\">\n\t\t\t\t\t<h2 class=\"elementor-heading-title elementor-size-default\">D'autres questions ? Consultez notre page FAQ <\/h2>\t\t\t\t<\/div>\n\t\t\t\t<div class=\"elementor-element elementor-element-e1e39ca elementor-align-center elementor-widget elementor-widget-button\" data-id=\"e1e39ca\" data-element_type=\"widget\" data-widget_type=\"button.default\">\n\t\t\t\t\t\t\t\t\t\t<a class=\"elementor-button elementor-button-link elementor-size-sm\" href=\"https:\/\/www.wicwc.com\/fr\/contactez-nous\/\">\n\t\t\t\t\t\t<span class=\"elementor-button-content-wrapper\">\n\t\t\t\t\t\t\t\t\t<span class=\"elementor-button-text\">Contactez-nous<\/span>\n\t\t\t\t\t<\/span>\n\t\t\t\t\t<\/a>\n\t\t\t\t\t\t\t\t<\/div>\n\t\t\t\t<\/div>\n\t\t\t\t<\/div>\n\t\t","protected":false},"excerpt":{"rendered":"<p>D\u00e9couvrez nos services Tous nos programmes et services visent \u00e0 am\u00e9liorer le bien-\u00eatre et \u00e0 aider les individus \u00e0 prosp\u00e9rer. Voir nos cours Au Centre de bien-\u00eatre de l\u2019Ouest-de-l\u2019\u00cele pour les personnes atteintes de cancer, nous reconnaissons que chaque personne vit une exp\u00e9rience unique, et nous sommes l\u00e0 pour offrir un soutien ind\u00e9fectible. Nos services [&hellip;]<\/p>\n","protected":false},"author":1,"featured_media":0,"parent":0,"menu_order":0,"comment_status":"closed","ping_status":"closed","template":"elementor_header_footer","meta":{"inline_featured_image":false,"footnotes":""},"class_list":["post-8746","page","type-page","status-publish","hentry"],"_links":{"self":[{"href":"https:\/\/www.wicwc.com\/fr\/wp-json\/wp\/v2\/pages\/8746","targetHints":{"allow":["GET"]}}],"collection":[{"href":"https:\/\/www.wicwc.com\/fr\/wp-json\/wp\/v2\/pages"}],"about":[{"href":"https:\/\/www.wicwc.com\/fr\/wp-json\/wp\/v2\/types\/page"}],"author":[{"embeddable":true,"href":"https:\/\/www.wicwc.com\/fr\/wp-json\/wp\/v2\/users\/1"}],"replies":[{"embeddable":true,"href":"https:\/\/www.wicwc.com\/fr\/wp-json\/wp\/v2\/comments?post=8746"}],"version-history":[{"count":0,"href":"https:\/\/www.wicwc.com\/fr\/wp-json\/wp\/v2\/pages\/8746\/revisions"}],"wp:attachment":[{"href":"https:\/\/www.wicwc.com\/fr\/wp-json\/wp\/v2\/media?parent=8746"}],"curies":[{"name":"wp","href":"https:\/\/api.w.org\/{rel}","templated":true}]}}