{"id":8747,"date":"2024-04-30T13:10:34","date_gmt":"2024-04-30T13:10:34","guid":{"rendered":"https:\/\/34.56.50.226adolescents-jeunes-adultes\/"},"modified":"2025-12-02T15:47:54","modified_gmt":"2025-12-02T15:47:54","slug":"adolescents-jeunes-adultes","status":"publish","type":"page","link":"https:\/\/www.wicwc.com\/fr\/adolescents-jeunes-adultes\/","title":{"rendered":"Adolescents et jeunes adultes"},"content":{"rendered":"\t\t<div data-elementor-type=\"wp-page\" data-elementor-id=\"8747\" class=\"elementor elementor-8747\" data-elementor-post-type=\"page\">\n\t\t\t\t<div class=\"elementor-element elementor-element-7d817a6 e-con-full e-flex e-con e-parent\" data-id=\"7d817a6\" data-element_type=\"container\" data-settings=\"{&quot;background_background&quot;:&quot;classic&quot;}\">\n\t\t\t\t<div class=\"elementor-element elementor-element-f5373b3 elementor-widget__width-initial elementor-widget elementor-widget-heading\" data-id=\"f5373b3\" data-element_type=\"widget\" data-widget_type=\"heading.default\">\n\t\t\t\t\t<h3 class=\"elementor-heading-title elementor-size-default\">Ressources pour les adolescents et les jeunes adultes<\/h3>\t\t\t\t<\/div>\n\t\t\t\t<\/div>\n\t\t<div class=\"elementor-element elementor-element-aa18447 e-flex e-con-boxed e-con e-parent\" data-id=\"aa18447\" data-element_type=\"container\">\n\t\t\t\t\t<div class=\"e-con-inner\">\n\t\t\t\t<div class=\"elementor-element elementor-element-105da5b ancColor elementor-widget elementor-widget-text-editor\" data-id=\"105da5b\" data-element_type=\"widget\" data-widget_type=\"text-editor.default\">\n\t\t\t\t\t\t\t\t\tVeuillez noter que cette liste n\u2019est pas exhaustive. Pour plus de ressources veuillez contacter le Centre de bien-\u00eatre de l\u2019Ouest-de-l\u2019\u00cele pour personnes atteintes de cancer au <strong><a class=\"fw-bold text-dark\" href=\"tel:+15146959355\">(514) 695-9355<\/a><\/strong> . \t\t\t\t\t\t\t\t<\/div>\n\t\t\t\t\t<\/div>\n\t\t\t\t<\/div>\n\t\t<div class=\"elementor-element elementor-element-ff64ecd e-flex e-con-boxed e-con e-parent\" data-id=\"ff64ecd\" data-element_type=\"container\">\n\t\t\t\t\t<div class=\"e-con-inner\">\n\t\t\t\t<div class=\"elementor-element elementor-element-873711f elementor-widget elementor-widget-heading\" data-id=\"873711f\" data-element_type=\"widget\" data-widget_type=\"heading.default\">\n\t\t\t\t\t<h2 class=\"elementor-heading-title elementor-size-default\">Ressources pour les adolescents et les jeunes adultes atteints de cancer:<\/h2>\t\t\t\t<\/div>\n\t\t\t\t\t<\/div>\n\t\t\t\t<\/div>\n\t\t<div class=\"elementor-element elementor-element-997e81a e-flex e-con-boxed e-con e-parent\" data-id=\"997e81a\" data-element_type=\"container\">\n\t\t\t\t\t<div class=\"e-con-inner\">\n\t\t\t\t<div class=\"elementor-element elementor-element-18b0ee9 elementor-widget elementor-widget-heading\" data-id=\"18b0ee9\" data-element_type=\"widget\" data-widget_type=\"heading.default\">\n\t\t\t\t\t<p class=\"elementor-heading-title elementor-size-default\"><a href=\"http:\/\/wicwc.org\" target=\"_blank\">- Le Centre de bien-\u00eatre de l\u2019Ouest-de-l\u2019\u00cele pour les personnes atteintes de cancer : <span class=\"text-decoration-underline\">wicwc.org<\/span><\/a><\/p>\t\t\t\t<\/div>\n\t\t\t\t<div class=\"elementor-element elementor-element-6f1d35d ancColor elementor-widget elementor-widget-text-editor\" data-id=\"6f1d35d\" data-element_type=\"widget\" data-widget_type=\"text-editor.default\">\n\t\t\t\t\t\t\t\t\t<p> Le Centre offre des services gratuits aux personnes atteintes du cancer, qu\u2019elles l\u2019aient eux-m\u00eames ou qu\u2019elles soutiennent une personne atteinte du cancer. Certains des programmes et services propos\u00e9s incluent l\u2019acupression, le reiki, les groupes de soutien, la cuisine nutritionnelle, les consultations priv\u00e9es, la massoth\u00e9rapie, le yoga, la m\u00e9ditation et bien d\u2019autres. <\/p>\n\t\t\t\t\t\t\t\t<\/div>\n\t\t\t\t<div class=\"elementor-element elementor-element-68df523 elementor-widget elementor-widget-heading\" data-id=\"68df523\" data-element_type=\"widget\" data-widget_type=\"heading.default\">\n\t\t\t\t\t<p class=\"elementor-heading-title elementor-size-default\"><a href=\"https:\/\/cancerfightclub.com\/\" target=\"_blank\">ClubD\u00e9fiCancer de \u00ab L\u2019Espoir c\u2019est la Vie \u00bb (Hope and Cope) (18-39): <span class=\"text-decoration-underline\">https:\/\/cancerfightclub.com\/fr\/<\/span><\/a><\/p>\t\t\t\t<\/div>\n\t\t\t\t<div class=\"elementor-element elementor-element-7d0820f ancColor elementor-widget elementor-widget-text-editor\" data-id=\"7d0820f\" data-element_type=\"widget\" data-widget_type=\"text-editor.default\">\n\t\t\t\t\t\t\t\t\t<p> Leurs programmes comprennent le soutien par les pairs, des ateliers et des s\u00e9minaires, des retraites, des exercices et des activit\u00e9s physiques, des rencontres sociales, la gestion du stress, tous destin\u00e9s aux jeunes adultes.<\/p>\n\t\t\t\t\t\t\t\t<\/div>\n\t\t\t\t<div class=\"elementor-element elementor-element-de40c59 elementor-widget elementor-widget-heading\" data-id=\"de40c59\" data-element_type=\"widget\" data-widget_type=\"heading.default\">\n\t\t\t\t\t<p class=\"elementor-heading-title elementor-size-default\"><a href=\"http:\/\/tipoftoes.com\" target=\"_blank\">\u2022 Sur la pointe des pieds (14-29): <span class=\"text-decoration-underline\">tipoftoes.com<\/span><\/a><\/p>\t\t\t\t<\/div>\n\t\t\t\t<div class=\"elementor-element elementor-element-0e0ca95 ancColor elementor-widget elementor-widget-text-editor\" data-id=\"0e0ca95\" data-element_type=\"widget\" data-widget_type=\"text-editor.default\">\n\t\t\t\t\t\t\t\t\t<p> Ils offrent des exp\u00e9ditions en plein air gratuites partout au Canada aux adolescents et aux jeunes adultes atteints du cancer. Leurs activit\u00e9s incluent le kayak, le rafting, la voile, la randonn\u00e9e, le ski et bien d\u2019autres. <\/p>\n\t\t\t\t\t\t\t\t<\/div>\n\t\t\t\t<div class=\"elementor-element elementor-element-3498cbc elementor-widget elementor-widget-heading\" data-id=\"3498cbc\" data-element_type=\"widget\" data-widget_type=\"heading.default\">\n\t\t\t\t\t<p class=\"elementor-heading-title elementor-size-default\"><a href=\"http:\/\/www.cansupport.ca\" target=\"_blank\">- CanSupport des C\u00e8dres <span class=\"text-decoration-underline\">: http:\/\/www.cansupport.ca<\/span><\/a><\/p>\t\t\t\t<\/div>\n\t\t\t\t<div class=\"elementor-element elementor-element-ae26412 ancColor elementor-widget elementor-widget-text-editor\" data-id=\"ae26412\" data-element_type=\"widget\" data-widget_type=\"text-editor.default\">\n\t\t\t\t\t\t\t\t\t<p> Ils offrent une vari\u00e9t\u00e9 de groupes de soutien dont un est destin\u00e9 aux 18-39 ans. Ils proposent \u00e9galement des th\u00e9rapies compl\u00e9mentaires telles que le yoga, l\u2019art-th\u00e9rapie, le reiki, la massoth\u00e9rapie, etc. <\/p>\n\t\t\t\t\t\t\t\t<\/div>\n\t\t\t\t<div class=\"elementor-element elementor-element-1796c60 elementor-widget elementor-widget-heading\" data-id=\"1796c60\" data-element_type=\"widget\" data-widget_type=\"heading.default\">\n\t\t\t\t\t<p class=\"elementor-heading-title elementor-size-default\"><a href=\"https:\/\/www.cancercare.org\/\" target=\"_blank\">- Soins pour le cancer <span class=\"text-decoration-underline\">: https:\/\/www.cancercare.org\/<\/span><\/a><\/p>\t\t\t\t<\/div>\n\t\t\t\t<div class=\"elementor-element elementor-element-aea18c3 ancColor elementor-widget elementor-widget-text-editor\" data-id=\"aea18c3\" data-element_type=\"widget\" data-widget_type=\"text-editor.default\">\n\t\t\t\t\t\t\t\t\t<p> Groupes de soutien en ligne gratuits d&rsquo;une dur\u00e9e de 15 semaines, anim\u00e9s par un travailleur social en oncologie. Il existe une vari\u00e9t\u00e9 de groupes de soutien pour diff\u00e9rents types de cancer et deux groupes sp\u00e9cifiques pour les jeunes adultes. <\/p>\n\t\t\t\t\t\t\t\t<\/div>\n\t\t\t\t<div class=\"elementor-element elementor-element-9b1d621 elementor-widget elementor-widget-heading\" data-id=\"9b1d621\" data-element_type=\"widget\" data-widget_type=\"heading.default\">\n\t\t\t\t\t<p class=\"elementor-heading-title elementor-size-default\"><a href=\"https:\/\/voboc.org\/\" target=\"_blank\">VOBOC: <span class=\"text-decoration-underline\">https:\/\/voboc.org\/<\/span><\/a><\/p>\t\t\t\t<\/div>\n\t\t\t\t<div class=\"elementor-element elementor-element-41ae81f ancColor elementor-widget elementor-widget-text-editor\" data-id=\"41ae81f\" data-element_type=\"widget\" data-widget_type=\"text-editor.default\">\n\t\t\t\t\t\t\t\t\t<p> La mission de VOBOC est d\u2019am\u00e9liorer les exp\u00e9riences et les r\u00e9sultats pour les adolescents et les jeunes adultes (AJA) atteints d\u2019un cancer. VOBOC s\u2019est engag\u00e9 \u00e0 offrir des ressources et des soins de soutien ax\u00e9s sur le patient et cibl\u00e9s afin d\u2019am\u00e9liorer l\u2019exp\u00e9rience du cancer des AJA. <\/p>\n\t\t\t\t\t\t\t\t<\/div>\n\t\t\t\t\t<\/div>\n\t\t\t\t<\/div>\n\t\t<div class=\"elementor-element elementor-element-63d9c9c e-con-full e-flex e-con e-parent\" data-id=\"63d9c9c\" data-element_type=\"container\" data-settings=\"{&quot;background_background&quot;:&quot;classic&quot;}\">\n\t\t\t\t<div class=\"elementor-element elementor-element-4404401 elementor-widget elementor-widget-heading\" data-id=\"4404401\" data-element_type=\"widget\" data-widget_type=\"heading.default\">\n\t\t\t\t\t<h2 class=\"elementor-heading-title elementor-size-default\">Besoin d'aide ?<\/h2>\t\t\t\t<\/div>\n\t\t\t\t<div class=\"elementor-element elementor-element-afb1bf1 elementor-align-center elementor-widget elementor-widget-button\" data-id=\"afb1bf1\" data-element_type=\"widget\" data-widget_type=\"button.default\">\n\t\t\t\t\t\t\t\t\t\t<a class=\"elementor-button elementor-button-link elementor-size-sm\" href=\"#\">\n\t\t\t\t\t\t<span class=\"elementor-button-content-wrapper\">\n\t\t\t\t\t\t\t\t\t<span class=\"elementor-button-text\">Contactez nous<\/span>\n\t\t\t\t\t<\/span>\n\t\t\t\t\t<\/a>\n\t\t\t\t\t\t\t\t<\/div>\n\t\t\t\t<\/div>\n\t\t\t\t<\/div>\n\t\t","protected":false},"excerpt":{"rendered":"<p>Ressources pour les adolescents et les jeunes adultes Veuillez noter que cette liste n\u2019est pas exhaustive. Pour plus de ressources veuillez contacter le Centre de bien-\u00eatre de l\u2019Ouest-de-l\u2019\u00cele pour personnes atteintes de cancer au (514) 695-9355 . Ressources pour les adolescents et les jeunes adultes atteints de cancer: &#8211; Le Centre de bien-\u00eatre de l\u2019Ouest-de-l\u2019\u00cele [&hellip;]<\/p>\n","protected":false},"author":1,"featured_media":0,"parent":0,"menu_order":0,"comment_status":"closed","ping_status":"closed","template":"elementor_header_footer","meta":{"inline_featured_image":false,"footnotes":""},"class_list":["post-8747","page","type-page","status-publish","hentry"],"_links":{"self":[{"href":"https:\/\/www.wicwc.com\/fr\/wp-json\/wp\/v2\/pages\/8747","targetHints":{"allow":["GET"]}}],"collection":[{"href":"https:\/\/www.wicwc.com\/fr\/wp-json\/wp\/v2\/pages"}],"about":[{"href":"https:\/\/www.wicwc.com\/fr\/wp-json\/wp\/v2\/types\/page"}],"author":[{"embeddable":true,"href":"https:\/\/www.wicwc.com\/fr\/wp-json\/wp\/v2\/users\/1"}],"replies":[{"embeddable":true,"href":"https:\/\/www.wicwc.com\/fr\/wp-json\/wp\/v2\/comments?post=8747"}],"version-history":[{"count":0,"href":"https:\/\/www.wicwc.com\/fr\/wp-json\/wp\/v2\/pages\/8747\/revisions"}],"wp:attachment":[{"href":"https:\/\/www.wicwc.com\/fr\/wp-json\/wp\/v2\/media?parent=8747"}],"curies":[{"name":"wp","href":"https:\/\/api.w.org\/{rel}","templated":true}]}}