{"id":8822,"date":"2024-09-24T17:42:19","date_gmt":"2024-09-24T17:42:19","guid":{"rendered":"https:\/\/34.56.50.226tournoi-de-golf\/"},"modified":"2026-05-05T16:23:47","modified_gmt":"2026-05-05T16:23:47","slug":"tournoi-de-golf","status":"publish","type":"page","link":"https:\/\/www.wicwc.com\/fr\/tournoi-de-golf\/","title":{"rendered":"Tournoi de golf"},"content":{"rendered":"\t\t<div data-elementor-type=\"wp-page\" data-elementor-id=\"8822\" class=\"elementor elementor-8822 elementor-8812\" data-elementor-post-type=\"page\">\n\t\t\t\t<div class=\"elementor-element elementor-element-fa793f5 e-flex e-con-boxed e-con e-parent\" data-id=\"fa793f5\" data-element_type=\"container\">\n\t\t\t\t\t<div class=\"e-con-inner\">\n\t\t<div class=\"elementor-element elementor-element-a3647cd e-con-full e-flex e-con e-child\" data-id=\"a3647cd\" data-element_type=\"container\" data-settings=\"{&quot;background_background&quot;:&quot;classic&quot;}\">\n\t\t\t\t<div class=\"elementor-element elementor-element-60b75c0 elementor-widget elementor-widget-heading\" data-id=\"60b75c0\" data-element_type=\"widget\" data-widget_type=\"heading.default\">\n\t\t\t\t\t<h3 class=\"elementor-heading-title elementor-size-default\">15e Tournoi de golf annuel du Centre de bien-\u00eatre de l\u2019Ouest-de-l\u2019\u00cele pour personnes atteintes de cancer<\/h3>\t\t\t\t<\/div>\n\t\t\t\t<div class=\"elementor-element elementor-element-1e1d28c elementor-widget elementor-widget-heading\" data-id=\"1e1d28c\" data-element_type=\"widget\" data-widget_type=\"heading.default\">\n\t\t\t\t\t<h6 class=\"elementor-heading-title elementor-size-default\">Jeudi 24 septembre 2026<\/h6>\t\t\t\t<\/div>\n\t\t\t\t<div class=\"elementor-element elementor-element-4579f0b elementor-widget elementor-widget-heading\" data-id=\"4579f0b\" data-element_type=\"widget\" data-widget_type=\"heading.default\">\n\t\t\t\t\t<h6 class=\"elementor-heading-title elementor-size-default\">Club de golf Summerlea<\/h6>\t\t\t\t<\/div>\n\t\t\t\t<\/div>\n\t\t\t\t\t<\/div>\n\t\t\t\t<\/div>\n\t\t<div class=\"elementor-element elementor-element-c981d0d e-flex e-con-boxed e-con e-parent\" data-id=\"c981d0d\" data-element_type=\"container\">\n\t\t\t\t\t<div class=\"e-con-inner\">\n\t\t\t\t<div class=\"elementor-element elementor-element-0b3b387 elementor-widget elementor-widget-spacer\" data-id=\"0b3b387\" data-element_type=\"widget\" data-widget_type=\"spacer.default\">\n\t\t\t\t\t\t\t<div class=\"elementor-spacer\">\n\t\t\t<div class=\"elementor-spacer-inner\"><\/div>\n\t\t<\/div>\n\t\t\t\t\t\t<\/div>\n\t\t<div class=\"elementor-element elementor-element-ffb735a e-grid e-con-full e-con e-child\" data-id=\"ffb735a\" data-element_type=\"container\">\n\t\t\t\t<div class=\"elementor-element elementor-element-248eae8 elementor-widget elementor-widget-text-editor\" data-id=\"248eae8\" data-element_type=\"widget\" data-widget_type=\"text-editor.default\">\n\t\t\t\t\t\t\t\t\t<p>Nous vous invitons \u00e0 c\u00e9l\u00e9brer une occasion sp\u00e9ciale lors du <strong>15e tournoi de golf annuel du Centre de bien-\u00eatre de l\u2019Ouest-de-l\u2019\u00cele pour personnes atteintes de cancer<\/strong>, qui aura lieu le <strong>jeudi 24 septembre 2026<\/strong> au Summerlea Golf &amp; Country Club.<\/p>\n<p>La journ\u00e9e d\u00e9butera par un d\u00e9licieux brunch, suivi d&rsquo;une partie de golf exceptionnelle, avec de nombreux rafra\u00eechissements et collations tout au long du parcours. En soir\u00e9e, nous nous r\u00e9unirons pour un merveilleux souper et notre tr\u00e8s attendue vente aux ench\u00e8res silencieuse.<\/p>\n<p>Chaque dollar recueilli contribue \u00e0 soutenir nos programmes et services, permettant ainsi aux membres de notre communaut\u00e9 de bien vivre avec le cancer, sans frais.<\/p>\n\t\t\t\t\t\t\t\t<\/div>\n\t\t\t\t<div class=\"elementor-element elementor-element-9d92f1e elementor-widget elementor-widget-video\" data-id=\"9d92f1e\" data-element_type=\"widget\" data-settings=\"{&quot;video_type&quot;:&quot;hosted&quot;,&quot;autoplay&quot;:&quot;yes&quot;,&quot;controls&quot;:&quot;yes&quot;}\" data-widget_type=\"video.default\">\n\t\t\t\t\t\t\t<div class=\"e-hosted-video elementor-wrapper elementor-open-inline\">\n\t\t\t\t\t<video class=\"elementor-video\" src=\"https:\/\/www.wicwc.com\/wp-content\/uploads\/2026\/02\/Final-Short-Golf-2026-Promo-Video.mp4\" autoplay=\"\" controls=\"\" controlsList=\"nodownload\"><\/video>\n\t\t\t\t<\/div>\n\t\t\t\t\t\t<\/div>\n\t\t\t\t<\/div>\n\t\t\t\t<div class=\"elementor-element elementor-element-9379338 elementor-align-left elementor-widget elementor-widget-button\" data-id=\"9379338\" data-element_type=\"widget\" data-widget_type=\"button.default\">\n\t\t\t\t\t\t\t\t\t\t<a class=\"elementor-button elementor-button-link elementor-size-sm\" href=\"https:\/\/wl.donorperfect.net\/weblink\/weblink.aspx?name=E355348QE&#038;id=128\">\n\t\t\t\t\t\t<span class=\"elementor-button-content-wrapper\">\n\t\t\t\t\t\t\t\t\t<span class=\"elementor-button-text\">S'inscrire<\/span>\n\t\t\t\t\t<\/span>\n\t\t\t\t\t<\/a>\n\t\t\t\t\t\t\t\t<\/div>\n\t\t\t\t<div class=\"elementor-element elementor-element-62e3ab6 elementor-widget-divider--view-line elementor-widget elementor-widget-divider\" data-id=\"62e3ab6\" data-element_type=\"widget\" data-widget_type=\"divider.default\">\n\t\t\t\t\t\t\t<div class=\"elementor-divider\">\n\t\t\t<span class=\"elementor-divider-separator\">\n\t\t\t\t\t\t<\/span>\n\t\t<\/div>\n\t\t\t\t\t\t<\/div>\n\t\t\t\t<div class=\"elementor-element elementor-element-b271fcf elementor-widget elementor-widget-heading\" data-id=\"b271fcf\" data-element_type=\"widget\" data-widget_type=\"heading.default\">\n\t\t\t\t\t<h2 class=\"elementor-heading-title elementor-size-default\">Oportunit\u00e9s de commandite<\/h2>\t\t\t\t<\/div>\n\t\t\t\t<div class=\"elementor-element elementor-element-1d05f51 elementor-widget elementor-widget-text-editor\" data-id=\"1d05f51\" data-element_type=\"widget\" data-widget_type=\"text-editor.default\">\n\t\t\t\t\t\t\t\t\t<p><strong>Participez \u00e0 notre 15e anniversaire.<\/strong><\/p>\n<p>Cliquez ci-dessous pour d\u00e9couvrir nos niveaux de parrainage, dont certains incluent un quatuor gratuit.<\/p>\n\t\t\t\t\t\t\t\t<\/div>\n\t\t\t\t<div class=\"elementor-element elementor-element-ebee897 elementor-align-center elementor-widget elementor-widget-button\" data-id=\"ebee897\" data-element_type=\"widget\" data-widget_type=\"button.default\">\n\t\t\t\t\t\t\t\t\t\t<a class=\"elementor-button elementor-button-link elementor-size-sm\" href=\"https:\/\/www.wicwc.com\/wp-content\/uploads\/2026\/02\/FR-WICWC-2026-Tournoi-de-golf-forfaits-1.pdf\">\n\t\t\t\t\t\t<span class=\"elementor-button-content-wrapper\">\n\t\t\t\t\t\t\t\t\t<span class=\"elementor-button-text\">Niveaux de parrainage<\/span>\n\t\t\t\t\t<\/span>\n\t\t\t\t\t<\/a>\n\t\t\t\t\t\t\t\t<\/div>\n\t\t\t\t<div class=\"elementor-element elementor-element-944fd09 elementor-widget__width-initial elementor-widget elementor-widget-video\" data-id=\"944fd09\" data-element_type=\"widget\" data-settings=\"{&quot;video_type&quot;:&quot;hosted&quot;,&quot;controls&quot;:&quot;yes&quot;}\" data-widget_type=\"video.default\">\n\t\t\t\t\t\t\t<div class=\"e-hosted-video elementor-wrapper elementor-open-inline\">\n\t\t\t\t\t<video class=\"elementor-video\" src=\"https:\/\/www.wicwc.com\/wp-content\/uploads\/2026\/02\/Final-Jay-Speaking-Golf.mp4\" controls=\"\" preload=\"metadata\" controlsList=\"nodownload\"><\/video>\n\t\t\t\t<\/div>\n\t\t\t\t\t\t<\/div>\n\t\t\t\t<div class=\"elementor-element elementor-element-650fa23 elementor-widget__width-initial elementor-widget elementor-widget-text-editor\" data-id=\"650fa23\" data-element_type=\"widget\" data-widget_type=\"text-editor.default\">\n\t\t\t\t\t\t\t\t\t<p data-start=\"566\" data-end=\"910\">Depuis pr\u00e8s d&rsquo;une d\u00e9cennie, Immeubles Deakin est fier de commanditer cet \u00e9v\u00e9nement. \u00c9coutez Jay Deakin, pr\u00e9sident de notre conseil d&rsquo;administration, expliquer pourquoi ce tournoi est important.<\/p>\n\t\t\t\t\t\t\t\t<\/div>\n\t\t\t\t<div class=\"elementor-element elementor-element-6b5d2b1 elementor-widget elementor-widget-button\" data-id=\"6b5d2b1\" data-element_type=\"widget\" data-widget_type=\"button.default\">\n\t\t\t\t\t\t\t\t\t\t<a class=\"elementor-button elementor-button-link elementor-size-sm\" href=\"https:\/\/heyzine.com\/flip-book\/0094ea19fb.html\">\n\t\t\t\t\t\t<span class=\"elementor-button-content-wrapper\">\n\t\t\t\t\t\t\t\t\t<span class=\"elementor-button-text\">Voir les remerciements aux commanditaires 2025<\/span>\n\t\t\t\t\t<\/span>\n\t\t\t\t\t<\/a>\n\t\t\t\t\t\t\t\t<\/div>\n\t\t\t\t\t<\/div>\n\t\t\t\t<\/div>\n\t\t<div class=\"elementor-element elementor-element-67d22b8 e-flex e-con-boxed e-con e-parent\" data-id=\"67d22b8\" data-element_type=\"container\">\n\t\t\t\t\t<div class=\"e-con-inner\">\n\t\t\t\t<div class=\"elementor-element elementor-element-a123080 elementor-widget-divider--view-line elementor-widget elementor-widget-divider\" data-id=\"a123080\" data-element_type=\"widget\" data-widget_type=\"divider.default\">\n\t\t\t\t\t\t\t<div class=\"elementor-divider\">\n\t\t\t<span class=\"elementor-divider-separator\">\n\t\t\t\t\t\t<\/span>\n\t\t<\/div>\n\t\t\t\t\t\t<\/div>\n\t\t\t\t<div class=\"elementor-element elementor-element-60354b0 elementor-widget elementor-widget-spacer\" data-id=\"60354b0\" data-element_type=\"widget\" data-widget_type=\"spacer.default\">\n\t\t\t\t\t\t\t<div class=\"elementor-spacer\">\n\t\t\t<div class=\"elementor-spacer-inner\"><\/div>\n\t\t<\/div>\n\t\t\t\t\t\t<\/div>\n\t\t\t\t<div class=\"elementor-element elementor-element-f4979a5 elementor-widget elementor-widget-text-editor\" data-id=\"f4979a5\" data-element_type=\"widget\" data-widget_type=\"text-editor.default\">\n\t\t\t\t\t\t\t\t\t<h3 style=\"text-align: center;\" data-fontsize=\"18\" data-lineheight=\"27px\">Merci \u00e0 notre comit\u00e9 organisateur<\/h3>\n<p style=\"text-align: center;\">Pr\u00e9sidente de l&rsquo;\u00e9v\u00e9nement : <strong>Alanna Roszkowski,<\/strong> DLC Teams<\/p>\n<p style=\"text-align: center;\"><strong>David Bertrand<\/strong>, RBC Dominion valeurs mobili\u00e8res Inc. \/ <strong>Michael Boychuk<\/strong>, directeur g\u00e9n\u00e9ral \/ <strong>Dimitrios Christopoulos<\/strong>, cadre bancaire \/ <strong>Jay Deakin<\/strong>, Deakin Realty \/ <strong>John Kappos<\/strong>, McKesson \/ <strong>Christopher Kovalchuk<\/strong>, Claret Asset Management \/ <strong>Sean Smith<\/strong>, Vozwin<\/p>\n\t\t\t\t\t\t\t\t<\/div>\n\t\t\t\t<div class=\"elementor-element elementor-element-10625de elementor-widget-divider--view-line elementor-widget elementor-widget-divider\" data-id=\"10625de\" data-element_type=\"widget\" data-widget_type=\"divider.default\">\n\t\t\t\t\t\t\t<div class=\"elementor-divider\">\n\t\t\t<span class=\"elementor-divider-separator\">\n\t\t\t\t\t\t<\/span>\n\t\t<\/div>\n\t\t\t\t\t\t<\/div>\n\t\t\t\t<div class=\"elementor-element elementor-element-a61a308 elementor-widget elementor-widget-heading\" data-id=\"a61a308\" data-element_type=\"widget\" data-widget_type=\"heading.default\">\n\t\t\t\t\t<h2 class=\"elementor-heading-title elementor-size-default\">Commanditaires<\/h2>\t\t\t\t<\/div>\n\t\t\t\t<div class=\"elementor-element elementor-element-1827e70 elementor-widget elementor-widget-text-editor\" data-id=\"1827e70\" data-element_type=\"widget\" data-widget_type=\"text-editor.default\">\n\t\t\t\t\t\t\t\t\t<p>Nos sinc\u00e8res remerciements \u00e0 nos commanditaires qui ont confirm\u00e9 leur engagement d\u00e8s le lancement.<\/p>\n\t\t\t\t\t\t\t\t<\/div>\n\t\t<div class=\"elementor-element elementor-element-e5c4bf3 e-grid e-con-full e-con e-child\" data-id=\"e5c4bf3\" data-element_type=\"container\">\n\t\t\t\t<div class=\"elementor-element elementor-element-7038715 elementor-widget elementor-widget-image\" data-id=\"7038715\" data-element_type=\"widget\" data-widget_type=\"image.default\">\n\t\t\t\t\t\t\t\t\t\t\t\t\t\t\t\t<a href=\"https:\/\/www.claret.ca\/\">\n\t\t\t\t\t\t\t<img fetchpriority=\"high\" decoding=\"async\" width=\"800\" height=\"158\" src=\"https:\/\/www.wicwc.com\/wp-content\/uploads\/2025\/06\/Claret_Print_Horiz_LogoDesc_EN_Colour-1.png\" class=\"attachment-large size-large wp-image-9455\" alt=\"\" srcset=\"https:\/\/www.wicwc.com\/wp-content\/uploads\/2025\/06\/Claret_Print_Horiz_LogoDesc_EN_Colour-1.png 941w, https:\/\/www.wicwc.com\/wp-content\/uploads\/2025\/06\/Claret_Print_Horiz_LogoDesc_EN_Colour-1-300x59.png 300w, https:\/\/www.wicwc.com\/wp-content\/uploads\/2025\/06\/Claret_Print_Horiz_LogoDesc_EN_Colour-1-768x152.png 768w\" sizes=\"(max-width: 800px) 100vw, 800px\" \/>\t\t\t\t\t\t\t\t<\/a>\n\t\t\t\t\t\t\t\t\t\t\t\t\t\t\t<\/div>\n\t\t\t\t<div class=\"elementor-element elementor-element-36564b1 elementor-widget elementor-widget-image\" data-id=\"36564b1\" data-element_type=\"widget\" data-widget_type=\"image.default\">\n\t\t\t\t\t\t\t\t\t\t\t\t\t\t\t\t<a href=\"https:\/\/deakinrealty.ca\/\">\n\t\t\t\t\t\t\t<img decoding=\"async\" width=\"800\" height=\"321\" src=\"https:\/\/www.wicwc.com\/wp-content\/uploads\/2025\/06\/Deakin-Realty-1024x411.jpg\" class=\"attachment-large size-large wp-image-9457\" alt=\"\" srcset=\"https:\/\/www.wicwc.com\/wp-content\/uploads\/2025\/06\/Deakin-Realty-1024x411.jpg 1024w, https:\/\/www.wicwc.com\/wp-content\/uploads\/2025\/06\/Deakin-Realty-300x120.jpg 300w, https:\/\/www.wicwc.com\/wp-content\/uploads\/2025\/06\/Deakin-Realty-768x308.jpg 768w, https:\/\/www.wicwc.com\/wp-content\/uploads\/2025\/06\/Deakin-Realty-1536x616.jpg 1536w, https:\/\/www.wicwc.com\/wp-content\/uploads\/2025\/06\/Deakin-Realty.jpg 1830w\" sizes=\"(max-width: 800px) 100vw, 800px\" \/>\t\t\t\t\t\t\t\t<\/a>\n\t\t\t\t\t\t\t\t\t\t\t\t\t\t\t<\/div>\n\t\t\t\t<div class=\"elementor-element elementor-element-73ff11f elementor-widget elementor-widget-image\" data-id=\"73ff11f\" data-element_type=\"widget\" data-widget_type=\"image.default\">\n\t\t\t\t\t\t\t\t\t\t\t\t\t\t\t\t<a href=\"https:\/\/dlcteams.com\/\">\n\t\t\t\t\t\t\t<img decoding=\"async\" width=\"800\" height=\"342\" src=\"https:\/\/www.wicwc.com\/wp-content\/uploads\/2025\/06\/DLC-1024x438.png\" class=\"attachment-large size-large wp-image-9453\" alt=\"\" srcset=\"https:\/\/www.wicwc.com\/wp-content\/uploads\/2025\/06\/DLC-1024x438.png 1024w, https:\/\/www.wicwc.com\/wp-content\/uploads\/2025\/06\/DLC-300x128.png 300w, https:\/\/www.wicwc.com\/wp-content\/uploads\/2025\/06\/DLC-768x328.png 768w, https:\/\/www.wicwc.com\/wp-content\/uploads\/2025\/06\/DLC-1536x657.png 1536w, https:\/\/www.wicwc.com\/wp-content\/uploads\/2025\/06\/DLC-2048x876.png 2048w\" sizes=\"(max-width: 800px) 100vw, 800px\" \/>\t\t\t\t\t\t\t\t<\/a>\n\t\t\t\t\t\t\t\t\t\t\t\t\t\t\t<\/div>\n\t\t<div class=\"elementor-element elementor-element-fb52462 e-con-full e-flex e-con e-child\" data-id=\"fb52462\" data-element_type=\"container\">\n\t\t\t\t<div class=\"elementor-element elementor-element-52bfd4a elementor-widget elementor-widget-image\" data-id=\"52bfd4a\" data-element_type=\"widget\" data-widget_type=\"image.default\">\n\t\t\t\t\t\t\t\t\t\t\t\t\t\t\t\t<a href=\"https:\/\/www.provigo.ca\/fr\">\n\t\t\t\t\t\t\t<img loading=\"lazy\" decoding=\"async\" width=\"800\" height=\"287\" src=\"https:\/\/www.wicwc.com\/wp-content\/uploads\/2026\/02\/Provigo-Logo-1024x367.png\" class=\"attachment-large size-large wp-image-10120\" alt=\"\" srcset=\"https:\/\/www.wicwc.com\/wp-content\/uploads\/2026\/02\/Provigo-Logo-1024x367.png 1024w, https:\/\/www.wicwc.com\/wp-content\/uploads\/2026\/02\/Provigo-Logo-300x107.png 300w, https:\/\/www.wicwc.com\/wp-content\/uploads\/2026\/02\/Provigo-Logo-768x275.png 768w, https:\/\/www.wicwc.com\/wp-content\/uploads\/2026\/02\/Provigo-Logo.png 1055w\" sizes=\"(max-width: 800px) 100vw, 800px\" \/>\t\t\t\t\t\t\t\t<\/a>\n\t\t\t\t\t\t\t\t\t\t\t\t\t\t\t<\/div>\n\t\t\t\t<\/div>\n\t\t<div class=\"elementor-element elementor-element-6091269 e-con-full e-flex e-con e-child\" data-id=\"6091269\" data-element_type=\"container\">\n\t\t\t\t<\/div>\n\t\t<div class=\"elementor-element elementor-element-3b88047 e-con-full e-flex e-con e-child\" data-id=\"3b88047\" data-element_type=\"container\">\n\t\t\t\t<\/div>\n\t\t<div class=\"elementor-element elementor-element-c4ba82e e-con-full e-flex e-con e-child\" data-id=\"c4ba82e\" data-element_type=\"container\">\n\t\t\t\t<\/div>\n\t\t\t\t<\/div>\n\t\t\t\t<div class=\"elementor-element elementor-element-fa89bab elementor-widget elementor-widget-spacer\" data-id=\"fa89bab\" data-element_type=\"widget\" data-widget_type=\"spacer.default\">\n\t\t\t\t\t\t\t<div class=\"elementor-spacer\">\n\t\t\t<div class=\"elementor-spacer-inner\"><\/div>\n\t\t<\/div>\n\t\t\t\t\t\t<\/div>\n\t\t\t\t\t<\/div>\n\t\t\t\t<\/div>\n\t\t<div class=\"elementor-element elementor-element-80005a5 e-flex e-con-boxed e-con e-parent\" data-id=\"80005a5\" data-element_type=\"container\">\n\t\t\t\t\t<div class=\"e-con-inner\">\n\t\t\t\t<div class=\"elementor-element elementor-element-6c6fbb2 elementor-widget elementor-widget-spacer\" data-id=\"6c6fbb2\" data-element_type=\"widget\" data-widget_type=\"spacer.default\">\n\t\t\t\t\t\t\t<div class=\"elementor-spacer\">\n\t\t\t<div class=\"elementor-spacer-inner\"><\/div>\n\t\t<\/div>\n\t\t\t\t\t\t<\/div>\n\t\t\t\t\t<\/div>\n\t\t\t\t<\/div>\n\t\t\t\t<\/div>\n\t\t","protected":false},"excerpt":{"rendered":"<p>15e Tournoi de golf annuel du Centre de bien-\u00eatre de l\u2019Ouest-de-l\u2019\u00cele pour personnes atteintes de cancer Jeudi 24 septembre 2026 Club de golf Summerlea Nous vous invitons \u00e0 c\u00e9l\u00e9brer une occasion sp\u00e9ciale lors du 15e tournoi de golf annuel du Centre de bien-\u00eatre de l\u2019Ouest-de-l\u2019\u00cele pour personnes atteintes de cancer, qui aura lieu le jeudi [&hellip;]<\/p>\n","protected":false},"author":1,"featured_media":0,"parent":0,"menu_order":0,"comment_status":"closed","ping_status":"closed","template":"","meta":{"inline_featured_image":false,"footnotes":""},"class_list":["post-8822","page","type-page","status-publish","hentry"],"_links":{"self":[{"href":"https:\/\/www.wicwc.com\/fr\/wp-json\/wp\/v2\/pages\/8822","targetHints":{"allow":["GET"]}}],"collection":[{"href":"https:\/\/www.wicwc.com\/fr\/wp-json\/wp\/v2\/pages"}],"about":[{"href":"https:\/\/www.wicwc.com\/fr\/wp-json\/wp\/v2\/types\/page"}],"author":[{"embeddable":true,"href":"https:\/\/www.wicwc.com\/fr\/wp-json\/wp\/v2\/users\/1"}],"replies":[{"embeddable":true,"href":"https:\/\/www.wicwc.com\/fr\/wp-json\/wp\/v2\/comments?post=8822"}],"version-history":[{"count":31,"href":"https:\/\/www.wicwc.com\/fr\/wp-json\/wp\/v2\/pages\/8822\/revisions"}],"predecessor-version":[{"id":10418,"href":"https:\/\/www.wicwc.com\/fr\/wp-json\/wp\/v2\/pages\/8822\/revisions\/10418"}],"wp:attachment":[{"href":"https:\/\/www.wicwc.com\/fr\/wp-json\/wp\/v2\/media?parent=8822"}],"curies":[{"name":"wp","href":"https:\/\/api.w.org\/{rel}","templated":true}]}}