{"id":9099,"date":"2024-11-19T19:06:32","date_gmt":"2024-11-19T19:06:32","guid":{"rendered":"https:\/\/34.56.50.226mardi-je-donne\/"},"modified":"2026-01-13T18:53:46","modified_gmt":"2026-01-13T18:53:46","slug":"mardi-je-donne","status":"publish","type":"page","link":"https:\/\/www.wicwc.com\/fr\/mardi-je-donne\/","title":{"rendered":"Mardi je donne"},"content":{"rendered":"\t\t<div data-elementor-type=\"wp-page\" data-elementor-id=\"9099\" class=\"elementor elementor-9099 elementor-9050\" data-elementor-post-type=\"page\">\n\t\t\t\t<div class=\"elementor-element elementor-element-d11ecda e-flex e-con-boxed e-con e-parent\" data-id=\"d11ecda\" data-element_type=\"container\">\n\t\t\t\t\t<div class=\"e-con-inner\">\n\t\t\t\t<div class=\"elementor-element elementor-element-05a1459 elementor-widget elementor-widget-image\" data-id=\"05a1459\" data-element_type=\"widget\" data-widget_type=\"image.default\">\n\t\t\t\t\t\t\t\t\t\t\t\t\t\t\t<img fetchpriority=\"high\" decoding=\"async\" width=\"2000\" height=\"855\" src=\"https:\/\/www.wicwc.com\/wp-content\/uploads\/2024\/11\/Giving-Tuesday-Banner-5-e1732128663705.png\" class=\"attachment-full size-full wp-image-9094\" alt=\"\" srcset=\"https:\/\/www.wicwc.com\/wp-content\/uploads\/2024\/11\/Giving-Tuesday-Banner-5-e1732128663705.png 2000w, https:\/\/www.wicwc.com\/wp-content\/uploads\/2024\/11\/Giving-Tuesday-Banner-5-e1732128663705-300x128.png 300w, https:\/\/www.wicwc.com\/wp-content\/uploads\/2024\/11\/Giving-Tuesday-Banner-5-e1732128663705-1024x438.png 1024w, https:\/\/www.wicwc.com\/wp-content\/uploads\/2024\/11\/Giving-Tuesday-Banner-5-e1732128663705-768x328.png 768w, https:\/\/www.wicwc.com\/wp-content\/uploads\/2024\/11\/Giving-Tuesday-Banner-5-e1732128663705-1536x657.png 1536w\" sizes=\"(max-width: 2000px) 100vw, 2000px\" \/>\t\t\t\t\t\t\t\t\t\t\t\t\t\t\t<\/div>\n\t\t\t\t<div class=\"elementor-element elementor-element-a469bc6 elementor-widget elementor-widget-spacer\" data-id=\"a469bc6\" data-element_type=\"widget\" data-widget_type=\"spacer.default\">\n\t\t\t\t\t\t\t<div class=\"elementor-spacer\">\n\t\t\t<div class=\"elementor-spacer-inner\"><\/div>\n\t\t<\/div>\n\t\t\t\t\t\t<\/div>\n\t\t\t\t\t<\/div>\n\t\t\t\t<\/div>\n\t\t<div class=\"elementor-element elementor-element-cd5f3b4 e-flex e-con-boxed e-con e-parent\" data-id=\"cd5f3b4\" data-element_type=\"container\">\n\t\t\t\t\t<div class=\"e-con-inner\">\n\t\t\t\t<div class=\"elementor-element elementor-element-16b6916 elementor-widget elementor-widget-heading\" data-id=\"16b6916\" data-element_type=\"widget\" data-widget_type=\"heading.default\">\n\t\t\t\t\t<h2 class=\"elementor-heading-title elementor-size-default\">Ensemble, nous avons r\u00e9colt\u00e9 82 728 $ !<\/h2>\t\t\t\t<\/div>\n\t\t\t\t<div class=\"elementor-element elementor-element-8d2ec0a elementor-widget elementor-widget-text-editor\" data-id=\"8d2ec0a\" data-element_type=\"widget\" data-widget_type=\"text-editor.default\">\n\t\t\t\t\t\t\t\t\t<p class=\"p1\">Merci \u00e0 tous ceux qui ont fait un don dans le cadre de notre campagne Mardi je donne. Votre g\u00e9n\u00e9rosit\u00e9 a fait une diff\u00e9rence significative pour les personnes atteintes d&rsquo;un cancer et ceux qui les soutiennent. Gr\u00e2ce \u00e0 vous, notre communaut\u00e9 peut continuer \u00e0 b\u00e9n\u00e9ficier de programmes humanitaires, de liens sociaux et d&rsquo;un soutien lorsqu&rsquo;elle en a le plus besoin.<\/p>\n\t\t\t\t\t\t\t\t<\/div>\n\t\t\t\t<div class=\"elementor-element elementor-element-bcfaa4e elementor-widget elementor-widget-spacer\" data-id=\"bcfaa4e\" data-element_type=\"widget\" data-widget_type=\"spacer.default\">\n\t\t\t\t\t\t\t<div class=\"elementor-spacer\">\n\t\t\t<div class=\"elementor-spacer-inner\"><\/div>\n\t\t<\/div>\n\t\t\t\t\t\t<\/div>\n\t\t\t\t\t<\/div>\n\t\t\t\t<\/div>\n\t\t<div class=\"elementor-element elementor-element-45655a3 e-flex e-con-boxed e-con e-parent\" data-id=\"45655a3\" data-element_type=\"container\">\n\t\t\t\t\t<div class=\"e-con-inner\">\n\t\t\t\t<div class=\"elementor-element elementor-element-5a9b664 elementor-widget-divider--view-line elementor-widget elementor-widget-divider\" data-id=\"5a9b664\" data-element_type=\"widget\" data-widget_type=\"divider.default\">\n\t\t\t\t\t\t\t<div class=\"elementor-divider\">\n\t\t\t<span class=\"elementor-divider-separator\">\n\t\t\t\t\t\t<\/span>\n\t\t<\/div>\n\t\t\t\t\t\t<\/div>\n\t\t\t\t<div class=\"elementor-element elementor-element-0804434 elementor-widget elementor-widget-text-editor\" data-id=\"0804434\" data-element_type=\"widget\" data-widget_type=\"text-editor.default\">\n\t\t\t\t\t\t\t\t\t<h3>L\u2019histoire de Serge et Miranda<\/h3>\n\t\t\t\t\t\t\t\t<\/div>\n\t\t<div class=\"elementor-element elementor-element-8b59964 e-grid e-con-boxed e-con e-child\" data-id=\"8b59964\" data-element_type=\"container\">\n\t\t\t\t\t<div class=\"e-con-inner\">\n\t\t\t\t<div class=\"elementor-element elementor-element-5fb0921 elementor-widget elementor-widget-text-editor\" data-id=\"5fb0921\" data-element_type=\"widget\" data-widget_type=\"text-editor.default\">\n\t\t\t\t\t\t\t\t\t<p class=\"p1\">Serge soutient sa femme, Miranda, qui vit avec un cancer m\u00e9tastatique depuis plus de dix ans. Recevoir un tel diagnostic si jeune, et pendant une si longue p\u00e9riode, entra\u00eene des d\u00e9fis uniques. Parfois, r\u00e9pondre \u00e0 ces besoins semble tout simplement impossible.<\/p>\n<p class=\"p1\">Pour eux, le <span class=\"s1\">Centre de bien-\u00eatre de l&rsquo;Ouest-de-l&rsquo;\u00cele pour personnes atteintes de cancer<\/span> est devenu une v\u00e9ritable bou\u00e9e d\u2019espoir. Le Centre leur offre <span class=\"s2\">un large \u00e9ventail de<\/span> programmes qui les aident concr\u00e8tement, surtout apr\u00e8s des journ\u00e9es \u00e9prouvantes \u00e0 l\u2019h\u00f4pital. Ce qu\u2019ils appr\u00e9cient particuli\u00e8rement : pouvoir y participer ensemble. Serge aime savoir que, comme aidant, il b\u00e9n\u00e9ficie lui aussi de programmes adapt\u00e9s.<\/p>\n<p class=\"p1\">Il sait qu\u2019il est essentiel de prendre soin de lui-m\u00eame, mais que ce n\u2019est pas toujours accessible. Le fait que tous les services soient gratuits a transform\u00e9 leur quotidien, leur permettant d\u2019obtenir le soutien, les outils et l\u2019accompagnement n\u00e9cessaires pour prendre soin d\u2019eux \u2014 individuellement et ensemble.<\/p>\n<p class=\"p1\">Les groupes de soutien occupent une place toute sp\u00e9ciale dans leur vie. Serge prend part au groupe des aidants, tandis que Miranda participe au groupe pour les personnes vivant avec un cancer m\u00e9tastatique. Ces espaces d\u2019\u00e9coute et de partage ont profond\u00e9ment chang\u00e9 leur fa\u00e7on de vivre la maladie.<\/p>\n\t\t\t\t\t\t\t\t<\/div>\n\t\t\t\t<div class=\"elementor-element elementor-element-58bb408 elementor-widget elementor-widget-video\" data-id=\"58bb408\" data-element_type=\"widget\" data-settings=\"{&quot;video_type&quot;:&quot;hosted&quot;,&quot;controls&quot;:&quot;yes&quot;}\" data-widget_type=\"video.default\">\n\t\t\t\t\t\t\t<div class=\"e-hosted-video elementor-wrapper elementor-open-inline\">\n\t\t\t\t\t<video class=\"elementor-video\" src=\"https:\/\/wicwc.com\/wp-content\/uploads\/2025\/11\/Final-Giving-Tuesday-Serge.mp4\" controls=\"\" preload=\"metadata\" controlsList=\"nodownload\"><\/video>\n\t\t\t\t<\/div>\n\t\t\t\t\t\t<\/div>\n\t\t\t\t\t<\/div>\n\t\t\t\t<\/div>\n\t\t\t\t\t<\/div>\n\t\t\t\t<\/div>\n\t\t<div class=\"elementor-element elementor-element-0a6b063 e-flex e-con-boxed e-con e-parent\" data-id=\"0a6b063\" data-element_type=\"container\">\n\t\t\t\t\t<div class=\"e-con-inner\">\n\t\t\t\t<div class=\"elementor-element elementor-element-a303f19 elementor-widget-divider--view-line elementor-widget elementor-widget-divider\" data-id=\"a303f19\" data-element_type=\"widget\" data-widget_type=\"divider.default\">\n\t\t\t\t\t\t\t<div class=\"elementor-divider\">\n\t\t\t<span class=\"elementor-divider-separator\">\n\t\t\t\t\t\t<\/span>\n\t\t<\/div>\n\t\t\t\t\t\t<\/div>\n\t\t\t\t<div class=\"elementor-element elementor-element-55d1288 elementor-widget elementor-widget-text-editor\" data-id=\"55d1288\" data-element_type=\"widget\" data-widget_type=\"text-editor.default\">\n\t\t\t\t\t\t\t\t\t<h3>Le pouvoir de la communaut\u00e9 : le parcours de Del vers la force et le renouveau<\/h3>\n\t\t\t\t\t\t\t\t<\/div>\n\t\t\t\t\t<\/div>\n\t\t\t\t<\/div>\n\t\t<div class=\"elementor-element elementor-element-aff2805 e-flex e-con-boxed e-con e-parent\" data-id=\"aff2805\" data-element_type=\"container\">\n\t\t\t\t\t<div class=\"e-con-inner\">\n\t\t<div class=\"elementor-element elementor-element-ca87c36 e-grid e-con-boxed e-con e-child\" data-id=\"ca87c36\" data-element_type=\"container\">\n\t\t\t\t\t<div class=\"e-con-inner\">\n\t\t\t\t<div class=\"elementor-element elementor-element-57bbffd elementor-widget__width-initial elementor-widget elementor-widget-video\" data-id=\"57bbffd\" data-element_type=\"widget\" data-settings=\"{&quot;video_type&quot;:&quot;hosted&quot;,&quot;controls&quot;:&quot;yes&quot;}\" data-widget_type=\"video.default\">\n\t\t\t\t\t\t\t<div class=\"e-hosted-video elementor-wrapper elementor-open-inline\">\n\t\t\t\t\t<video class=\"elementor-video\" src=\"https:\/\/wicwc.com\/wp-content\/uploads\/2025\/11\/Del-Final-Video.mp4\" controls=\"\" preload=\"metadata\" controlsList=\"nodownload\"><\/video>\n\t\t\t\t<\/div>\n\t\t\t\t\t\t<\/div>\n\t\t\t\t<div class=\"elementor-element elementor-element-d659bc2 elementor-widget elementor-widget-text-editor\" data-id=\"d659bc2\" data-element_type=\"widget\" data-widget_type=\"text-editor.default\">\n\t\t\t\t\t\t\t\t\t<p class=\"p1\">Il y a deux ans, Del a re\u00e7u un diagnostic de cancer m\u00e9tastatique de stade 4. Son m\u00e9decin lui a conseill\u00e9 de rentrer chez lui et de mettre ses affaires en ordre. Apr\u00e8s une s\u00e9rie traitements, l\u2019homme autrefois consid\u00e9r\u00e9 comme \u00ab dur et r\u00e9sistant \u00bb ne se reconnaissait plus. Il ne pouvait plus marcher et se sentait vid\u00e9 de son \u00e9nergie. Son regard sur la vie s\u2019assombrissait et il peinait \u00e0 voir ce qu\u2019il pouvait encore esp\u00e9rer.<\/p>\n<p class=\"p1\">Sur les conseils de son m\u00e9decin, Del a d\u00e9couvert le <span class=\"s1\">Centre de bien-\u00eatre de l&rsquo;Ouest-de-l&rsquo;\u00cele pour personnes atteintes de cancer<\/span>. Il y est all\u00e9 avec h\u00e9sitation, pensant qu\u2019il n\u2019avait rien \u00e0 perdre. Cette d\u00e9cision allait pourtant transformer sa vie. Gr\u00e2ce \u00e0 des programmes comme le yoga sur chaise et le tai-chi, Del a peu \u00e0 peu retrouv\u00e9 sa mobilit\u00e9 et sa confiance. Il se rappelle avoir commenc\u00e9 le tai-chi assis, s\u2019appuyant fortement sur une canne, jusqu\u2019au jour o\u00f9 il n\u2019en avait plus besoin. Il est convaincu que ces activit\u00e9s ont \u00e9t\u00e9 d\u00e9terminantes dans sa r\u00e9habilitation physique.<\/p>\n<p class=\"p1\">Mais les b\u00e9n\u00e9fices ne se sont pas limit\u00e9s au plan physique.<\/p>\n<p class=\"p1\">Del a trouv\u00e9 une communaut\u00e9 accueillante, o\u00f9 il se sentait compris et soutenu. Les amiti\u00e9s, les conversations et les moments partag\u00e9s avec les participants, le personnel et les b\u00e9n\u00e9voles lui ont redonn\u00e9 espoir et un sentiment de connexion.<\/p>\n<p class=\"p1\">Aujourd\u2019hui, Del fr\u00e9quente le Centre plusieurs fois par semaine. \u00c0 chaque visite, il se sent mieux, que ce soit apr\u00e8s un cours, une s\u00e9ance, ou simplement une discussion significative avec quelqu\u2019un qui comprend son v\u00e9cu. Il \u00e9voque les \u00ab mille premi\u00e8res fois \u00bb qu\u2019il a v\u00e9cues ici : son premier massage, sa premi\u00e8re s\u00e9ance de r\u00e9flexologie, son premier cours de cuisine\u2026 autant d\u2019exp\u00e9riences qu\u2019il n\u2019aurait jamais imagin\u00e9 tenter. Et tous ces programmes sont offerts gratuitement.<\/p>\n\t\t\t\t\t\t\t\t<\/div>\n\t\t\t\t\t<\/div>\n\t\t\t\t<\/div>\n\t\t\t\t<div class=\"elementor-element elementor-element-131c03e elementor-widget elementor-widget-text-editor\" data-id=\"131c03e\" data-element_type=\"widget\" data-widget_type=\"text-editor.default\">\n\t\t\t\t\t\t\t\t\t<p data-start=\"1830\" data-end=\"2096\">Avec le recul, Del r\u00e9fl\u00e9chit souvent \u00e0 quel point sa vie est diff\u00e9rente de celle qu&rsquo;il menait il y a deux ans. Le Centre a jou\u00e9 un r\u00f4le majeur en l&rsquo;aidant \u00e0 retrouver la joie, la force et un sentiment renouvel\u00e9 de possibilit\u00e9s. Il dit qu&rsquo;il ne peut vraiment pas imaginer o\u00f9 il en serait aujourd&rsquo;hui sans cela.<\/p>\n\t\t\t\t\t\t\t\t<\/div>\n\t\t\t\t<div class=\"elementor-element elementor-element-06a4370 elementor-widget-divider--view-line elementor-widget elementor-widget-divider\" data-id=\"06a4370\" data-element_type=\"widget\" data-widget_type=\"divider.default\">\n\t\t\t\t\t\t\t<div class=\"elementor-divider\">\n\t\t\t<span class=\"elementor-divider-separator\">\n\t\t\t\t\t\t<\/span>\n\t\t<\/div>\n\t\t\t\t\t\t<\/div>\n\t\t\t\t<div class=\"elementor-element elementor-element-233cb78 elementor-widget__width-initial elementor-widget elementor-widget-text-editor\" data-id=\"233cb78\" data-element_type=\"widget\" data-widget_type=\"text-editor.default\">\n\t\t\t\t\t\t\t\t\t<h3>Merci \u00e0 nos partenaires de jumelage !<\/h3>\n\t\t\t\t\t\t\t\t<\/div>\n\t\t\t\t<div class=\"elementor-element elementor-element-b69a11d elementor-widget elementor-widget-text-editor\" data-id=\"b69a11d\" data-element_type=\"widget\" data-widget_type=\"text-editor.default\">\n\t\t\t\t\t\t\t\t\t<p style=\"text-align: center;\" data-start=\"1830\" data-end=\"2096\">*Les dons ont \u00e9t\u00e9 doubl\u00e9s \u00e0 hauteur de 15 000 $.<\/p>\n\t\t\t\t\t\t\t\t<\/div>\n\t\t<div class=\"elementor-element elementor-element-b9a7ef6 e-grid e-con-boxed e-con e-child\" data-id=\"b9a7ef6\" data-element_type=\"container\">\n\t\t\t\t\t<div class=\"e-con-inner\">\n\t\t\t\t<div class=\"elementor-element elementor-element-218501b elementor-widget elementor-widget-image\" data-id=\"218501b\" data-element_type=\"widget\" data-widget_type=\"image.default\">\n\t\t\t\t\t\t\t\t\t\t\t\t\t\t\t\t<a href=\"https:\/\/deakinrealty.ca\/\">\n\t\t\t\t\t\t\t<img decoding=\"async\" width=\"300\" height=\"120\" src=\"https:\/\/www.wicwc.com\/wp-content\/uploads\/2025\/06\/Deakin-Realty-300x120.jpg\" class=\"attachment-medium size-medium wp-image-9457\" alt=\"\" srcset=\"https:\/\/www.wicwc.com\/wp-content\/uploads\/2025\/06\/Deakin-Realty-300x120.jpg 300w, https:\/\/www.wicwc.com\/wp-content\/uploads\/2025\/06\/Deakin-Realty-1024x411.jpg 1024w, https:\/\/www.wicwc.com\/wp-content\/uploads\/2025\/06\/Deakin-Realty-768x308.jpg 768w, https:\/\/www.wicwc.com\/wp-content\/uploads\/2025\/06\/Deakin-Realty-1536x616.jpg 1536w, https:\/\/www.wicwc.com\/wp-content\/uploads\/2025\/06\/Deakin-Realty.jpg 1830w\" sizes=\"(max-width: 300px) 100vw, 300px\" \/>\t\t\t\t\t\t\t\t<\/a>\n\t\t\t\t\t\t\t\t\t\t\t\t\t\t\t<\/div>\n\t\t\t\t<div class=\"elementor-element elementor-element-8d5933b elementor-widget elementor-widget-image\" data-id=\"8d5933b\" data-element_type=\"widget\" data-widget_type=\"image.default\">\n\t\t\t\t\t\t\t\t\t\t\t\t\t\t\t\t<a href=\"https:\/\/www.laurentide.com\/\">\n\t\t\t\t\t\t\t<img decoding=\"async\" width=\"768\" height=\"295\" src=\"https:\/\/www.wicwc.com\/wp-content\/uploads\/2025\/11\/Laurentide-Contral-logo-e1763579224319-768x295.jpg\" class=\"attachment-medium_large size-medium_large wp-image-9829\" alt=\"\" srcset=\"https:\/\/www.wicwc.com\/wp-content\/uploads\/2025\/11\/Laurentide-Contral-logo-e1763579224319-768x295.jpg 768w, https:\/\/www.wicwc.com\/wp-content\/uploads\/2025\/11\/Laurentide-Contral-logo-e1763579224319-300x115.jpg 300w, https:\/\/www.wicwc.com\/wp-content\/uploads\/2025\/11\/Laurentide-Contral-logo-e1763579224319-1024x393.jpg 1024w, https:\/\/www.wicwc.com\/wp-content\/uploads\/2025\/11\/Laurentide-Contral-logo-e1763579224319.jpg 1090w\" sizes=\"(max-width: 768px) 100vw, 768px\" \/>\t\t\t\t\t\t\t\t<\/a>\n\t\t\t\t\t\t\t\t\t\t\t\t\t\t\t<\/div>\n\t\t\t\t<div class=\"elementor-element elementor-element-502ec5a elementor-widget elementor-widget-heading\" data-id=\"502ec5a\" data-element_type=\"widget\" data-widget_type=\"heading.default\">\n\t\t\t\t\t<h2 class=\"elementor-heading-title elementor-size-default\">Donateur anonyme<\/h2>\t\t\t\t<\/div>\n\t\t\t\t\t<\/div>\n\t\t\t\t<\/div>\n\t\t\t\t<div class=\"elementor-element elementor-element-79889c1 elementor-widget-divider--view-line elementor-widget elementor-widget-divider\" data-id=\"79889c1\" data-element_type=\"widget\" data-widget_type=\"divider.default\">\n\t\t\t\t\t\t\t<div class=\"elementor-divider\">\n\t\t\t<span class=\"elementor-divider-separator\">\n\t\t\t\t\t\t<\/span>\n\t\t<\/div>\n\t\t\t\t\t\t<\/div>\n\t\t\t\t\t<\/div>\n\t\t\t\t<\/div>\n\t\t<div class=\"elementor-element elementor-element-2cffbf0 e-flex e-con-boxed e-con e-parent\" data-id=\"2cffbf0\" data-element_type=\"container\">\n\t\t\t\t\t<div class=\"e-con-inner\">\n\t\t\t\t<div class=\"elementor-element elementor-element-1b86b32 elementor-widget elementor-widget-spacer\" data-id=\"1b86b32\" data-element_type=\"widget\" data-widget_type=\"spacer.default\">\n\t\t\t\t\t\t\t<div class=\"elementor-spacer\">\n\t\t\t<div class=\"elementor-spacer-inner\"><\/div>\n\t\t<\/div>\n\t\t\t\t\t\t<\/div>\n\t\t\t\t\t<\/div>\n\t\t\t\t<\/div>\n\t\t\t\t<\/div>\n\t\t","protected":false},"excerpt":{"rendered":"<p>Ensemble, nous avons r\u00e9colt\u00e9 82 728 $ ! Merci \u00e0 tous ceux qui ont fait un don dans le cadre de notre campagne Mardi je donne. Votre g\u00e9n\u00e9rosit\u00e9 a fait une diff\u00e9rence significative pour les personnes atteintes d&rsquo;un cancer et ceux qui les soutiennent. Gr\u00e2ce \u00e0 vous, notre communaut\u00e9 peut continuer \u00e0 b\u00e9n\u00e9ficier de programmes [&hellip;]<\/p>\n","protected":false},"author":4,"featured_media":0,"parent":0,"menu_order":0,"comment_status":"closed","ping_status":"closed","template":"","meta":{"inline_featured_image":false,"footnotes":""},"class_list":["post-9099","page","type-page","status-publish","hentry"],"_links":{"self":[{"href":"https:\/\/www.wicwc.com\/fr\/wp-json\/wp\/v2\/pages\/9099","targetHints":{"allow":["GET"]}}],"collection":[{"href":"https:\/\/www.wicwc.com\/fr\/wp-json\/wp\/v2\/pages"}],"about":[{"href":"https:\/\/www.wicwc.com\/fr\/wp-json\/wp\/v2\/types\/page"}],"author":[{"embeddable":true,"href":"https:\/\/www.wicwc.com\/fr\/wp-json\/wp\/v2\/users\/4"}],"replies":[{"embeddable":true,"href":"https:\/\/www.wicwc.com\/fr\/wp-json\/wp\/v2\/comments?post=9099"}],"version-history":[{"count":2,"href":"https:\/\/www.wicwc.com\/fr\/wp-json\/wp\/v2\/pages\/9099\/revisions"}],"predecessor-version":[{"id":9990,"href":"https:\/\/www.wicwc.com\/fr\/wp-json\/wp\/v2\/pages\/9099\/revisions\/9990"}],"wp:attachment":[{"href":"https:\/\/www.wicwc.com\/fr\/wp-json\/wp\/v2\/media?parent=9099"}],"curies":[{"name":"wp","href":"https:\/\/api.w.org\/{rel}","templated":true}]}}