{"id":9137,"date":"2024-12-10T18:29:08","date_gmt":"2024-12-10T18:29:08","guid":{"rendered":"https:\/\/34.56.50.226toujours-dans-nos-coeurs\/"},"modified":"2026-05-07T12:53:01","modified_gmt":"2026-05-07T12:53:01","slug":"toujours-dans-nos-coeurs","status":"publish","type":"page","link":"https:\/\/www.wicwc.com\/fr\/toujours-dans-nos-coeurs\/","title":{"rendered":"Toujours dans nos c\u0153urs"},"content":{"rendered":"\t\t<div data-elementor-type=\"wp-page\" data-elementor-id=\"9137\" class=\"elementor elementor-9137 elementor-9131\" data-elementor-post-type=\"page\">\n\t\t\t\t<div class=\"elementor-element elementor-element-038e68e e-flex e-con-boxed e-con e-parent\" data-id=\"038e68e\" data-element_type=\"container\">\n\t\t\t\t\t<div class=\"e-con-inner\">\n\t\t\t\t<div class=\"elementor-element elementor-element-cb47a23 elementor-widget elementor-widget-image\" data-id=\"cb47a23\" data-element_type=\"widget\" data-widget_type=\"image.default\">\n\t\t\t\t\t\t\t\t\t\t\t\t\t\t\t<img fetchpriority=\"high\" decoding=\"async\" width=\"900\" height=\"300\" src=\"https:\/\/www.wicwc.com\/wp-content\/uploads\/2024\/12\/Always-in-our-hearts-website-header-2.png\" class=\"attachment-full size-full wp-image-9144\" alt=\"\" srcset=\"https:\/\/www.wicwc.com\/wp-content\/uploads\/2024\/12\/Always-in-our-hearts-website-header-2.png 900w, https:\/\/www.wicwc.com\/wp-content\/uploads\/2024\/12\/Always-in-our-hearts-website-header-2-300x100.png 300w, https:\/\/www.wicwc.com\/wp-content\/uploads\/2024\/12\/Always-in-our-hearts-website-header-2-768x256.png 768w\" sizes=\"(max-width: 900px) 100vw, 900px\" \/>\t\t\t\t\t\t\t\t\t\t\t\t\t\t\t<\/div>\n\t\t\t\t<div class=\"elementor-element elementor-element-9732f5e elementor-widget elementor-widget-spacer\" data-id=\"9732f5e\" data-element_type=\"widget\" data-widget_type=\"spacer.default\">\n\t\t\t\t\t\t\t<div class=\"elementor-spacer\">\n\t\t\t<div class=\"elementor-spacer-inner\"><\/div>\n\t\t<\/div>\n\t\t\t\t\t\t<\/div>\n\t\t\t\t<div class=\"elementor-element elementor-element-e83c8c3 elementor-widget elementor-widget-heading\" data-id=\"e83c8c3\" data-element_type=\"widget\" data-widget_type=\"heading.default\">\n\t\t\t\t\t<h2 class=\"elementor-heading-title elementor-size-default\">Toujours dans nos c\u0153urs<\/h2>\t\t\t\t<\/div>\n\t\t\t\t<div class=\"elementor-element elementor-element-2c3a088 elementor-widget elementor-widget-text-editor\" data-id=\"2c3a088\" data-element_type=\"widget\" data-widget_type=\"text-editor.default\">\n\t\t\t\t\t\t\t\t\t<p>Cette page est d\u00e9di\u00e9e \u00e0 la m\u00e9moire des participants du Centre de bien-\u00eatre de l&rsquo;Ouest-de-l&rsquo;\u00cele pour personnes atteintes de cancer qui ne sont plus parmi nous. Nous nous souvenons d&rsquo;eux avec amour, gratitude et un profond respect. <\/p>\n\t\t\t\t\t\t\t\t<\/div>\n\t\t\t\t<div class=\"elementor-element elementor-element-616bdda elementor-widget elementor-widget-spacer\" data-id=\"616bdda\" data-element_type=\"widget\" data-widget_type=\"spacer.default\">\n\t\t\t\t\t\t\t<div class=\"elementor-spacer\">\n\t\t\t<div class=\"elementor-spacer-inner\"><\/div>\n\t\t<\/div>\n\t\t\t\t\t\t<\/div>\n\t\t\t\t\t<\/div>\n\t\t\t\t<\/div>\n\t\t<div class=\"elementor-element elementor-element-7212400 e-grid e-con-boxed e-con e-parent\" data-id=\"7212400\" data-element_type=\"container\">\n\t\t\t\t\t<div class=\"e-con-inner\">\n\t\t\t\t<div class=\"elementor-element elementor-element-11ec954 elementor-widget elementor-widget-text-editor\" data-id=\"11ec954\" data-element_type=\"widget\" data-widget_type=\"text-editor.default\">\n\t\t\t\t\t\t\t\t\t<p>Masoon Balouch<\/p>\n<p>Jen Yu Hsiao<\/p>\n<p>Daniel O&rsquo;Connor<\/p>\n<p>Louise Kralka<\/p>\n<p>Willis Sheppard<\/p>\n<p>Susan Corrigan<\/p>\n<p>Cassandra Harding<\/p>\n<p>Yan Fortier-Lai<\/p>\n<p>Pierre Charron<\/p>\n<p>Patricia Briggs Dawe<\/p>\n<p>Jessica Andreu<\/p>\n<p>Vicky Arghiriu<\/p>\n<p>Jean Chenier<\/p>\n<p>Artemis Stratigakos<\/p>\n\t\t\t\t\t\t\t\t<\/div>\n\t\t\t\t<div class=\"elementor-element elementor-element-afc6950 elementor-widget elementor-widget-text-editor\" data-id=\"afc6950\" data-element_type=\"widget\" data-widget_type=\"text-editor.default\">\n\t\t\t\t\t\t\t\t\t<p>Normand Laplante<\/p>\n<p>Darroch Robertson<\/p>\n<p>Claudine Caouette<\/p>\n<p>Mark Lipari<\/p>\n<p>Danny McKinney<\/p>\n<p>Diane Hamel-Dandurand<\/p>\n<p>Lorraine Laramee<\/p>\n<p>John Kyle<\/p>\n<p>Diana Zinno<\/p>\n<p>Jos\u00e9e Boucher<\/p>\n<p>Antonio Daniele<\/p>\n<p>Renata DiLollo<\/p>\n<p>Joane Fernet<\/p>\n<p>Florentina Pirvu<\/p>\n\t\t\t\t\t\t\t\t<\/div>\n\t\t\t\t<div class=\"elementor-element elementor-element-1e71f15 elementor-widget elementor-widget-text-editor\" data-id=\"1e71f15\" data-element_type=\"widget\" data-widget_type=\"text-editor.default\">\n\t\t\t\t\t\t\t\t\t<p>Colette Stanton<\/p>\n<p>Olivia Vincelli<\/p>\n<p>Aileen Frew<\/p>\n<p>Sue O&rsquo;Neill<\/p>\n<p>Christine Santos<\/p>\n<p>Ronald Shanks<\/p>\n<p>Cecilla Hilliam-Macdonald<\/p>\n<p>Nabil Ishak<\/p>\n<p>Diane Jacques<\/p>\n<p>Sandra Johnson<\/p>\n<p>Elizabeth Laki<\/p>\n<p>Mary McQueen<\/p>\n<p>Allan Otter<\/p>\n<p>Roger Tremblay<\/p>\n\t\t\t\t\t\t\t\t<\/div>\n\t\t\t\t\t<\/div>\n\t\t\t\t<\/div>\n\t\t<div class=\"elementor-element elementor-element-5a871e1 e-flex e-con-boxed e-con e-parent\" data-id=\"5a871e1\" data-element_type=\"container\">\n\t\t\t\t\t<div class=\"e-con-inner\">\n\t\t\t\t<div class=\"elementor-element elementor-element-7adf957 elementor-widget elementor-widget-spacer\" data-id=\"7adf957\" data-element_type=\"widget\" data-widget_type=\"spacer.default\">\n\t\t\t\t\t\t\t<div class=\"elementor-spacer\">\n\t\t\t<div class=\"elementor-spacer-inner\"><\/div>\n\t\t<\/div>\n\t\t\t\t\t\t<\/div>\n\t\t\t\t<div class=\"elementor-element elementor-element-3b0829d elementor-widget elementor-widget-text-editor\" data-id=\"3b0829d\" data-element_type=\"widget\" data-widget_type=\"text-editor.default\">\n\t\t\t\t\t\t\t\t\t<div class=\"flex max-w-full flex-col flex-grow\">\n<div class=\"min-h-8 text-message flex w-full flex-col items-end gap-2 whitespace-normal break-words text-start [.text-message+&amp;]:mt-5\" dir=\"auto\" data-message-author-role=\"assistant\" data-message-id=\"33d5394b-0032-4d1a-84ce-13c1cbe67b7d\" data-message-model-slug=\"gpt-4o\">\n<div class=\"flex w-full flex-col gap-1 empty:hidden first:pt-[3px]\">\n<div class=\"markdown prose w-full break-words dark:prose-invert light\">\n<p style=\"text-align: center;\"><em>A gift in memory of a loved one or friend who has passed away is a beautiful way to honour their legacy. It can make a real difference in the lives of people currently living with cancer. <\/em><\/p>\n<\/div>\n<\/div>\n<\/div>\n<\/div>\n\t\t\t\t\t\t\t\t<\/div>\n\t\t\t\t<div class=\"elementor-element elementor-element-e13460e elementor-align-center elementor-widget elementor-widget-button\" data-id=\"e13460e\" data-element_type=\"widget\" data-widget_type=\"button.default\">\n\t\t\t\t\t\t\t\t\t\t<a class=\"elementor-button elementor-button-link elementor-size-sm\" href=\"https:\/\/interland3.donorperfect.net\/weblink\/weblink.aspx?name=E355348QE&#038;id=19\">\n\t\t\t\t\t\t<span class=\"elementor-button-content-wrapper\">\n\t\t\t\t\t\t\t\t\t<span class=\"elementor-button-text\">Faire un don<\/span>\n\t\t\t\t\t<\/span>\n\t\t\t\t\t<\/a>\n\t\t\t\t\t\t\t\t<\/div>\n\t\t\t\t<div class=\"elementor-element elementor-element-ae25879 elementor-widget elementor-widget-spacer\" data-id=\"ae25879\" data-element_type=\"widget\" data-widget_type=\"spacer.default\">\n\t\t\t\t\t\t\t<div class=\"elementor-spacer\">\n\t\t\t<div class=\"elementor-spacer-inner\"><\/div>\n\t\t<\/div>\n\t\t\t\t\t\t<\/div>\n\t\t\t\t\t<\/div>\n\t\t\t\t<\/div>\n\t\t\t\t<\/div>\n\t\t","protected":false},"excerpt":{"rendered":"<p>Toujours dans nos c\u0153urs Cette page est d\u00e9di\u00e9e \u00e0 la m\u00e9moire des participants du Centre de bien-\u00eatre de l&rsquo;Ouest-de-l&rsquo;\u00cele pour personnes atteintes de cancer qui ne sont plus parmi nous. Nous nous souvenons d&rsquo;eux avec amour, gratitude et un profond respect. Masoon Balouch Jen Yu Hsiao Daniel O&rsquo;Connor Louise Kralka Willis Sheppard Susan Corrigan Cassandra [&hellip;]<\/p>\n","protected":false},"author":4,"featured_media":0,"parent":0,"menu_order":0,"comment_status":"closed","ping_status":"closed","template":"","meta":{"inline_featured_image":false,"footnotes":""},"class_list":["post-9137","page","type-page","status-publish","hentry"],"_links":{"self":[{"href":"https:\/\/www.wicwc.com\/fr\/wp-json\/wp\/v2\/pages\/9137","targetHints":{"allow":["GET"]}}],"collection":[{"href":"https:\/\/www.wicwc.com\/fr\/wp-json\/wp\/v2\/pages"}],"about":[{"href":"https:\/\/www.wicwc.com\/fr\/wp-json\/wp\/v2\/types\/page"}],"author":[{"embeddable":true,"href":"https:\/\/www.wicwc.com\/fr\/wp-json\/wp\/v2\/users\/4"}],"replies":[{"embeddable":true,"href":"https:\/\/www.wicwc.com\/fr\/wp-json\/wp\/v2\/comments?post=9137"}],"version-history":[{"count":3,"href":"https:\/\/www.wicwc.com\/fr\/wp-json\/wp\/v2\/pages\/9137\/revisions"}],"predecessor-version":[{"id":10428,"href":"https:\/\/www.wicwc.com\/fr\/wp-json\/wp\/v2\/pages\/9137\/revisions\/10428"}],"wp:attachment":[{"href":"https:\/\/www.wicwc.com\/fr\/wp-json\/wp\/v2\/media?parent=9137"}],"curies":[{"name":"wp","href":"https:\/\/api.w.org\/{rel}","templated":true}]}}