{"id":9351,"date":"2025-03-18T16:56:06","date_gmt":"2025-03-18T16:56:06","guid":{"rendered":"https:\/\/34.56.50.226tombola\/"},"modified":"2026-04-21T17:25:11","modified_gmt":"2026-04-21T17:25:11","slug":"tirage","status":"publish","type":"page","link":"https:\/\/www.wicwc.com\/fr\/tirage\/","title":{"rendered":"Tirage"},"content":{"rendered":"\t\t<div data-elementor-type=\"wp-page\" data-elementor-id=\"9351\" class=\"elementor elementor-9351 elementor-9300\" data-elementor-post-type=\"page\">\n\t\t\t\t<div class=\"elementor-element elementor-element-f88496a e-flex e-con-boxed e-con e-parent\" data-id=\"f88496a\" data-element_type=\"container\">\n\t\t\t\t\t<div class=\"e-con-inner\">\n\t\t\t\t<div class=\"elementor-element elementor-element-04e2e4c elementor-widget elementor-widget-spacer\" data-id=\"04e2e4c\" data-element_type=\"widget\" data-widget_type=\"spacer.default\">\n\t\t\t\t\t\t\t<div class=\"elementor-spacer\">\n\t\t\t<div class=\"elementor-spacer-inner\"><\/div>\n\t\t<\/div>\n\t\t\t\t\t\t<\/div>\n\t\t\t\t<div class=\"elementor-element elementor-element-f5d76ac elementor-widget__width-initial elementor-widget elementor-widget-image\" data-id=\"f5d76ac\" data-element_type=\"widget\" data-widget_type=\"image.default\">\n\t\t\t\t\t\t\t\t\t\t\t\t\t\t\t<img fetchpriority=\"high\" decoding=\"async\" width=\"1120\" height=\"630\" src=\"https:\/\/www.wicwc.com\/wp-content\/uploads\/2026\/03\/COTB-2026-Rafflebox-ticket-1-1.png\" class=\"attachment-full size-full wp-image-10238\" alt=\"\" srcset=\"https:\/\/www.wicwc.com\/wp-content\/uploads\/2026\/03\/COTB-2026-Rafflebox-ticket-1-1.png 1120w, https:\/\/www.wicwc.com\/wp-content\/uploads\/2026\/03\/COTB-2026-Rafflebox-ticket-1-1-300x169.png 300w, https:\/\/www.wicwc.com\/wp-content\/uploads\/2026\/03\/COTB-2026-Rafflebox-ticket-1-1-1024x576.png 1024w, https:\/\/www.wicwc.com\/wp-content\/uploads\/2026\/03\/COTB-2026-Rafflebox-ticket-1-1-768x432.png 768w\" sizes=\"(max-width: 1120px) 100vw, 1120px\" \/>\t\t\t\t\t\t\t\t\t\t\t\t\t\t\t<\/div>\n\t\t\t\t<div class=\"elementor-element elementor-element-2a750b5 elementor-widget elementor-widget-spacer\" data-id=\"2a750b5\" data-element_type=\"widget\" data-widget_type=\"spacer.default\">\n\t\t\t\t\t\t\t<div class=\"elementor-spacer\">\n\t\t\t<div class=\"elementor-spacer-inner\"><\/div>\n\t\t<\/div>\n\t\t\t\t\t\t<\/div>\n\t\t\t\t\t<\/div>\n\t\t\t\t<\/div>\n\t\t<div class=\"elementor-element elementor-element-4c148b4 e-flex e-con-boxed e-con e-parent\" data-id=\"4c148b4\" data-element_type=\"container\">\n\t\t\t\t\t<div class=\"e-con-inner\">\n\t\t\t\t<div class=\"elementor-element elementor-element-469ab65 elementor-widget elementor-widget-heading\" data-id=\"469ab65\" data-element_type=\"widget\" data-widget_type=\"heading.default\">\n\t\t\t\t\t<h2 class=\"elementor-heading-title elementor-size-default\">Tirage termin\u00e9 \u2013 Merci!<\/h2>\t\t\t\t<\/div>\n\t\t\t\t<div class=\"elementor-element elementor-element-bd51180 elementor-widget elementor-widget-text-editor\" data-id=\"bd51180\" data-element_type=\"widget\" data-widget_type=\"text-editor.default\">\n\t\t\t\t\t\t\t\t\t<p><strong>Le tirage est maintenant ferm\u00e9 depuis le 21 avril \u00e0 12 h.<\/strong><\/p><p>Merci \u00e0 toutes les personnes qui ont particip\u00e9 et soutenu le Centre de bien\u2011\u00eatre de l\u2019Ouest\u2011de\u2011l\u2019\u00cele pour personnes atteintes de cancer, un organisme de bienfaisance enregistr\u00e9 qui offre gratuitement des programmes de mieux\u2011\u00eatre aux personnes vivant avec le cancer ainsi qu\u2019\u00e0 leurs proches. Ces programmes soutiennent le mieux\u2011\u00eatre gr\u00e2ce \u00e0 nos 7 piliers et sont enti\u00e8rement financ\u00e9s par des dons et des collectes de fonds communautaires comme ce tirage.<\/p><p>F\u00e9licitations \u00e0 tous les gagnants, la liste se trouve ci\u2011dessous.<\/p><ul><li data-section-id=\"1ceof0b\" data-start=\"51\" data-end=\"93\"><strong data-start=\"53\" data-end=\"70\">Marc Desbiens<\/strong> \u2014 Billets Air Canada<\/li><li data-section-id=\"1l6jm4r\" data-start=\"94\" data-end=\"156\"><strong data-start=\"96\" data-end=\"113\">Laura Pallett<\/strong> \u2014 Grand Prix du Canada de Formule 1 2026<\/li><li data-section-id=\"yt56yq\" data-start=\"157\" data-end=\"225\"><strong data-start=\"159\" data-end=\"178\">Chantal Carrier<\/strong> \u2014 Cours de voile au Pointe-Claire Yacht Club<\/li><li data-section-id=\"k57251\" data-start=\"226\" data-end=\"274\"><strong data-start=\"228\" data-end=\"248\">Florbela Almeida<\/strong> \u2014 T\u00e9l\u00e9viseur DEL 4K UHD<\/li><li data-section-id=\"1tspogi\" data-start=\"275\" data-end=\"335\"><strong data-start=\"277\" data-end=\"294\">Cynthia Jared<\/strong> \u2014 Borne de recharge \u00e9lectrique Leviton<\/li><li data-section-id=\"qrl5x\" data-start=\"336\" data-end=\"370\"><strong data-start=\"338\" data-end=\"353\">C\u00e9cile B\u00eaty<\/strong> \u2014 V\u00e9lo hybride<\/li><li data-section-id=\"10lzi5u\" data-start=\"371\" data-end=\"433\"><strong data-start=\"373\" data-end=\"388\">Claudia Leo<\/strong> \u2014 Ensemble de couette et draps Dormez-vous<\/li><li data-section-id=\"aa20gw\" data-start=\"434\" data-end=\"489\"><strong data-start=\"436\" data-end=\"455\">Guylaine Julien<\/strong> \u2014 Panier-cadeau de La Casa 1492<\/li><li data-section-id=\"1v0m9yw\" data-start=\"490\" data-end=\"547\"><strong data-start=\"492\" data-end=\"511\">Joseph Ferlaino<\/strong> \u2014 Quatuor de golf \u00e0 Saint-Rapha\u00ebl<\/li><li data-section-id=\"1e0trke\" data-start=\"548\" data-end=\"611\"><strong data-start=\"550\" data-end=\"567\">Mich\u00e8le H\u00e9nen<\/strong> \u2014 Certificat-cadeau Victoria Park Medispa<\/li><li data-section-id=\"uqmoku\" data-start=\"612\" data-end=\"687\"><strong data-start=\"614\" data-end=\"635\">Joanna Broccolini<\/strong> \u2014 Refroidisseur \u00e0 vin (Canadian Appliance Source)<\/li><li data-section-id=\"123dpmr\" data-start=\"688\" data-end=\"755\"><strong data-start=\"690\" data-end=\"711\">Teresa Broccolini<\/strong> \u2014 Foyer ext\u00e9rieur Coronado (Club Piscine)<\/li><li data-section-id=\"k4cqnr\" data-start=\"756\" data-end=\"869\"><strong data-start=\"758\" data-end=\"776\">Sheila Laursen<\/strong> \u2014 Courtyard Marriott Baie-d\u2019Urf\u00e9 (s\u00e9jour d\u2019une nuit et carte-cadeau de 50 $ au restaurant)<\/li><li data-section-id=\"i92pxw\" data-start=\"870\" data-end=\"936\"><strong data-start=\"872\" data-end=\"890\">Jasmine Kooner<\/strong> \u2014 Carte-cadeau de 250 $ au restaurant Mundo<\/li><li data-section-id=\"qt3ldb\" data-start=\"937\" data-end=\"996\"><strong data-start=\"939\" data-end=\"959\">Suzanne Trottier<\/strong> \u2014 Carte-cadeau du restaurant Bijou<\/li><\/ul>\t\t\t\t\t\t\t\t<\/div>\n\t\t\t\t<div class=\"elementor-element elementor-element-3708fa7 elementor-align-center elementor-widget elementor-widget-button\" data-id=\"3708fa7\" data-element_type=\"widget\" data-widget_type=\"button.default\">\n\t\t\t\t\t\t\t\t\t\t<a class=\"elementor-button elementor-button-link elementor-size-sm\" href=\"https:\/\/www.rafflebox.ca\/raffle\/wicwc-cotb2026\">\n\t\t\t\t\t\t<span class=\"elementor-button-content-wrapper\">\n\t\t\t\t\t\t\t\t\t<span class=\"elementor-button-text\">Voir le tirage<\/span>\n\t\t\t\t\t<\/span>\n\t\t\t\t\t<\/a>\n\t\t\t\t\t\t\t\t<\/div>\n\t\t\t\t\t<\/div>\n\t\t\t\t<\/div>\n\t\t<div class=\"elementor-element elementor-element-c667e7c e-flex e-con-boxed e-con e-parent\" data-id=\"c667e7c\" data-element_type=\"container\">\n\t\t\t\t\t<div class=\"e-con-inner\">\n\t\t\t\t<div class=\"elementor-element elementor-element-3b0fb91 elementor-widget elementor-widget-spacer\" data-id=\"3b0fb91\" data-element_type=\"widget\" data-widget_type=\"spacer.default\">\n\t\t\t\t\t\t\t<div class=\"elementor-spacer\">\n\t\t\t<div class=\"elementor-spacer-inner\"><\/div>\n\t\t<\/div>\n\t\t\t\t\t\t<\/div>\n\t\t\t\t\t<\/div>\n\t\t\t\t<\/div>\n\t\t\t\t<\/div>\n\t\t","protected":false},"excerpt":{"rendered":"<p>Tirage termin\u00e9 \u2013 Merci! Le tirage est maintenant ferm\u00e9 depuis le 21 avril \u00e0 12 h. Merci \u00e0 toutes les personnes qui ont particip\u00e9 et soutenu le Centre de bien\u2011\u00eatre de l\u2019Ouest\u2011de\u2011l\u2019\u00cele pour personnes atteintes de cancer, un organisme de bienfaisance enregistr\u00e9 qui offre gratuitement des programmes de mieux\u2011\u00eatre aux personnes vivant avec le cancer [&hellip;]<\/p>\n","protected":false},"author":4,"featured_media":0,"parent":0,"menu_order":0,"comment_status":"closed","ping_status":"closed","template":"","meta":{"inline_featured_image":false,"footnotes":""},"class_list":["post-9351","page","type-page","status-publish","hentry"],"_links":{"self":[{"href":"https:\/\/www.wicwc.com\/fr\/wp-json\/wp\/v2\/pages\/9351","targetHints":{"allow":["GET"]}}],"collection":[{"href":"https:\/\/www.wicwc.com\/fr\/wp-json\/wp\/v2\/pages"}],"about":[{"href":"https:\/\/www.wicwc.com\/fr\/wp-json\/wp\/v2\/types\/page"}],"author":[{"embeddable":true,"href":"https:\/\/www.wicwc.com\/fr\/wp-json\/wp\/v2\/users\/4"}],"replies":[{"embeddable":true,"href":"https:\/\/www.wicwc.com\/fr\/wp-json\/wp\/v2\/comments?post=9351"}],"version-history":[{"count":13,"href":"https:\/\/www.wicwc.com\/fr\/wp-json\/wp\/v2\/pages\/9351\/revisions"}],"predecessor-version":[{"id":10407,"href":"https:\/\/www.wicwc.com\/fr\/wp-json\/wp\/v2\/pages\/9351\/revisions\/10407"}],"wp:attachment":[{"href":"https:\/\/www.wicwc.com\/fr\/wp-json\/wp\/v2\/media?parent=9351"}],"curies":[{"name":"wp","href":"https:\/\/api.w.org\/{rel}","templated":true}]}}