{"id":9620,"date":"2025-07-24T17:24:49","date_gmt":"2025-07-24T17:24:49","guid":{"rendered":"https:\/\/34.56.50.226jardin-dinspiration\/"},"modified":"2025-10-23T12:48:32","modified_gmt":"2025-10-23T12:48:32","slug":"jardin-dinspiration","status":"publish","type":"page","link":"https:\/\/www.wicwc.com\/fr\/jardin-dinspiration\/","title":{"rendered":"Jardin d&rsquo;inspiration"},"content":{"rendered":"\t\t<div data-elementor-type=\"wp-page\" data-elementor-id=\"9620\" class=\"elementor elementor-9620 elementor-9618\" data-elementor-post-type=\"page\">\n\t\t\t\t<div class=\"elementor-element elementor-element-c2c27cb e-con-full e-flex e-con e-parent\" data-id=\"c2c27cb\" data-element_type=\"container\" data-settings=\"{&quot;background_background&quot;:&quot;classic&quot;}\">\n\t\t\t\t<div class=\"elementor-element elementor-element-96f3494 elementor-widget elementor-widget-heading\" data-id=\"96f3494\" data-element_type=\"widget\" data-widget_type=\"heading.default\">\n\t\t\t\t\t<h2 class=\"elementor-heading-title elementor-size-default\">Jardin d'inspiration<\/h2>\t\t\t\t<\/div>\n\t\t\t\t<div class=\"elementor-element elementor-element-0af0cab elementor-widget elementor-widget-heading\" data-id=\"0af0cab\" data-element_type=\"widget\" data-widget_type=\"heading.default\">\n\t\t\t\t\t<h6 class=\"elementor-heading-title elementor-size-default\">Votre soutien facilite la vie avec le cancer<\/h6>\t\t\t\t<\/div>\n\t\t\t\t<div class=\"elementor-element elementor-element-3531e35 elementor-align-center elementor-widget elementor-widget-button\" data-id=\"3531e35\" data-element_type=\"widget\" data-widget_type=\"button.default\">\n\t\t\t\t\t\t\t\t\t\t<a class=\"elementor-button elementor-button-link elementor-size-sm\" href=\"http:\/\/weblink.donorperfect.com\/wicwc-jardin\">\n\t\t\t\t\t\t<span class=\"elementor-button-content-wrapper\">\n\t\t\t\t\t\t\t\t\t<span class=\"elementor-button-text\">Soutenir aujourd'hui<\/span>\n\t\t\t\t\t<\/span>\n\t\t\t\t\t<\/a>\n\t\t\t\t\t\t\t\t<\/div>\n\t\t\t\t<\/div>\n\t\t<div class=\"elementor-element elementor-element-a74edcb e-con-full e-flex e-con e-parent\" data-id=\"a74edcb\" data-element_type=\"container\">\n\t\t\t\t<div class=\"elementor-element elementor-element-52bd64d elementor-widget elementor-widget-spacer\" data-id=\"52bd64d\" data-element_type=\"widget\" data-widget_type=\"spacer.default\">\n\t\t\t\t\t\t\t<div class=\"elementor-spacer\">\n\t\t\t<div class=\"elementor-spacer-inner\"><\/div>\n\t\t<\/div>\n\t\t\t\t\t\t<\/div>\n\t\t\t\t<div class=\"elementor-element elementor-element-a9fdc1f elementor-widget elementor-widget-heading\" data-id=\"a9fdc1f\" data-element_type=\"widget\" data-widget_type=\"heading.default\">\n\t\t\t\t\t<h2 class=\"elementor-heading-title elementor-size-default\">Soutenez le Centre avec une plaque<\/h2>\t\t\t\t<\/div>\n\t\t\t\t<div class=\"elementor-element elementor-element-f91e6d4 elementor-widget__width-initial elementor-widget elementor-widget-text-editor\" data-id=\"f91e6d4\" data-element_type=\"widget\" data-widget_type=\"text-editor.default\">\n\t\t\t\t\t\t\t\t\t<p data-start=\"107\" data-end=\"447\">Le <strong data-start=\"110\" data-end=\"137\">Jardin d&rsquo;inspiration<\/strong> du Centre de bien-\u00eatre de l\u2019Ouest-de-l\u2019\u00cele pour les personnes atteintes de cancer est un espace apaisant, con\u00e7u pour les personnes vivant avec le cancer ainsi que pour ceux et celles qui les soutiennent. Il offre un lieu de calme, de r\u00e9flexion et de r\u00e9confort durant les moments les plus \u00e9prouvants de la vie.<\/p>\n<p data-start=\"449\" data-end=\"994\">Vous pouvez rendre hommage \u00e0 une personne qui compte pour vous \u2014 un ami, un membre de la famille, un coll\u00e8gue ou m\u00eame une entreprise \u2014 en achetant une plaque comm\u00e9morative dans le Jardin. En faisant un don de <strong data-start=\"658\" data-end=\"684\">300 $<\/strong>, vous nous aiderez \u00e0 continuer d\u2019offrir gratuitement du soutien et des soins empreints de compassion aux personnes touch\u00e9es par le cancer. En guise de remerciement sinc\u00e8re, un nom de votre choix sera grav\u00e9 sur une plaque install\u00e9e dans notre jardin hommage \u2014 un symbole de g\u00e9n\u00e9rosit\u00e9, d\u2019espoir et de gu\u00e9rison. <em>Toutes les nouvelles contributions seront install\u00e9es au printemps.<\/em><\/p>\n<p><strong>OUI, je souhaite laisser un hommage durable dans le jardin et offrir du r\u00e9confort \u00e0 une personne vivant avec le cancer :<\/strong> <a href=\"http:\/\/weblink.donorperfect.com\/wicwc-jardin\">Cliquez ici<\/a><\/p>\n<p><em>Merci de nous aider \u00e0 cr\u00e9er un espace de gu\u00e9rison, de gratitude et d&rsquo;hommage.<\/em><\/p>\n\t\t\t\t\t\t\t\t<\/div>\n\t\t\t\t<div class=\"elementor-element elementor-element-b59e26c elementor-widget-divider--view-line elementor-widget elementor-widget-divider\" data-id=\"b59e26c\" data-element_type=\"widget\" data-widget_type=\"divider.default\">\n\t\t\t\t\t\t\t<div class=\"elementor-divider\">\n\t\t\t<span class=\"elementor-divider-separator\">\n\t\t\t\t\t\t<\/span>\n\t\t<\/div>\n\t\t\t\t\t\t<\/div>\n\t\t\t\t<\/div>\n\t\t<div class=\"elementor-element elementor-element-c406dbe e-flex e-con-boxed e-con e-parent\" data-id=\"c406dbe\" data-element_type=\"container\">\n\t\t\t\t\t<div class=\"e-con-inner\">\n\t\t\t\t<div class=\"elementor-element elementor-element-ee5e150 elementor-widget__width-initial elementor-widget elementor-widget-heading\" data-id=\"ee5e150\" data-element_type=\"widget\" data-widget_type=\"heading.default\">\n\t\t\t\t\t<h3 class=\"elementor-heading-title elementor-size-default\">Prenez le temps de visiter le jardin et pensez \u00e0 rendre hommage \u00e0 une personne qui vous a inspir\u00e9.<\/h3>\t\t\t\t<\/div>\n\t\t\t\t\t<\/div>\n\t\t\t\t<\/div>\n\t\t<div class=\"elementor-element elementor-element-7aa47f9 e-con-full e-flex e-con e-parent\" data-id=\"7aa47f9\" data-element_type=\"container\">\n\t\t\t\t<div class=\"elementor-element elementor-element-7a0931d elementor-widget elementor-widget-video\" data-id=\"7a0931d\" data-element_type=\"widget\" data-settings=\"{&quot;youtube_url&quot;:&quot;https:\\\/\\\/youtu.be\\\/RFnUP3rtSEg&quot;,&quot;video_type&quot;:&quot;youtube&quot;,&quot;controls&quot;:&quot;yes&quot;}\" data-widget_type=\"video.default\">\n\t\t\t\t\t\t\t<div class=\"elementor-wrapper elementor-open-inline\">\n\t\t\t<div class=\"elementor-video\"><\/div>\t\t<\/div>\n\t\t\t\t\t\t<\/div>\n\t\t\t\t<\/div>\n\t\t<div class=\"elementor-element elementor-element-ed81e7a e-flex e-con-boxed e-con e-parent\" data-id=\"ed81e7a\" data-element_type=\"container\">\n\t\t\t\t\t<div class=\"e-con-inner\">\n\t\t\t\t<div class=\"elementor-element elementor-element-c90975e elementor-widget elementor-widget-spacer\" data-id=\"c90975e\" data-element_type=\"widget\" data-widget_type=\"spacer.default\">\n\t\t\t\t\t\t\t<div class=\"elementor-spacer\">\n\t\t\t<div class=\"elementor-spacer-inner\"><\/div>\n\t\t<\/div>\n\t\t\t\t\t\t<\/div>\n\t\t\t\t\t<\/div>\n\t\t\t\t<\/div>\n\t\t\t\t<\/div>\n\t\t","protected":false},"excerpt":{"rendered":"<p>Jardin d&rsquo;inspiration Votre soutien facilite la vie avec le cancer Soutenir aujourd&rsquo;hui Soutenez le Centre avec une plaque Le Jardin d&rsquo;inspiration du Centre de bien-\u00eatre de l\u2019Ouest-de-l\u2019\u00cele pour les personnes atteintes de cancer est un espace apaisant, con\u00e7u pour les personnes vivant avec le cancer ainsi que pour ceux et celles qui les soutiennent. Il [&hellip;]<\/p>\n","protected":false},"author":4,"featured_media":0,"parent":0,"menu_order":0,"comment_status":"closed","ping_status":"closed","template":"","meta":{"inline_featured_image":false,"footnotes":""},"class_list":["post-9620","page","type-page","status-publish","hentry"],"_links":{"self":[{"href":"https:\/\/www.wicwc.com\/fr\/wp-json\/wp\/v2\/pages\/9620","targetHints":{"allow":["GET"]}}],"collection":[{"href":"https:\/\/www.wicwc.com\/fr\/wp-json\/wp\/v2\/pages"}],"about":[{"href":"https:\/\/www.wicwc.com\/fr\/wp-json\/wp\/v2\/types\/page"}],"author":[{"embeddable":true,"href":"https:\/\/www.wicwc.com\/fr\/wp-json\/wp\/v2\/users\/4"}],"replies":[{"embeddable":true,"href":"https:\/\/www.wicwc.com\/fr\/wp-json\/wp\/v2\/comments?post=9620"}],"version-history":[{"count":0,"href":"https:\/\/www.wicwc.com\/fr\/wp-json\/wp\/v2\/pages\/9620\/revisions"}],"wp:attachment":[{"href":"https:\/\/www.wicwc.com\/fr\/wp-json\/wp\/v2\/media?parent=9620"}],"curies":[{"name":"wp","href":"https:\/\/api.w.org\/{rel}","templated":true}]}}