{"id":9649,"date":"2025-08-05T18:19:37","date_gmt":"2025-08-05T18:19:37","guid":{"rendered":"https:\/\/34.56.50.226rejoindre-notre-equipe-2\/"},"modified":"2026-05-12T12:44:42","modified_gmt":"2026-05-12T12:44:42","slug":"rejoindre-notre-equipe","status":"publish","type":"page","link":"https:\/\/www.wicwc.com\/fr\/rejoindre-notre-equipe\/","title":{"rendered":"Rejoindre notre \u00e9quipe"},"content":{"rendered":"\t\t<div data-elementor-type=\"wp-page\" data-elementor-id=\"9649\" class=\"elementor elementor-9649 elementor-9645\" data-elementor-post-type=\"page\">\n\t\t\t\t<div class=\"elementor-element elementor-element-0ce3f59 e-con-full e-flex e-con e-parent\" data-id=\"0ce3f59\" data-element_type=\"container\" data-settings=\"{&quot;background_background&quot;:&quot;classic&quot;}\">\n\t\t\t\t<div class=\"elementor-element elementor-element-aa4f623 elementor-widget elementor-widget-heading\" data-id=\"aa4f623\" data-element_type=\"widget\" data-widget_type=\"heading.default\">\n\t\t\t\t\t<h2 class=\"elementor-heading-title elementor-size-default\">Rejoindre notre \u00e9quipe<\/h2>\t\t\t\t<\/div>\n\t\t\t\t<\/div>\n\t\t<div class=\"elementor-element elementor-element-9825ede e-con-full e-flex e-con e-parent\" data-id=\"9825ede\" data-element_type=\"container\">\n\t\t\t\t<div class=\"elementor-element elementor-element-8478442 elementor-widget elementor-widget-spacer\" data-id=\"8478442\" data-element_type=\"widget\" data-widget_type=\"spacer.default\">\n\t\t\t\t\t\t\t<div class=\"elementor-spacer\">\n\t\t\t<div class=\"elementor-spacer-inner\"><\/div>\n\t\t<\/div>\n\t\t\t\t\t\t<\/div>\n\t\t\t\t<div class=\"elementor-element elementor-element-98e7d42 elementor-widget elementor-widget-heading\" data-id=\"98e7d42\" data-element_type=\"widget\" data-widget_type=\"heading.default\">\n\t\t\t\t\t<h3 class=\"elementor-heading-title elementor-size-default\">Aucun poste n'est actuellement disponible<\/h3>\t\t\t\t<\/div>\n\t\t\t\t<div class=\"elementor-element elementor-element-98d6021 elementor-widget elementor-widget-text-editor\" data-id=\"98d6021\" data-element_type=\"widget\" data-widget_type=\"text-editor.default\">\n\t\t\t\t\t\t\t\t\t<p>Si vous souhaitez faire une r\u00e9elle diff\u00e9rence, nous vous invitons \u00e0 <a href=\"https:\/\/www.wicwc.com\/fr\/devenez-benevole\/\">devenir b\u00e9n\u00e9vole parmi nous<\/a>.<\/p>\n\t\t\t\t\t\t\t\t<\/div>\n\t\t\t\t<div class=\"elementor-element elementor-element-49cb4b3 elementor-widget elementor-widget-spacer\" data-id=\"49cb4b3\" data-element_type=\"widget\" data-widget_type=\"spacer.default\">\n\t\t\t\t\t\t\t<div class=\"elementor-spacer\">\n\t\t\t<div class=\"elementor-spacer-inner\"><\/div>\n\t\t<\/div>\n\t\t\t\t\t\t<\/div>\n\t\t\t\t<\/div>\n\t\t\t\t<\/div>\n\t\t","protected":false},"excerpt":{"rendered":"<p>Rejoindre notre \u00e9quipe Aucun poste n&rsquo;est actuellement disponible Si vous souhaitez faire une r\u00e9elle diff\u00e9rence, nous vous invitons \u00e0 devenir b\u00e9n\u00e9vole parmi nous.<\/p>\n","protected":false},"author":4,"featured_media":0,"parent":0,"menu_order":0,"comment_status":"closed","ping_status":"closed","template":"","meta":{"inline_featured_image":false,"footnotes":""},"class_list":["post-9649","page","type-page","status-publish","hentry"],"_links":{"self":[{"href":"https:\/\/www.wicwc.com\/fr\/wp-json\/wp\/v2\/pages\/9649","targetHints":{"allow":["GET"]}}],"collection":[{"href":"https:\/\/www.wicwc.com\/fr\/wp-json\/wp\/v2\/pages"}],"about":[{"href":"https:\/\/www.wicwc.com\/fr\/wp-json\/wp\/v2\/types\/page"}],"author":[{"embeddable":true,"href":"https:\/\/www.wicwc.com\/fr\/wp-json\/wp\/v2\/users\/4"}],"replies":[{"embeddable":true,"href":"https:\/\/www.wicwc.com\/fr\/wp-json\/wp\/v2\/comments?post=9649"}],"version-history":[{"count":7,"href":"https:\/\/www.wicwc.com\/fr\/wp-json\/wp\/v2\/pages\/9649\/revisions"}],"predecessor-version":[{"id":10445,"href":"https:\/\/www.wicwc.com\/fr\/wp-json\/wp\/v2\/pages\/9649\/revisions\/10445"}],"wp:attachment":[{"href":"https:\/\/www.wicwc.com\/fr\/wp-json\/wp\/v2\/media?parent=9649"}],"curies":[{"name":"wp","href":"https:\/\/api.w.org\/{rel}","templated":true}]}}